{"id":5084,"date":"2021-02-10T08:22:14","date_gmt":"2021-02-10T08:22:14","guid":{"rendered":"https:\/\/integraliah.com\/?page_id=5084"},"modified":"2021-04-04T09:52:25","modified_gmt":"2021-04-04T09:52:25","slug":"learn-more-about-us","status":"publish","type":"page","link":"https:\/\/integraliah.com\/fr\/learn-more-about-us\/","title":{"rendered":"Learn More About Us"},"content":{"rendered":"<h2>Bienvenue chez Integraliah<\/h2>\n<p>Ever wanted to negotiate prices at the shouk, watch Israeli <a href=\"https:\/\/integraliah.com\/fr\/the-5-best-israeli-tv-shows-to-learn-hebrew\/\">de regarder des s\u00e9ries isra\u00e9liennes<\/a> and understand what your Israeli co-workers are saying? At Integraliah, you\u2019ll learn Hebrew in a fun, dynamic and practical&nbsp;way while connecting to the uniquely amazing Israeli society and culture.<br \/>\n0<br \/>\nHeure de cours donn\u00e9es<br \/>\n0<br \/>\nEtudiants en Isra\u00ebl et \u00e0 travers le monde<br \/>\n0<br \/>\nNombre de programmes moyen par \u00e9tudiant chez Integraliah<br \/>\n0<br \/>\n%<br \/>\nDe nos \u00e9l\u00e8ves nous recommandent!<\/p>\n<h3>\n\t\t\t\t\tLearn The Fundamentals<\/h3>\n<p>Read, write, conjugate verbs and build sentences like an Israeli.<\/p>\n<h3>\n\t\t\t\t\tDare To Speak<\/h3>\n<p>It&#8217;s not only about learning Hebrew, it&#8217;s about speaking it! In every class, you&#8217;ll have to talk and express your opinion!<\/p>\n<h3>\n\t\t\t\t\tConnect to your Israeli Identity<\/h3>\n<p>Our classes will expose you to crucial aspects of the Israeli culture: the main Israeli politicians, tv shows, singers, writers, historical events&#8230;Be ready!<\/p>\n<h3>\n\t\t\t\t\tSmall Groups And Flexible Hours<\/h3>\n<p>Programs from 8am to 10pm every day, and for all levels!<br \/>\nNot more than 7 students in each class.<\/p>\n<h1>Vous souhaitez \u00eatre contact\u00e9? Laissez-nous vos coordonn\u00e9es!<\/h1>\n<p>Boostez votre h\u00e9breu en 30 secondes!<\/p>\n<p><iframe title=\"5 Words in 30 Seconds with Integraliah - at the Shouk\" width=\"800\" height=\"450\" src=\"https:\/\/www.youtube.com\/embed\/u3cxxE02VC8?feature=oembed\" frameborder=\"0\" allow=\"accelerometer; autoplay; clipboard-write; encrypted-media; gyroscope; picture-in-picture\" allowfullscreen><\/iframe><\/p>\n<h2>What will you learn?<\/h2>\n<h1>D\u00e9butant<\/h1>\n<p>Votre objectif: ma\u00eetriser l'alphabet sur le bout des doigts et mener vos premi\u00e8res conversations en h\u00e9breu&nbsp;<\/p>\n<h1>Alef<\/h1>\n<p>Votre objectif: apprendre le vocabulaire n\u00e9cessaire pour vous d\u00e9brouiller dans toutes les situations du quotidien en h\u00e9breu!<\/p>\n<h1>alef+<\/h1>\n<p>Your goal is to be able to express yourself and react in Hebrew, get to know the Israeli slang, culture and&nbsp;society!<\/p>\n<h1>Beth<\/h1>\n<p>Votre objectif: regarder les informations et des \u00e9missions de t\u00e9l\u00e9vision sans difficult\u00e9, exprimer votre opinion en h\u00e9breu sans vous sentir limit\u00e9<br \/>\nwithout feeling limited or frustrated !<\/p>\n<h1>totahim<\/h1>\n<p>finally break the language barrier : speak, read and write like a \u201ctzabar\u201d&nbsp;in all the fields that are relevant to the Israeli life<\/p>\n<p><a href=\"#my-anchor\" role=\"button\"><br \/>\nGET IN TOUCH<br \/>\n<\/a><\/p>\n<figure><img decoding=\"async\" src=\"https:\/\/integraliah.com\/wp-content\/uploads\/photo-cours-300x300.jpeg\" alt=\"photo cours\"><\/figure>\n<figure><img decoding=\"async\" src=\"https:\/\/integraliah.com\/wp-content\/uploads\/40204874_1642017782594423_6731984018092326912_n-e1563433259429-300x300.jpg\" alt=\"40204874_1642017782594423_6731984018092326912_n\"><\/figure>\n<figure><img decoding=\"async\" src=\"https:\/\/integraliah.com\/wp-content\/uploads\/LEARN-HEBREW-WHEREVER-YOU-ARE-3-300x300.png\" alt=\"LEARN HEBREW WHEREVER YOU ARE (3)\"><\/figure>\n<figure><img decoding=\"async\" src=\"https:\/\/integraliah.com\/wp-content\/uploads\/one-on-one1-300x300.jpeg\" alt=\"one-on-one1\"><\/figure>\n<figure><img decoding=\"async\" src=\"https:\/\/integraliah.com\/wp-content\/uploads\/ulpan2-300x300.jpg\" alt=\"ulpan2\"><\/figure>\n<figure><img decoding=\"async\" src=\"https:\/\/integraliah.com\/wp-content\/uploads\/ulpan1-300x300.jpg\" alt=\"ulpan1\"><\/figure>\n<figure><img decoding=\"async\" src=\"https:\/\/integraliah.com\/wp-content\/uploads\/ulpan3-300x300.jpg\" alt=\"ulpan3\"><\/figure>\n<h2>Qu'en pensent nos \u00e9l\u00e8ves?<\/h2>\n<p><img fetchpriority=\"high\" decoding=\"async\" width=\"900\" height=\"620\" src=\"https:\/\/integraliah.com\/wp-content\/uploads\/doris-min.jpg\" alt=\"\" srcset=\"https:\/\/integraliah.com\/wp-content\/uploads\/doris-min.jpg 900w, https:\/\/integraliah.com\/wp-content\/uploads\/doris-min-600x413.jpg 600w, https:\/\/integraliah.com\/wp-content\/uploads\/doris-min-300x207.jpg 300w, https:\/\/integraliah.com\/wp-content\/uploads\/doris-min-768x529.jpg 768w\" sizes=\"(max-width: 900px) 100vw, 900px\"><br \/>\nDORIS\u200b<br \/>\nEl\u00e8ve<\/p>\n<p>Tr\u00e8s heureuse d'avoir choisi ce programme, j'ai appris plus en 2 semaines avec Integraliah qu'en une ann\u00e9e compl\u00e8te dans un autre ulpan... Les professeurs sont exceptionnels. Ils font tout pour nous connecter au cours. Merci!<\/p>\n<p><a href=\"#\" role=\"button\"><br \/>\nEn savoir plus<br \/>\n<\/a><br \/>\n<a href=\"#\" role=\"button\"><br \/>\nMoins<br \/>\n<\/a><br \/>\n<img decoding=\"async\" width=\"922\" height=\"640\" src=\"https:\/\/integraliah.com\/wp-content\/uploads\/salome-min.jpg\" alt=\"\" srcset=\"https:\/\/integraliah.com\/wp-content\/uploads\/salome-min.jpg 922w, https:\/\/integraliah.com\/wp-content\/uploads\/salome-min-600x416.jpg 600w, https:\/\/integraliah.com\/wp-content\/uploads\/salome-min-300x208.jpg 300w, https:\/\/integraliah.com\/wp-content\/uploads\/salome-min-768x533.jpg 768w\" sizes=\"(max-width: 922px) 100vw, 922px\"><br \/>\nandrea<br \/>\nCommunity Manager\u200b<\/p>\n<p>Best learning method for day-to-day Hebrew! That&nbsp; changes from traditional Ulpan: small groups, passionated teachers and the lessons focus on what we really need to manage our lives in Israel!&nbsp;&nbsp;<\/p>\n<p><a href=\"#\" role=\"button\"><br \/>\nEn savoir plus<br \/>\n<\/a><br \/>\n<a href=\"#\" role=\"button\"><br \/>\nMoins<br \/>\n<\/a><br \/>\n<img decoding=\"async\" width=\"920\" height=\"640\" src=\"https:\/\/integraliah.com\/wp-content\/uploads\/rachel-min.jpg\" alt=\"\" srcset=\"https:\/\/integraliah.com\/wp-content\/uploads\/rachel-min.jpg 920w, https:\/\/integraliah.com\/wp-content\/uploads\/rachel-min-600x417.jpg 600w, https:\/\/integraliah.com\/wp-content\/uploads\/rachel-min-300x209.jpg 300w, https:\/\/integraliah.com\/wp-content\/uploads\/rachel-min-768x534.jpg 768w\" sizes=\"(max-width: 920px) 100vw, 920px\"><br \/>\nRACHEL<br \/>\nProf de maths<\/p>\n<p>Profs passionn\u00e9s et d\u00e9vou\u00e9s - une p\u00e9dagogie originale, ludique qui nous permet d'\u00e9tudier s\u00e9rieusement et d'avancer rapidement. L'ulpan est en... plein centre de Tel Aviv. A essayer d'urgence.<\/p>\n<p><a href=\"#\" role=\"button\"><br \/>\nEn savoir plus<br \/>\n<\/a><br \/>\n<a href=\"#\" role=\"button\"><br \/>\nMoins<br \/>\n<\/a><\/p>\n<figure><img decoding=\"async\" src=\"https:\/\/integraliah.com\/wp-content\/uploads\/masa-1.png\" alt=\"masa\"><\/figure>\n<figure><img decoding=\"async\" src=\"https:\/\/integraliah.com\/wp-content\/uploads\/9faaae_a396c0df8aa54320bd31c04ddaab6b3c_mv2-1.png\" alt=\"9faaae_a396c0df8aa54320bd31c04ddaab6b3c_mv2\"><\/figure>\n<figure><img decoding=\"async\" src=\"https:\/\/integraliah.com\/wp-content\/uploads\/facebook-1.png\" alt=\"facebook\"><\/figure>\n<figure><img decoding=\"async\" src=\"https:\/\/integraliah.com\/wp-content\/uploads\/qualita.png\" alt=\"qualita\"><\/figure>\n<figure><img decoding=\"async\" src=\"https:\/\/integraliah.com\/wp-content\/uploads\/stage.png\" alt=\"stage\"><\/figure>\n<h1>Vous souhaitez \u00eatre contact\u00e9? Laissez-nous vos coordonn\u00e9es!<\/h1>\n<h2>Our Location IN TEL AVIV<\/h2>\n<p><iframe frameborder=\"0\" scrolling=\"no\" marginheight=\"0\" marginwidth=\"0\" src=\"https:\/\/maps.google.com\/maps?q=Ahuzat%20bayit%203%2C%20Tel%20Aviv&amp;t=m&amp;z=15&amp;output=embed&amp;iwloc=near\" aria-label=\"Ahuzat bayit 3, Tel Aviv\"><\/iframe><\/p>\n<h2>Our Location IN Netanya<\/h2>\n<p><iframe frameborder=\"0\" scrolling=\"no\" marginheight=\"0\" marginwidth=\"0\" src=\"https:\/\/maps.google.com\/maps?q=%D7%A9%D7%9E%D7%90%D7%95%D7%9C%20%D7%94%D7%A0%D7%A6%D7%99%D7%91%2024&amp;t=m&amp;z=15&amp;output=embed&amp;iwloc=near\" aria-label=\"\u05e9\u05de\u05d0\u05d5\u05dc \u05d4\u05e0\u05e6\u05d9\u05d1 24\"><\/iframe><br \/>\n<a href=\"https:\/\/wa.me\/972587167453\"><br \/>\n<\/a><br \/>\n<a href=\"tel: +972587167453\"><br \/>\n<\/a><\/p>\n<h2>integraliah<\/h2>\n<p>Ahuzat Bayit St 3, Tel Aviv-Yafo<\/p>\n<h3>\n\t\t\t\t\tE-mail<\/h3>\n<p>Contact@integraliah.com<\/p>\n<h3>\n\t\t\t\t\tAppelez-nous<\/h3>\n<p>058-716-7453<\/p>\n<p>Instagram<\/p>\n<p><a href=\"https:\/\/www.facebook.com\/integraliah\/\" target=\"_blank\" rel=\"noopener noreferrer\"><br \/>\nFacebook<br \/>\n<\/a><br \/>\n<a href=\"https:\/\/www.youtube.com\/watch?v=rcjaPprlZKU\" target=\"_blank\" rel=\"noopener noreferrer\"><br \/>\nYoutube<br \/>\n<\/a><br \/>\n<a href=\"https:\/\/wa.me\/0587167453\" target=\"_blank\" rel=\"noopener noreferrer\"><br \/>\nWhatsapp<br \/>\n<\/a><\/p>","protected":false},"excerpt":{"rendered":"<p>Welcome to Integraliah Ever wanted to negotiate prices at the shouk, watch Israeli TV shows and understand what your Israeli co-workers are saying? At Integraliah, you\u2019ll learn Hebrew in a fun, dynamic and practical&nbsp;way while connecting to the uniquely amazing Israeli society and culture. 0 Academic Hours Taught 0 Sudents in Israel and abroad 0 [&hellip;]<\/p>\n","protected":false},"author":2,"featured_media":0,"parent":0,"menu_order":0,"comment_status":"closed","ping_status":"closed","template":"elementor_canvas","meta":{"footnotes":""},"class_list":["post-5084","page","type-page","status-publish","hentry"],"yoast_head":"<!-- This site is optimized with the Yoast SEO plugin v27.4 - https:\/\/yoast.com\/product\/yoast-seo-wordpress\/ -->\n<title>Learn More About Us - Integraliah<\/title>\n<meta name=\"robots\" content=\"noindex, nofollow\" \/>\n<meta property=\"og:locale\" content=\"fr_FR\" \/>\n<meta property=\"og:type\" content=\"article\" \/>\n<meta property=\"og:title\" content=\"Learn More About Us - Integraliah\" \/>\n<meta property=\"og:description\" content=\"Welcome to Integraliah Ever wanted to negotiate prices at the shouk, watch Israeli TV shows and understand what your Israeli co-workers are saying? At Integraliah, you\u2019ll learn Hebrew in a fun, dynamic and practical&nbsp;way while connecting to the uniquely amazing Israeli society and culture. 0 Academic Hours Taught 0 Sudents in Israel and abroad 0 [&hellip;]\" \/>\n<meta property=\"og:url\" content=\"https:\/\/integraliah.com\/fr\/learn-more-about-us\/\" \/>\n<meta property=\"og:site_name\" content=\"Ulpan in Tel Aviv &amp; Online\" \/>\n<meta property=\"article:publisher\" content=\"https:\/\/www.facebook.com\/integraliah\" \/>\n<meta property=\"article:modified_time\" content=\"2021-04-04T09:52:25+00:00\" \/>\n<meta property=\"og:image\" content=\"https:\/\/integraliah.com\/wp-content\/uploads\/photo-cours-300x300.jpeg\" \/>\n<meta name=\"twitter:card\" content=\"summary_large_image\" \/>\n<meta name=\"twitter:label1\" content=\"Dur\u00e9e de lecture estim\u00e9e\" \/>\n\t<meta name=\"twitter:data1\" content=\"6 minutes\" \/>\n<script type=\"application\/ld+json\" class=\"yoast-schema-graph\">{\"@context\":\"https:\\\/\\\/schema.org\",\"@graph\":[{\"@type\":\"WebPage\",\"@id\":\"https:\\\/\\\/integraliah.com\\\/fr\\\/learn-more-about-us\\\/\",\"url\":\"https:\\\/\\\/integraliah.com\\\/fr\\\/learn-more-about-us\\\/\",\"name\":\"Learn More About Us - Integraliah\",\"isPartOf\":{\"@id\":\"https:\\\/\\\/integraliah.com\\\/fr\\\/#website\"},\"primaryImageOfPage\":{\"@id\":\"https:\\\/\\\/integraliah.com\\\/fr\\\/learn-more-about-us\\\/#primaryimage\"},\"image\":{\"@id\":\"https:\\\/\\\/integraliah.com\\\/fr\\\/learn-more-about-us\\\/#primaryimage\"},\"thumbnailUrl\":\"https:\\\/\\\/integraliah.com\\\/wp-content\\\/uploads\\\/photo-cours-300x300.jpeg\",\"datePublished\":\"2021-02-10T08:22:14+00:00\",\"dateModified\":\"2021-04-04T09:52:25+00:00\",\"breadcrumb\":{\"@id\":\"https:\\\/\\\/integraliah.com\\\/fr\\\/learn-more-about-us\\\/#breadcrumb\"},\"inLanguage\":\"fr-FR\",\"potentialAction\":[{\"@type\":\"ReadAction\",\"target\":[\"https:\\\/\\\/integraliah.com\\\/fr\\\/learn-more-about-us\\\/\"]}]},{\"@type\":\"ImageObject\",\"inLanguage\":\"fr-FR\",\"@id\":\"https:\\\/\\\/integraliah.com\\\/fr\\\/learn-more-about-us\\\/#primaryimage\",\"url\":\"https:\\\/\\\/integraliah.com\\\/wp-content\\\/uploads\\\/photo-cours-300x300.jpeg\",\"contentUrl\":\"https:\\\/\\\/integraliah.com\\\/wp-content\\\/uploads\\\/photo-cours-300x300.jpeg\"},{\"@type\":\"BreadcrumbList\",\"@id\":\"https:\\\/\\\/integraliah.com\\\/fr\\\/learn-more-about-us\\\/#breadcrumb\",\"itemListElement\":[{\"@type\":\"ListItem\",\"position\":1,\"name\":\"Ulpan\",\"item\":\"https:\\\/\\\/integraliah.com\\\/\"},{\"@type\":\"ListItem\",\"position\":2,\"name\":\"Learn More About Us\"}]},{\"@type\":\"WebSite\",\"@id\":\"https:\\\/\\\/integraliah.com\\\/fr\\\/#website\",\"url\":\"https:\\\/\\\/integraliah.com\\\/fr\\\/\",\"name\":\"Ulpan Integraliah : learn hebrew in Tel Aviv and Online\",\"description\":\"Learn Hebrew online or in Tel Aviv\",\"publisher\":{\"@id\":\"https:\\\/\\\/integraliah.com\\\/fr\\\/#organization\"},\"potentialAction\":[{\"@type\":\"SearchAction\",\"target\":{\"@type\":\"EntryPoint\",\"urlTemplate\":\"https:\\\/\\\/integraliah.com\\\/fr\\\/?s={search_term_string}\"},\"query-input\":{\"@type\":\"PropertyValueSpecification\",\"valueRequired\":true,\"valueName\":\"search_term_string\"}}],\"inLanguage\":\"fr-FR\"},{\"@type\":\"Organization\",\"@id\":\"https:\\\/\\\/integraliah.com\\\/fr\\\/#organization\",\"name\":\"Ulpan integraliah - Learn Hebrew in Tel Aviv and online\",\"url\":\"https:\\\/\\\/integraliah.com\\\/fr\\\/\",\"logo\":{\"@type\":\"ImageObject\",\"inLanguage\":\"fr-FR\",\"@id\":\"https:\\\/\\\/integraliah.com\\\/fr\\\/#\\\/schema\\\/logo\\\/image\\\/\",\"url\":\"https:\\\/\\\/integraliah.com\\\/wp-content\\\/uploads\\\/2019\\\/04\\\/integraliah-05.png\",\"contentUrl\":\"https:\\\/\\\/integraliah.com\\\/wp-content\\\/uploads\\\/2019\\\/04\\\/integraliah-05.png\",\"width\":2033,\"height\":571,\"caption\":\"Ulpan integraliah - Learn Hebrew in Tel Aviv and online\"},\"image\":{\"@id\":\"https:\\\/\\\/integraliah.com\\\/fr\\\/#\\\/schema\\\/logo\\\/image\\\/\"},\"sameAs\":[\"https:\\\/\\\/www.facebook.com\\\/integraliah\",\"https:\\\/\\\/www.instagram.com\\\/integraliah\\\/\",\"https:\\\/\\\/www.youtube.com\\\/channel\\\/UCPw8n7thwyfTvGk3ftN0Xgw\"]}]}<\/script>\n<!-- \/ Yoast SEO plugin. -->","yoast_head_json":{"title":"Learn More About Us - Integraliah","robots":{"index":"noindex","follow":"nofollow"},"og_locale":"fr_FR","og_type":"article","og_title":"Learn More About Us - Integraliah","og_description":"Welcome to Integraliah Ever wanted to negotiate prices at the shouk, watch Israeli TV shows and understand what your Israeli co-workers are saying? At Integraliah, you\u2019ll learn Hebrew in a fun, dynamic and practical&nbsp;way while connecting to the uniquely amazing Israeli society and culture. 0 Academic Hours Taught 0 Sudents in Israel and abroad 0 [&hellip;]","og_url":"https:\/\/integraliah.com\/fr\/learn-more-about-us\/","og_site_name":"Ulpan in Tel Aviv &amp; Online","article_publisher":"https:\/\/www.facebook.com\/integraliah","article_modified_time":"2021-04-04T09:52:25+00:00","og_image":[{"url":"https:\/\/integraliah.com\/wp-content\/uploads\/photo-cours-300x300.jpeg","type":"","width":"","height":""}],"twitter_card":"summary_large_image","twitter_misc":{"Dur\u00e9e de lecture estim\u00e9e":"6 minutes"},"schema":{"@context":"https:\/\/schema.org","@graph":[{"@type":"WebPage","@id":"https:\/\/integraliah.com\/fr\/learn-more-about-us\/","url":"https:\/\/integraliah.com\/fr\/learn-more-about-us\/","name":"Learn More About Us - Integraliah","isPartOf":{"@id":"https:\/\/integraliah.com\/fr\/#website"},"primaryImageOfPage":{"@id":"https:\/\/integraliah.com\/fr\/learn-more-about-us\/#primaryimage"},"image":{"@id":"https:\/\/integraliah.com\/fr\/learn-more-about-us\/#primaryimage"},"thumbnailUrl":"https:\/\/integraliah.com\/wp-content\/uploads\/photo-cours-300x300.jpeg","datePublished":"2021-02-10T08:22:14+00:00","dateModified":"2021-04-04T09:52:25+00:00","breadcrumb":{"@id":"https:\/\/integraliah.com\/fr\/learn-more-about-us\/#breadcrumb"},"inLanguage":"fr-FR","potentialAction":[{"@type":"ReadAction","target":["https:\/\/integraliah.com\/fr\/learn-more-about-us\/"]}]},{"@type":"ImageObject","inLanguage":"fr-FR","@id":"https:\/\/integraliah.com\/fr\/learn-more-about-us\/#primaryimage","url":"https:\/\/integraliah.com\/wp-content\/uploads\/photo-cours-300x300.jpeg","contentUrl":"https:\/\/integraliah.com\/wp-content\/uploads\/photo-cours-300x300.jpeg"},{"@type":"BreadcrumbList","@id":"https:\/\/integraliah.com\/fr\/learn-more-about-us\/#breadcrumb","itemListElement":[{"@type":"ListItem","position":1,"name":"Ulpan","item":"https:\/\/integraliah.com\/"},{"@type":"ListItem","position":2,"name":"Learn More About Us"}]},{"@type":"WebSite","@id":"https:\/\/integraliah.com\/fr\/#website","url":"https:\/\/integraliah.com\/fr\/","name":"Ulpan Integraliah : apprendre l'h\u00e9breu \u00e0 Tel Aviv et en ligne","description":"Apprendre l'h\u00e9breu en ligne ou \u00e0 Tel Aviv","publisher":{"@id":"https:\/\/integraliah.com\/fr\/#organization"},"potentialAction":[{"@type":"SearchAction","target":{"@type":"EntryPoint","urlTemplate":"https:\/\/integraliah.com\/fr\/?s={search_term_string}"},"query-input":{"@type":"PropertyValueSpecification","valueRequired":true,"valueName":"search_term_string"}}],"inLanguage":"fr-FR"},{"@type":"Organization","@id":"https:\/\/integraliah.com\/fr\/#organization","name":"Ulpan integraliah - Apprendre l'h\u00e9breu \u00e0 Tel Aviv et en ligne","url":"https:\/\/integraliah.com\/fr\/","logo":{"@type":"ImageObject","inLanguage":"fr-FR","@id":"https:\/\/integraliah.com\/fr\/#\/schema\/logo\/image\/","url":"https:\/\/integraliah.com\/wp-content\/uploads\/2019\/04\/integraliah-05.png","contentUrl":"https:\/\/integraliah.com\/wp-content\/uploads\/2019\/04\/integraliah-05.png","width":2033,"height":571,"caption":"Ulpan integraliah - Learn Hebrew in Tel Aviv and online"},"image":{"@id":"https:\/\/integraliah.com\/fr\/#\/schema\/logo\/image\/"},"sameAs":["https:\/\/www.facebook.com\/integraliah","https:\/\/www.instagram.com\/integraliah\/","https:\/\/www.youtube.com\/channel\/UCPw8n7thwyfTvGk3ftN0Xgw"]}]}},"_links":{"self":[{"href":"https:\/\/integraliah.com\/fr\/wp-json\/wp\/v2\/pages\/5084","targetHints":{"allow":["GET"]}}],"collection":[{"href":"https:\/\/integraliah.com\/fr\/wp-json\/wp\/v2\/pages"}],"about":[{"href":"https:\/\/integraliah.com\/fr\/wp-json\/wp\/v2\/types\/page"}],"author":[{"embeddable":true,"href":"https:\/\/integraliah.com\/fr\/wp-json\/wp\/v2\/users\/2"}],"replies":[{"embeddable":true,"href":"https:\/\/integraliah.com\/fr\/wp-json\/wp\/v2\/comments?post=5084"}],"version-history":[{"count":0,"href":"https:\/\/integraliah.com\/fr\/wp-json\/wp\/v2\/pages\/5084\/revisions"}],"wp:attachment":[{"href":"https:\/\/integraliah.com\/fr\/wp-json\/wp\/v2\/media?parent=5084"}],"curies":[{"name":"wp","href":"https:\/\/api.w.org\/{rel}","templated":true}]}}