{"id":51124,"date":"2024-07-08T12:02:08","date_gmt":"2024-07-08T12:02:08","guid":{"rendered":"https:\/\/integraliah.com\/?page_id=51124"},"modified":"2024-07-08T12:06:31","modified_gmt":"2024-07-08T12:06:31","slug":"ulpan-in-new-york-city-new-york","status":"publish","type":"page","link":"https:\/\/integraliah.com\/fr\/ulpan-in-new-york-city-new-york\/","title":{"rendered":"Ulpan in New York City, New York"},"content":{"rendered":"<p><strong>Apprendre l'h\u00e9breu<\/strong> \u00e0 tous les niveaux, de d\u00e9butant \u00e0 avanc\u00e9, de <strong>New York City<\/strong>. Notre <strong>Oulpan<\/strong> propose des cours d'h\u00e9breu en ligne, en groupe ou en priv\u00e9, sans quitter votre domicile \u00e0 <strong>New York City<\/strong>via Zoom, Skype, Google Meet ou un logiciel \u00e9quivalent. Si vous visitez <strong>Isra\u00ebl<\/strong> pour un programme ou des vacances, vous pouvez \u00e9galement suivre nos cours d'h\u00e9breu directement \u00e0 notre Oulpan situ\u00e9 dans le quartier Rothschild de Tel Aviv. <strong>Oulpan Integraliah<\/strong> a \u00e9t\u00e9 cr\u00e9\u00e9 par des immigrants pour des immigrants, ce qui en fait le pont parfait entre l'alya et l'int\u00e9gration. Avec beaucoup de plaisir, bien s\u00fbr. Que vous veniez \u00e0 <strong>Isra\u00ebl<\/strong> temporairement ou pour la vie, nous vous aidons \u00e0 vous int\u00e9grer harmonieusement dans la soci\u00e9t\u00e9 isra\u00e9lienne. Notre objectif est de vous aider \u00e0 <strong>apprendre l\u2019h\u00e9breu<\/strong> rapidement et efficacement, en veillant \u00e0 ce que vous atteigniez le niveau de comp\u00e9tence souhait\u00e9.<\/p>\n\n\n\n<h2 class=\"wp-block-heading\"><strong>Un Oulpan aux avantages uniques<\/strong><\/h2>\n\n\n\n<ul class=\"wp-block-list\">\n<li><strong>M\u00e9thodologie \u00e9prouv\u00e9e :<\/strong> Avec plus de 10 ans d'exp\u00e9rience, nos m\u00e9thodes d'enseignement \u00e9prouv\u00e9es ont aid\u00e9 des milliers de personnes. <strong>\u00e9tudiants<\/strong> atteindre la ma\u00eetrise de l'h\u00e9breu.<\/li>\n\n\n\n<li><strong>Des enseignants exceptionnels :<\/strong> Notre Isra\u00e9lien et parfaitement bilingue <strong>enseignants<\/strong> sont de v\u00e9ritables rockstars de l'enseignement, qui adaptent leur approche \u00e0 votre niveau et \u00e0 votre personnalit\u00e9 pour vous permettre de parler h\u00e9breu en toute confiance. Chaque <strong>enseignant<\/strong> a sa propre sauce secr\u00e8te pour am\u00e9liorer rapidement chaque <strong>de l'\u00e9tudiant<\/strong> L'h\u00e9breu. Profitez de cette occasion pour rencontrer d'incroyables <strong>les personnes<\/strong> et commencez \u00e0 cr\u00e9er votre r\u00e9seau en <strong>Isra\u00ebl<\/strong>. Notre \u00e9quipe administrative parle couramment le fran\u00e7ais pour mieux vous guider et r\u00e9pondre \u00e0 toutes vos questions.<\/li>\n\n\n\n<li><strong>Des options d'apprentissage flexibles :<\/strong> <strong>Apprendre l'h\u00e9breu<\/strong> en ligne via des cours en groupe, des sessions vid\u00e9o ou des le\u00e7ons priv\u00e9es sur Zoom. Nos cours d'h\u00e9breu en ligne vous permettent d'apprendre de n'importe o\u00f9, que vous soyez \u00e0 <strong>New York City<\/strong> ou sa banlieue.<\/li>\n<\/ul>\n\n\n\n<h2 class=\"wp-block-heading\"><strong>Rejoignez les histoires \u00e0 succ\u00e8s d'Ulpan Integraliah<\/strong><\/h2>\n\n\n\n<p>Notre mission est simple : faire de vous l'une des milliers d'histoires \u00e0 succ\u00e8s qui ont commenc\u00e9 \u00e0 <strong>Oulpan Integraliah<\/strong>. Trouvez le travail de vos r\u00eaves, faites-vous des amis pour la vie, fondez une famille et vivez votre vie au mieux de vos capacit\u00e9s. <strong>Isra\u00ebl<\/strong>. <strong>Ma\u00eetriser l'h\u00e9breu<\/strong> avec nous est la cl\u00e9 pour d\u00e9bloquer ces opportunit\u00e9s. Nous cr\u00e9ons notre propre <strong>Manuel d'h\u00e9breu<\/strong>. Gr\u00e2ce \u00e0 cette <strong>livre<\/strong>Vous conna\u00eetrez alors tous nos secrets d'apprentissage de l'h\u00e9breu.<\/p>\n\n\n\n<h2 class=\"wp-block-heading\"><strong>Programmes en h\u00e9breu que nous proposons<\/strong><\/h2>\n\n\n\n<ul class=\"wp-block-list\">\n<li><strong>Cours intensifs d'h\u00e9breu :<\/strong> Immersion dans l'h\u00e9breu gr\u00e2ce \u00e0 nos programmes intensifs, con\u00e7us pour tous les niveaux.<\/li>\n\n\n\n<li><strong>Cours d'h\u00e9breu en ligne :<\/strong> Profitez de la flexibilit\u00e9 de l'apprentissage de l'h\u00e9breu <strong>en ligne<\/strong> de n'importe o\u00f9 dans le monde.<\/li>\n\n\n\n<li><strong>\u00c9valuation gratuite :<\/strong> Notre expert <strong>enseignants<\/strong> \u00e9valuera votre niveau d'h\u00e9breu et discutera avec vous de vos objectifs d'apprentissage personnels afin de vous recommander la meilleure m\u00e9thode d'apprentissage. <strong>programme<\/strong> pour vous. Vous pouvez m\u00eame tester votre niveau d'h\u00e9breu sur notre site web.<\/li>\n<\/ul>\n\n\n\n<h2 class=\"wp-block-heading\"><strong>Cours et niveaux d'h\u00e9breu<\/strong><\/h2>\n\n\n\n<p>Au <strong>Oulpan Integraliah<\/strong>Nous proposons de nombreux cours d'h\u00e9breu adapt\u00e9s \u00e0 vos besoins. Du d\u00e9butant <strong>Aleph<\/strong> \u00e0 des niveaux avanc\u00e9s <strong>Gimmel<\/strong> nos niveaux, nos <strong>Classes d'Ulpan<\/strong> Les cours d'h\u00e9breu couvrent tous les domaines, de la conversation et de l'\u00e9criture de base \u00e0 la lecture et \u00e0 la compr\u00e9hension avanc\u00e9es. Nos m\u00e9thodes modernes d'enseignement de l'h\u00e9breu garantissent une acquisition rapide de la langue, vous aidant \u00e0 parler l'h\u00e9breu avec confiance et fluidit\u00e9. Nous sommes tr\u00e8s flexibles en ce qui concerne les cours d'h\u00e9breu, vous pouvez donc choisir entre des cours du matin, de l'apr\u00e8s-midi ou du soir. Nos cours s'adressent \u00e0 tous les \u00e2ges et peuvent commencer \u00e0 tout moment.<\/p>\n\n\n\n<ul class=\"wp-block-list\">\n<li><strong>D\u00e9butant :<\/strong> <strong>Apprendre l'h\u00e9breu<\/strong> \u00e0 partir de z\u00e9ro. Les <strong>programme<\/strong> comprend l'apprentissage de la lecture et de l'\u00e9criture et les le\u00e7ons fondamentales qui vous permettront de lire vos premiers textes et d'avoir vos premi\u00e8res conversations.<\/li>\n\n\n\n<li><strong>Faux d\u00e9butant :<\/strong> Pour ceux qui savent d\u00e9j\u00e0 lire et \u00e9crire. Les <strong>programme<\/strong> comprend l'apprentissage du pr\u00e9sent et des le\u00e7ons pratiques autour de th\u00e8mes quotidiens - se pr\u00e9senter, faire les courses, une introduction \u00e0 la culture isra\u00e9lienne, demander son chemin, etc.<\/li>\n\n\n\n<li><strong>Interm\u00e9diaire :<\/strong> Pour ceux qui ma\u00eetrisent d\u00e9j\u00e0 le pr\u00e9sent. Les <strong>programme<\/strong> comprend l'apprentissage du pass\u00e9 et des le\u00e7ons pratiques autour de th\u00e8mes quotidiens et de la culture isra\u00e9lienne - se d\u00e9brouiller dans un restaurant, ma\u00eetriser quelques expressions argotiques, le vocabulaire du shopping, n\u00e9gocier et se faire entendre en h\u00e9breu, une introduction \u00e0 la soci\u00e9t\u00e9 isra\u00e9lienne, regarder sa premi\u00e8re s\u00e9rie en h\u00e9breu, etc.<\/li>\n\n\n\n<li><strong>Avanc\u00e9e :<\/strong> Pour ceux qui ma\u00eetrisent d\u00e9j\u00e0 le pass\u00e9. Le <strong>programme<\/strong> comprend l'apprentissage du futur et des concepts grammaticaux avanc\u00e9s. Des le\u00e7ons pratiques sur des th\u00e8mes li\u00e9s \u00e0 la vie quotidienne et \u00e0 la culture isra\u00e9lienne : suivre l'actualit\u00e9 en h\u00e9breu, se pr\u00e9parer \u00e0 un entretien d'embauche, convaincre en h\u00e9breu, g\u00e9rer la bureaucratie isra\u00e9lienne.<\/li>\n<\/ul>\n\n\n\n<h2 class=\"wp-block-heading\"><strong>Supports de cours personnalis\u00e9s et ressources gratuites<\/strong><\/h2>\n\n\n\n<p>Nous avons d\u00e9velopp\u00e9 notre propre <strong>Manuels en h\u00e9breu<\/strong> et des supports de cours bas\u00e9s sur nos m\u00e9thodes \u00e9prouv\u00e9es. En plus de nos <strong>classes<\/strong>Nous fournissons <strong>ressources gratuites<\/strong> comme des vid\u00e9os pour comprendre la culture isra\u00e9lienne, des \u00e9missions de radio et des podcasts populaires dans le monde entier avec plus de 200 000 t\u00e9l\u00e9chargements. Vous pouvez les appr\u00e9cier \u00e0 partir de <strong>New York City<\/strong>. Ces ressources sont con\u00e7ues pour am\u00e9liorer votre exp\u00e9rience d'apprentissage de l'h\u00e9breu et vous aider \u00e0 vous int\u00e9grer dans la soci\u00e9t\u00e9 isra\u00e9lienne.<\/p>\n\n\n\n<h2 class=\"wp-block-heading\"><strong>Learn Hebrew Online in New York City<\/strong><\/h2>\n\n\n\n<p>Si vous pr\u00e9f\u00e9rez apprendre l'h\u00e9breu moderne <strong>en ligne<\/strong> Depuis le confort de votre maison, nous avons un cours pour vous. Nos cours d'h\u00e9breu en ligne sont parfaits pour ceux qui veulent <strong>apprendre l\u2019h\u00e9breu<\/strong>Les horaires sont flexibles et les cours sont interactifs avec nos enseignants h\u00e9bra\u00efques qualifi\u00e9s. <strong>enseignants<\/strong>. Si vous planifiez votre aliyah \u00e0 court, moyen ou long terme, <strong>apprendre l'h\u00e9breu<\/strong> est la premi\u00e8re \u00e9tape de l'int\u00e9gration dans <strong>Isra\u00ebl<\/strong>\u00e0 tout \u00e2ge.<\/p>\n\n\n\n<h2 class=\"wp-block-heading\"><strong>T\u00e9moignages de nos \u00e9tudiants<\/strong><\/h2>\n\n\n\n<p>Pendant des ann\u00e9es, de nombreux \u00e9tudiants de notre <strong>Oulpan<\/strong> proviennent de <strong>New York City<\/strong>. \u00c9coutez nos \u00e9tudiants parler de leurs exp\u00e9riences et de leurs r\u00e9ussites. Nous avons les meilleures critiques sur <strong>Google<\/strong> et sur <strong>Facebook<\/strong>Le taux de satisfaction de nos \u00e9tudiants est tr\u00e8s \u00e9lev\u00e9.<\/p>\n\n\n\n<h2 class=\"wp-block-heading\"><strong>Enseignants exp\u00e9riment\u00e9s<\/strong><\/h2>\n\n\n\n<p>Tous nos h\u00e9breux <strong>enseignants<\/strong> sont certifi\u00e9s et exp\u00e9riment\u00e9s dans l'enseignement de l'h\u00e9breu comme deuxi\u00e8me langue. Ils se consacrent \u00e0 vous aider \u00e0 atteindre vos objectifs d'apprentissage de l'h\u00e9breu, que ce soit pour <a href=\"https:\/\/integraliah.com\/fr\/integraliah-hub-coworking-space\/\">travailler<\/a>, ou de voyage, ou encore d'enrichissement personnel. Nos services <strong>enseignants<\/strong> utiliser des <strong>Livres en h\u00e9breu<\/strong> pour s'assurer que les \u00e9l\u00e8ves peuvent lire, \u00e9crire et comprendre l'h\u00e9breu de mani\u00e8re efficace.<\/p>\n\n\n\n<h2 class=\"wp-block-heading\"><strong>Options de cours flexibles<\/strong><\/h2>\n\n\n\n<p>Nous proposons une vari\u00e9t\u00e9 d'options de cours pour s'adapter \u00e0 votre emploi du temps et \u00e0 votre style d'apprentissage. Qu'il s'agisse de cours intensifs d'une semaine ou de programmes semestriels, nos <strong>Classes d'Ulpan<\/strong> sont con\u00e7us pour \u00eatre flexibles et adaptables.<\/p>\n\n\n\n<h2 class=\"wp-block-heading\"><strong>Contact Us Today from New York City<\/strong><\/h2>\n\n\n\n<p>N'attendez pas pour commencer votre voyage d'apprentissage de l'h\u00e9breu. Contactez-nous d\u00e8s aujourd'hui pour en savoir plus sur nos cours et comment vous inscrire. Que vous soyez en <strong>New York City<\/strong> ou n'importe o\u00f9 ailleurs dans le monde, <strong>Oulpan Integraliah<\/strong> est l\u00e0 pour vous aider \u00e0 ma\u00eetriser la langue h\u00e9bra\u00efque. Notre <strong>programmes<\/strong> sont con\u00e7us pour r\u00e9pondre aux besoins de chaque \u00e9tudiant, qu'il pr\u00e9f\u00e8re les cours en ligne ou en personne.<\/p>\n\n\n\n<h2 class=\"wp-block-heading\"><strong>Rejoindre l'Ulpan Integraliah<\/strong><\/h2>\n\n\n\n<p>Inscrivez-vous d\u00e8s maintenant et devenez membre de notre communaut\u00e9 dynamique. Gr\u00e2ce \u00e0 nos m\u00e9thodes d'enseignement de premier ordre et \u00e0 notre environnement d'apprentissage unique, vous parlerez h\u00e9breu en un rien de temps. Rejoignez-nous et commencez votre voyage vers la ma\u00eetrise de l'h\u00e9breu d\u00e8s aujourd'hui. Pourquoi ne pas tester votre niveau d'h\u00e9breu maintenant ?<\/p>","protected":false},"excerpt":{"rendered":"<p>Learn Hebrew at any level, from beginner to advanced, from New York City. Our Ulpan offers online Hebrew classes, either in groups or private lessons, without leaving your home in New York City, via Zoom, Skype, Google Meet, or equivalent software. If you visit Israel for a program or vacation, you can also attend our [&hellip;]<\/p>\n","protected":false},"author":2,"featured_media":0,"parent":0,"menu_order":0,"comment_status":"closed","ping_status":"closed","template":"","meta":{"footnotes":""},"class_list":["post-51124","page","type-page","status-publish","hentry"],"yoast_head":"<!-- This site is optimized with the Yoast SEO plugin v27.5 - https:\/\/yoast.com\/product\/yoast-seo-wordpress\/ -->\n<title>Ulpan in New York City, New York - Integraliah<\/title>\n<meta name=\"robots\" content=\"index, follow, max-snippet:-1, max-image-preview:large, max-video-preview:-1\" \/>\n<link rel=\"canonical\" href=\"https:\/\/integraliah.com\/fr\/ulpan-in-new-york-city-new-york\/\" \/>\n<meta property=\"og:locale\" content=\"fr_FR\" \/>\n<meta property=\"og:type\" content=\"article\" \/>\n<meta property=\"og:title\" content=\"Ulpan in New York City, New York - Integraliah\" \/>\n<meta property=\"og:description\" content=\"Learn Hebrew at any level, from beginner to advanced, from New York City. Our Ulpan offers online Hebrew classes, either in groups or private lessons, without leaving your home in New York City, via Zoom, Skype, Google Meet, or equivalent software. If you visit Israel for a program or vacation, you can also attend our [&hellip;]\" \/>\n<meta property=\"og:url\" content=\"https:\/\/integraliah.com\/fr\/ulpan-in-new-york-city-new-york\/\" \/>\n<meta property=\"og:site_name\" content=\"Ulpan in Tel Aviv &amp; Online\" \/>\n<meta property=\"article:publisher\" content=\"https:\/\/www.facebook.com\/integraliah\" \/>\n<meta property=\"article:modified_time\" content=\"2024-07-08T12:06:31+00:00\" \/>\n<meta property=\"og:image\" content=\"https:\/\/integraliah.com\/wp-content\/uploads\/integraliah-05-1.png\" \/>\n\t<meta property=\"og:image:width\" content=\"2033\" \/>\n\t<meta property=\"og:image:height\" content=\"571\" \/>\n\t<meta property=\"og:image:type\" content=\"image\/png\" \/>\n<meta name=\"twitter:card\" content=\"summary_large_image\" \/>\n<meta name=\"twitter:label1\" content=\"Dur\u00e9e de lecture estim\u00e9e\" \/>\n\t<meta name=\"twitter:data1\" content=\"5 minutes\" \/>\n<script type=\"application\/ld+json\" class=\"yoast-schema-graph\">{\"@context\":\"https:\\\/\\\/schema.org\",\"@graph\":[{\"@type\":\"WebPage\",\"@id\":\"https:\\\/\\\/integraliah.com\\\/fr\\\/ulpan-in-new-york-city-new-york\\\/\",\"url\":\"https:\\\/\\\/integraliah.com\\\/fr\\\/ulpan-in-new-york-city-new-york\\\/\",\"name\":\"Ulpan in New York City, New York - Integraliah\",\"isPartOf\":{\"@id\":\"https:\\\/\\\/integraliah.com\\\/fr\\\/#website\"},\"datePublished\":\"2024-07-08T12:02:08+00:00\",\"dateModified\":\"2024-07-08T12:06:31+00:00\",\"breadcrumb\":{\"@id\":\"https:\\\/\\\/integraliah.com\\\/fr\\\/ulpan-in-new-york-city-new-york\\\/#breadcrumb\"},\"inLanguage\":\"fr-FR\",\"potentialAction\":[{\"@type\":\"ReadAction\",\"target\":[\"https:\\\/\\\/integraliah.com\\\/fr\\\/ulpan-in-new-york-city-new-york\\\/\"]}]},{\"@type\":\"BreadcrumbList\",\"@id\":\"https:\\\/\\\/integraliah.com\\\/fr\\\/ulpan-in-new-york-city-new-york\\\/#breadcrumb\",\"itemListElement\":[{\"@type\":\"ListItem\",\"position\":1,\"name\":\"Ulpan\",\"item\":\"https:\\\/\\\/integraliah.com\\\/\"},{\"@type\":\"ListItem\",\"position\":2,\"name\":\"Ulpan in New York City, New York\"}]},{\"@type\":\"WebSite\",\"@id\":\"https:\\\/\\\/integraliah.com\\\/fr\\\/#website\",\"url\":\"https:\\\/\\\/integraliah.com\\\/fr\\\/\",\"name\":\"Ulpan Integraliah : learn hebrew in Tel Aviv and Online\",\"description\":\"Learn Hebrew online or in Tel Aviv\",\"publisher\":{\"@id\":\"https:\\\/\\\/integraliah.com\\\/fr\\\/#organization\"},\"potentialAction\":[{\"@type\":\"SearchAction\",\"target\":{\"@type\":\"EntryPoint\",\"urlTemplate\":\"https:\\\/\\\/integraliah.com\\\/fr\\\/?s={search_term_string}\"},\"query-input\":{\"@type\":\"PropertyValueSpecification\",\"valueRequired\":true,\"valueName\":\"search_term_string\"}}],\"inLanguage\":\"fr-FR\"},{\"@type\":\"Organization\",\"@id\":\"https:\\\/\\\/integraliah.com\\\/fr\\\/#organization\",\"name\":\"Ulpan integraliah - Learn Hebrew in Tel Aviv and online\",\"url\":\"https:\\\/\\\/integraliah.com\\\/fr\\\/\",\"logo\":{\"@type\":\"ImageObject\",\"inLanguage\":\"fr-FR\",\"@id\":\"https:\\\/\\\/integraliah.com\\\/fr\\\/#\\\/schema\\\/logo\\\/image\\\/\",\"url\":\"https:\\\/\\\/integraliah.com\\\/wp-content\\\/uploads\\\/2019\\\/04\\\/integraliah-05.png\",\"contentUrl\":\"https:\\\/\\\/integraliah.com\\\/wp-content\\\/uploads\\\/2019\\\/04\\\/integraliah-05.png\",\"width\":2033,\"height\":571,\"caption\":\"Ulpan integraliah - Learn Hebrew in Tel Aviv and online\"},\"image\":{\"@id\":\"https:\\\/\\\/integraliah.com\\\/fr\\\/#\\\/schema\\\/logo\\\/image\\\/\"},\"sameAs\":[\"https:\\\/\\\/www.facebook.com\\\/integraliah\",\"https:\\\/\\\/www.instagram.com\\\/integraliah\\\/\",\"https:\\\/\\\/www.youtube.com\\\/channel\\\/UCPw8n7thwyfTvGk3ftN0Xgw\"]}]}<\/script>\n<!-- \/ Yoast SEO plugin. -->","yoast_head_json":{"title":"Ulpan in New York City, New York - Integraliah","robots":{"index":"index","follow":"follow","max-snippet":"max-snippet:-1","max-image-preview":"max-image-preview:large","max-video-preview":"max-video-preview:-1"},"canonical":"https:\/\/integraliah.com\/fr\/ulpan-in-new-york-city-new-york\/","og_locale":"fr_FR","og_type":"article","og_title":"Ulpan in New York City, New York - Integraliah","og_description":"Learn Hebrew at any level, from beginner to advanced, from New York City. Our Ulpan offers online Hebrew classes, either in groups or private lessons, without leaving your home in New York City, via Zoom, Skype, Google Meet, or equivalent software. If you visit Israel for a program or vacation, you can also attend our [&hellip;]","og_url":"https:\/\/integraliah.com\/fr\/ulpan-in-new-york-city-new-york\/","og_site_name":"Ulpan in Tel Aviv &amp; Online","article_publisher":"https:\/\/www.facebook.com\/integraliah","article_modified_time":"2024-07-08T12:06:31+00:00","og_image":[{"width":2033,"height":571,"url":"https:\/\/integraliah.com\/wp-content\/uploads\/integraliah-05-1.png","type":"image\/png"}],"twitter_card":"summary_large_image","twitter_misc":{"Dur\u00e9e de lecture estim\u00e9e":"5 minutes"},"schema":{"@context":"https:\/\/schema.org","@graph":[{"@type":"WebPage","@id":"https:\/\/integraliah.com\/fr\/ulpan-in-new-york-city-new-york\/","url":"https:\/\/integraliah.com\/fr\/ulpan-in-new-york-city-new-york\/","name":"Ulpan in New York City, New York - Integraliah","isPartOf":{"@id":"https:\/\/integraliah.com\/fr\/#website"},"datePublished":"2024-07-08T12:02:08+00:00","dateModified":"2024-07-08T12:06:31+00:00","breadcrumb":{"@id":"https:\/\/integraliah.com\/fr\/ulpan-in-new-york-city-new-york\/#breadcrumb"},"inLanguage":"fr-FR","potentialAction":[{"@type":"ReadAction","target":["https:\/\/integraliah.com\/fr\/ulpan-in-new-york-city-new-york\/"]}]},{"@type":"BreadcrumbList","@id":"https:\/\/integraliah.com\/fr\/ulpan-in-new-york-city-new-york\/#breadcrumb","itemListElement":[{"@type":"ListItem","position":1,"name":"Ulpan","item":"https:\/\/integraliah.com\/"},{"@type":"ListItem","position":2,"name":"Ulpan in New York City, New York"}]},{"@type":"WebSite","@id":"https:\/\/integraliah.com\/fr\/#website","url":"https:\/\/integraliah.com\/fr\/","name":"Ulpan Integraliah : apprendre l'h\u00e9breu \u00e0 Tel Aviv et en ligne","description":"Apprendre l'h\u00e9breu en ligne ou \u00e0 Tel Aviv","publisher":{"@id":"https:\/\/integraliah.com\/fr\/#organization"},"potentialAction":[{"@type":"SearchAction","target":{"@type":"EntryPoint","urlTemplate":"https:\/\/integraliah.com\/fr\/?s={search_term_string}"},"query-input":{"@type":"PropertyValueSpecification","valueRequired":true,"valueName":"search_term_string"}}],"inLanguage":"fr-FR"},{"@type":"Organization","@id":"https:\/\/integraliah.com\/fr\/#organization","name":"Ulpan integraliah - Apprendre l'h\u00e9breu \u00e0 Tel Aviv et en ligne","url":"https:\/\/integraliah.com\/fr\/","logo":{"@type":"ImageObject","inLanguage":"fr-FR","@id":"https:\/\/integraliah.com\/fr\/#\/schema\/logo\/image\/","url":"https:\/\/integraliah.com\/wp-content\/uploads\/2019\/04\/integraliah-05.png","contentUrl":"https:\/\/integraliah.com\/wp-content\/uploads\/2019\/04\/integraliah-05.png","width":2033,"height":571,"caption":"Ulpan integraliah - Learn Hebrew in Tel Aviv and online"},"image":{"@id":"https:\/\/integraliah.com\/fr\/#\/schema\/logo\/image\/"},"sameAs":["https:\/\/www.facebook.com\/integraliah","https:\/\/www.instagram.com\/integraliah\/","https:\/\/www.youtube.com\/channel\/UCPw8n7thwyfTvGk3ftN0Xgw"]}]}},"_links":{"self":[{"href":"https:\/\/integraliah.com\/fr\/wp-json\/wp\/v2\/pages\/51124","targetHints":{"allow":["GET"]}}],"collection":[{"href":"https:\/\/integraliah.com\/fr\/wp-json\/wp\/v2\/pages"}],"about":[{"href":"https:\/\/integraliah.com\/fr\/wp-json\/wp\/v2\/types\/page"}],"author":[{"embeddable":true,"href":"https:\/\/integraliah.com\/fr\/wp-json\/wp\/v2\/users\/2"}],"replies":[{"embeddable":true,"href":"https:\/\/integraliah.com\/fr\/wp-json\/wp\/v2\/comments?post=51124"}],"version-history":[{"count":1,"href":"https:\/\/integraliah.com\/fr\/wp-json\/wp\/v2\/pages\/51124\/revisions"}],"predecessor-version":[{"id":51125,"href":"https:\/\/integraliah.com\/fr\/wp-json\/wp\/v2\/pages\/51124\/revisions\/51125"}],"wp:attachment":[{"href":"https:\/\/integraliah.com\/fr\/wp-json\/wp\/v2\/media?parent=51124"}],"curies":[{"name":"wp","href":"https:\/\/api.w.org\/{rel}","templated":true}]}}