{"id":51277,"date":"2024-07-08T14:34:22","date_gmt":"2024-07-08T14:34:22","guid":{"rendered":"https:\/\/integraliah.com\/?page_id=51277"},"modified":"2024-07-22T10:49:59","modified_gmt":"2024-07-22T10:49:59","slug":"oulpan-a-saint-mande","status":"publish","type":"page","link":"https:\/\/integraliah.com\/fr\/oulpan-a-saint-mande\/","title":{"rendered":"Oulpan \u00e0 Saint Mand\u00e9"},"content":{"rendered":"<p><strong>Apprenez l'h\u00e9breu <\/strong>quelque soit votre<strong> niveau, d\u00e9butant \u00e0 avanc\u00e9 <\/strong>depuis<strong>&nbsp; Saint Mand\u00e9. <\/strong>Notre oulpan vous propose des <strong>cours en ligne<\/strong>, <strong>en groupe<\/strong> ou des <strong>cours particuliers d'hebreu<\/strong> sans bouger de chez vous \u00e0 Saint Mand\u00e9, via Zoom, Skype, Google Meet ou logiciels \u00e9quivalents<strong>. <\/strong>Si vous \u00eates de passage en Isra\u00ebl pour un programme ou pour les vacances, vous pouvez aussi <strong>assister \u00e0 nos cours d'hebreu<\/strong> directement dans les locaux de l'Oulpan situ\u00e9s dans le quartier de Rothschild \u00e0 Tel Aviv<strong>. Oulpan Integraliah<\/strong> a \u00e9t\u00e9 cr\u00e9\u00e9 par des immigrants pour des immigrants, faisant de lui le pont parfait entre l'<strong>aliyah<\/strong> et l'int\u00e9gration. Avec beaucoup de plaisir bien-s\u00fbr. Que vous veniez en <strong>Isra\u00ebl<\/strong> temporairement ou pour toute votre vie, nous vous aidons \u00e0 vous int\u00e9grer harmonieusement dans la soci\u00e9t\u00e9 isra\u00e9lienne gr\u00e2ce \u00e0 l'h\u00e9breu. Notre objectif est de vous aider \u00e0 <strong>apprendre l'h\u00e9breu<\/strong> rapidement et efficacement, en veillant \u00e0 ce que vous atteigniez le niveau de ma\u00eetrise souhait\u00e9.<\/p>\n\n\n\n<h2 class=\"wp-block-heading\"><strong>Un Oulpan avec des avantages uniques<\/strong><\/h2>\n\n\n\n<ul class=\"wp-block-list\">\n<li><strong>M\u00e9thodologie approuv\u00e9e :<\/strong> Avec plus de 10 ans d'exp\u00e9rience, nos m\u00e9thodes d'enseignement ont aid\u00e9 des milliers d'<strong>\u00e9tudiants<\/strong> \u00e0 atteindre le niveau d'h\u00e9breu souhait\u00e9.<\/li>\n\n\n\n<li><strong>Professeurs exceptionnels :<\/strong> Nos <strong>professeurs<\/strong> isra\u00e9liens sont de v\u00e9ritables rockstars de l'enseignement, ils adaptent leur approche \u00e0 votre niveau et personnalit\u00e9 pour vous assurer de parler l'h\u00e9breu avec confiance. Profitez de cette opportunit\u00e9 pour rencontrer des <strong>gens<\/strong> incroyables et commencer \u00e0 cr\u00e9er votre r\u00e9seau en <strong>Isra\u00ebl<\/strong>. Notre \u00e9quipe administrative qui parle couramment le fran\u00e7ais pourra vous guider au mieux et r\u00e9pondre \u00e0 toutes vos questions.<\/li>\n\n\n\n<li><strong>Options d'apprentissage flexibles :<\/strong> <strong>Apprenez l'h\u00e9breu<\/strong> en ligne via des <strong>cours de groupe<\/strong>, des formations pr\u00e9-enregistr\u00e9es, ou des <strong>cours particuliers<\/strong> sur Zoom. Nos <strong>cours d'h\u00e9breu en ligne<\/strong> vous permettent d'apprendre de n'importe o\u00f9, que vous soyez \u00e0 <strong>\u00a0Saint Mand\u00e9<\/strong> ou en banlieue de Saint Mand\u00e9.<\/li>\n<\/ul>\n\n\n\n<h2 class=\"wp-block-heading\"><strong>Rejoignez les success stories d'Oulpan Integraliah<\/strong><\/h2>\n\n\n\n<p>Notre mission est simple : faire de vous l'une des milliers de success stories qui ont commenc\u00e9 \u00e0 <strong>Oulpan Integraliah<\/strong>. Arriver en Isra\u00ebl avec une certaine ma\u00eetrise de l'h\u00e9breu est la cl\u00e9 pour d\u00e9bloquer les opportunit\u00e9s que l'alyah vous offre : trouver l'emploi de vos r\u00eaves, rencontrer de nouveaux amis, fonder une famille, etc. Nous cr\u00e9ons notre propre <strong>manuel d'h\u00e9breu<\/strong>. Gr\u00e2ce \u00e0 ce <strong>livre<\/strong>, vous progresserez rapidement en h\u00e9breu.<\/p>\n\n\n\n<p><strong>Programmes d'h\u00e9breu que nous offrons<\/strong><\/p>\n\n\n\n<ul class=\"wp-block-list\">\n<li><strong>Cours d'h\u00e9breu intensifs :<\/strong> Immersion en h\u00e9breu avec nos <strong>programmes intensifs<\/strong>, con\u00e7us pour tous les niveaux.<\/li>\n\n\n\n<li><strong>Cours d'h\u00e9breu en ligne :<\/strong> Profitez de la flexibilit\u00e9 d'apprendre l'h\u00e9breu <strong>en ligne<\/strong> de n'importe o\u00f9 dans le monde, en groupe ou en cours particuliers.<\/li>\n\n\n\n<li><strong>\u00c9valuation gratuite :<\/strong> Nos <strong>professeurs experts<\/strong> \u00e9valueront votre niveau d'h\u00e9breu et discuteront de vos objectifs d'apprentissage personnels pour recommander le meilleur <strong>programme<\/strong> pour vous. Vous pouvez d'ailleurs tester votre niveau d'hebreu d\u00e8s maintenant sur notre site.<\/li>\n<\/ul>\n\n\n\n<h2 class=\"wp-block-heading\"><strong>Oulpan d'\u00e9t\u00e9<\/strong><\/h2>\n\n\n\n<p>Ne perdez pas de temps pendant l'\u00e9t\u00e9, rejoignez nos programmes \u00e0 Tel Aviv si vous \u00eates de passage en Isra\u00ebl ou commencez l'\u00e9tude \u00e0 distance. Sessions de groupe en pr\u00e9sentiel \u00e0 Tel Aviv ou en ligne afin de booster votre h\u00e9breu pendant l'\u00e9t\u00e9.<\/p>\n\n\n\n<h2 class=\"wp-block-heading\"><strong>Cours et niveaux d'h\u00e9breu<\/strong><\/h2>\n\n\n\n<p>\u00c0 <strong>Oulpan Integraliah<\/strong>, nous offrons de nombreux cours d'h\u00e9breu adapt\u00e9s \u00e0 vos besoins. Des niveaux <strong>d\u00e9butant Aleph, Bet<\/strong> aux niveaux avanc\u00e9s <strong>Guimmel<\/strong>, nos <strong>cours d'oulpan<\/strong> couvrent tout, de la conversation de base et de l'\u00e9criture \u00e0 la lecture et la compr\u00e9hension avanc\u00e9es. Nos m\u00e9thodes modernes d'enseignement de l'h\u00e9breu assurent une acquisition rapide de la langue hebra\u00efque, vous aidant \u00e0 parler h\u00e9breu de mani\u00e8re confiante et fluide. Nous sommes tr\u00e8s flexibles avec les cours d'h\u00e9breu, vous pouvez donc choisir entre les cours du matin, de l'apr\u00e8s-midi ou du soir. Nos cours s'adressent \u00e0 tous les \u00e2ges et peuvent commencer \u00e0 tout moment.<\/p>\n\n\n\n<ul class=\"wp-block-list\">\n<li><strong>D\u00e9butant :<\/strong> Apprenez l'h\u00e9breu de z\u00e9ro. Le <strong>programme<\/strong> comprend l'apprentissage de la lecture et de l'\u00e9criture et des <strong>le\u00e7ons fondamentales<\/strong> qui vous permettront de lire vos premiers textes et d'avoir vos premi\u00e8res conversations.<\/li>\n\n\n\n<li><strong>Faux d\u00e9butant :<\/strong> Pour ceux qui savent d\u00e9j\u00e0 lire et \u00e9crire. Le <strong>programme<\/strong> comprend l'apprentissage du pr\u00e9sent et des <strong>le\u00e7ons pratiques<\/strong> autour de th\u00e8mes quotidiens - se pr\u00e9senter, faire ses courses, une introduction \u00e0 la culture isra\u00e9lienne, demander son chemin, etc.<\/li>\n\n\n\n<li><strong>Interm\u00e9diaire :<\/strong> Pour ceux qui ont d\u00e9j\u00e0 une bonne ma\u00eetrise du pr\u00e9sent. Le <strong>programme<\/strong> comprend l'apprentissage du pass\u00e9 et des <strong>le\u00e7ons pratiques<\/strong> autour de th\u00e8mes quotidiens et de la culture isra\u00e9lienne - se d\u00e9brouiller au restaurant, ma\u00eetriser quelques expressions d'argot, le vocabulaire du shopping, n\u00e9gocier et se faire entendre en h\u00e9breu, une introduction \u00e0 la soci\u00e9t\u00e9 isra\u00e9lienne, regarder vos premi\u00e8res s\u00e9ries en h\u00e9breu, etc.<\/li>\n\n\n\n<li><strong>Avanc\u00e9 :<\/strong> Pour ceux qui ont d\u00e9j\u00e0 une bonne ma\u00eetrise du pass\u00e9. Le <strong>programme<\/strong> comprend l'apprentissage du futur et des concepts de grammaire avanc\u00e9s. <strong>Le\u00e7ons pratiques<\/strong> sur des th\u00e8mes li\u00e9s \u00e0 la vie quotidienne et \u00e0 la culture isra\u00e9lienne : suivre les news en h\u00e9breu, pr\u00e9parer un entretien d'embauche, convaincre en h\u00e9breu, et se d\u00e9brouiller avec la bureaucratie isra\u00e9lienne.<\/li>\n<\/ul>\n\n\n\n<h2 class=\"wp-block-heading\"><strong>Mat\u00e9riel de cours personnalis\u00e9 et ressources gratuites<\/strong><\/h2>\n\n\n\n<p>Nous avons d\u00e9velopp\u00e9 nos propres <strong>manuels d'h\u00e9breu<\/strong> et mat\u00e9riels de cours bas\u00e9s sur notre m\u00e9thode d'enseignement. En plus de nos <strong>cours<\/strong>, nous fournissons des <strong>ressources gratuites<\/strong> comme des vid\u00e9os pour comprendre la culture isra\u00e9lienne, des \u00e9missions de radio et des podcasts populaires dans le monde entier avec plus de 200 000 t\u00e9l\u00e9chargements. Vous pouvez d'ailleurs en profiter d\u00e8s aujourd'hui depuis Saint Mand\u00e9. Ces ressources sont con\u00e7ues pour am\u00e9liorer votre exp\u00e9rience d'apprentissage de l'h\u00e9breu et vous aider \u00e0 vous int\u00e9grer dans la soci\u00e9t\u00e9 isra\u00e9lienne.<\/p>\n\n\n\n<h2 class=\"wp-block-heading\"><strong>Apprendre l'h\u00e9breu en ligne \u00e0 Saint Mand\u00e9<\/strong><\/h2>\n\n\n\n<p>Si vous pr\u00e9f\u00e9rez apprendre l'h\u00e9breu moderne <strong>en ligne<\/strong> dans le confort de votre maison, nous avons un cours pour vous. Nos <strong>cours d'h\u00e9breu en ligne<\/strong> sont parfaits pour ceux qui veulent apprendre l'h\u00e9breu, offrant des horaires flexibles et des <strong>cours interactifs<\/strong> avec nos <strong>professeurs d'h\u00e9breu qualifi\u00e9s<\/strong>. Si vous pr\u00e9parez votre alya \u00e0 court, moyen ou long terme, apprendre l'h\u00e9breu reste la premi\u00e8re chose \u00e0 faire pour une int\u00e9gration en Isra\u00ebl, \u00e0 tout \u00e2ge.<\/p>\n\n\n\n<h2 class=\"wp-block-heading\"><strong>T\u00e9moignages de nos \u00e9tudiants<\/strong><\/h2>\n\n\n\n<p>Depuis des ann\u00e9es, de nombreux <strong>\u00e9tudiants de notre Oulpan<\/strong> viennent de <strong>&nbsp;Saint Mand\u00e9<\/strong>. \u00c9coutez nos <strong>\u00e9tudiants<\/strong> parler de leurs exp\u00e9riences et de leurs success stories. Nous avons les meilleures critiques sur <strong>Google<\/strong> et <strong>Facebook<\/strong>, refl\u00e9tant la haute satisfaction de nos <strong>\u00e9tudiants<\/strong>.<\/p>\n\n\n\n<h2 class=\"wp-block-heading\"><strong>Professeurs exp\u00e9riment\u00e9s<\/strong><\/h2>\n\n\n\n<p>Tous nos <strong>professeurs d'h\u00e9breu<\/strong> sont certifi\u00e9s et exp\u00e9riment\u00e9s dans l'enseignement de l'h\u00e9breu comme deuxi\u00e8me langue. Ils sont d\u00e9vou\u00e9s \u00e0 vous aider \u00e0 atteindre vos objectifs d'apprentissage de l'h\u00e9breu, que ce soit pour le travail, les voyages ou l'enrichissement personnel. Nos <strong>professeurs<\/strong> utilisent des <strong>manuels d'h\u00e9breu d\u00e9velopp\u00e9s sur mesure<\/strong> pour s'assurer que les <strong>\u00e9tudiants<\/strong> peuvent lire, \u00e9crire et comprendre l'h\u00e9breu efficacement.<\/p>\n\n\n\n<h2 class=\"wp-block-heading\"><strong>Options de cours flexibles<\/strong><\/h2>\n\n\n\n<p>Nous offrons une vari\u00e9t\u00e9 d'options de cours pour s'adapter \u00e0 votre emploi du temps et \u00e0 votre style d'apprentissage. Des cours intensifs d'une semaine aux <strong>programmes de semestre<\/strong>, nos <strong>cours d'oulpan<\/strong> sont con\u00e7us pour \u00eatre flexibles et accommodants.<\/p>\n\n\n\n<h2 class=\"wp-block-heading\"><strong>Contactez-nous d\u00e8s aujourd'hui depuis Saint Mand\u00e9<\/strong><\/h2>\n\n\n\n<p>N'attendez pas pour commencer votre parcours d'apprentissage de l'h\u00e9breu. Contactez-nous d\u00e8s aujourd'hui pour en savoir plus sur nos cours et comment vous inscrire. Que vous soyez \u00e0 <strong>&nbsp;Saint Mand\u00e9<\/strong> ou ailleurs dans le monde, <strong>Oulpan Integraliah<\/strong> est l\u00e0 pour vous aider \u00e0 ma\u00eetriser la langue h\u00e9bra\u00efque. Nos <strong>programmes<\/strong> sont con\u00e7us pour r\u00e9pondre aux besoins de chaque <strong>\u00e9tudiant<\/strong>, que vous pr\u00e9f\u00e9riez des <strong>cours en ligne<\/strong> ou en personne.<\/p>\n\n\n\n<h2 class=\"wp-block-heading\"><strong>Rejoignez Oulpan Integraliah<\/strong><\/h2>\n\n\n\n<p>Inscrivez-vous maintenant et devenez membre de notre communaut\u00e9 vibrante. Avec nos m\u00e9thodes d'enseignement de premier ordre et notre environnement d'apprentissage unique, vous parlerez h\u00e9breu en un rien de temps. Rejoignez-nous et commencez votre parcours vers la <strong>ma\u00eetrise en h\u00e9breu<\/strong> d\u00e8s aujourd'hui. Pourquoi ne pas tester votre niveau d'h\u00e9breu maintenant ?<\/p>","protected":false},"excerpt":{"rendered":"<p>Apprenez l\u2019hebreu quelque soit votre niveau, d\u00e9butant \u00e0 avanc\u00e9 depuis&nbsp; Saint Mand\u00e9. Notre oulpan vous propose des cours en ligne, en groupe ou des cours particuliers d\u2019hebreu sans bouger de chez vous \u00e0&nbsp; Saint Mand\u00e9, via Zoom, Skype, Google Meet ou logiciels \u00e9quivalents. Si vous \u00eates de passage en Isra\u00ebl pour un programme ou pour [&hellip;]<\/p>\n","protected":false},"author":2,"featured_media":0,"parent":0,"menu_order":0,"comment_status":"closed","ping_status":"closed","template":"","meta":{"footnotes":""},"class_list":["post-51277","page","type-page","status-publish","hentry"],"yoast_head":"<!-- This site is optimized with the Yoast SEO plugin v27.4 - https:\/\/yoast.com\/product\/yoast-seo-wordpress\/ -->\n<title>l&#039;Oulpan Num\u00e9ro #1 pour apprendre l&#039;h\u00e9breu \u00e0 Saint Mande<\/title>\n<meta name=\"description\" content=\"+8 000 personnes sont devenues bilingues avec nous. 100% d&#039;avis clients positifs. Cours et coaching d&#039;h\u00e9breu en ligne, utile et pratique.\" \/>\n<meta name=\"robots\" content=\"index, follow, max-snippet:-1, max-image-preview:large, max-video-preview:-1\" \/>\n<link rel=\"canonical\" href=\"https:\/\/integraliah.com\/fr\/oulpan-a-saint-mande\/\" \/>\n<meta property=\"og:locale\" content=\"fr_FR\" \/>\n<meta property=\"og:type\" content=\"article\" \/>\n<meta property=\"og:title\" content=\"l&#039;Oulpan Num\u00e9ro #1 pour apprendre l&#039;h\u00e9breu \u00e0 Saint Mande\" \/>\n<meta property=\"og:description\" content=\"+8 000 personnes sont devenues bilingues avec nous. 100% d&#039;avis clients positifs. Cours et coaching d&#039;h\u00e9breu en ligne, utile et pratique.\" \/>\n<meta property=\"og:url\" content=\"https:\/\/integraliah.com\/fr\/oulpan-a-saint-mande\/\" \/>\n<meta property=\"og:site_name\" content=\"Ulpan in Tel Aviv &amp; Online\" \/>\n<meta property=\"article:publisher\" content=\"https:\/\/www.facebook.com\/integraliah\" \/>\n<meta property=\"article:modified_time\" content=\"2024-07-22T10:49:59+00:00\" \/>\n<meta property=\"og:image\" content=\"https:\/\/integraliah.com\/wp-content\/uploads\/integraliah-05-1.png\" \/>\n\t<meta property=\"og:image:width\" content=\"2033\" \/>\n\t<meta property=\"og:image:height\" content=\"571\" \/>\n\t<meta property=\"og:image:type\" content=\"image\/png\" \/>\n<meta name=\"twitter:card\" content=\"summary_large_image\" \/>\n<meta name=\"twitter:label1\" content=\"Dur\u00e9e de lecture estim\u00e9e\" \/>\n\t<meta name=\"twitter:data1\" content=\"6 minutes\" \/>\n<script type=\"application\/ld+json\" class=\"yoast-schema-graph\">{\"@context\":\"https:\\\/\\\/schema.org\",\"@graph\":[{\"@type\":\"WebPage\",\"@id\":\"https:\\\/\\\/integraliah.com\\\/fr\\\/oulpan-a-saint-mande\\\/\",\"url\":\"https:\\\/\\\/integraliah.com\\\/fr\\\/oulpan-a-saint-mande\\\/\",\"name\":\"l'Oulpan Num\u00e9ro #1 pour apprendre l'h\u00e9breu \u00e0 Saint Mande\",\"isPartOf\":{\"@id\":\"https:\\\/\\\/integraliah.com\\\/fr\\\/#website\"},\"datePublished\":\"2024-07-08T14:34:22+00:00\",\"dateModified\":\"2024-07-22T10:49:59+00:00\",\"description\":\"+8 000 personnes sont devenues bilingues avec nous. 100% d'avis clients positifs. Cours et coaching d'h\u00e9breu en ligne, utile et pratique.\",\"breadcrumb\":{\"@id\":\"https:\\\/\\\/integraliah.com\\\/fr\\\/oulpan-a-saint-mande\\\/#breadcrumb\"},\"inLanguage\":\"fr-FR\",\"potentialAction\":[{\"@type\":\"ReadAction\",\"target\":[\"https:\\\/\\\/integraliah.com\\\/fr\\\/oulpan-a-saint-mande\\\/\"]}]},{\"@type\":\"BreadcrumbList\",\"@id\":\"https:\\\/\\\/integraliah.com\\\/fr\\\/oulpan-a-saint-mande\\\/#breadcrumb\",\"itemListElement\":[{\"@type\":\"ListItem\",\"position\":1,\"name\":\"Ulpan\",\"item\":\"https:\\\/\\\/integraliah.com\\\/\"},{\"@type\":\"ListItem\",\"position\":2,\"name\":\"Oulpan \u00e0 Saint Mand\u00e9\"}]},{\"@type\":\"WebSite\",\"@id\":\"https:\\\/\\\/integraliah.com\\\/fr\\\/#website\",\"url\":\"https:\\\/\\\/integraliah.com\\\/fr\\\/\",\"name\":\"Ulpan Integraliah : learn hebrew in Tel Aviv and Online\",\"description\":\"Learn Hebrew online or in Tel Aviv\",\"publisher\":{\"@id\":\"https:\\\/\\\/integraliah.com\\\/fr\\\/#organization\"},\"potentialAction\":[{\"@type\":\"SearchAction\",\"target\":{\"@type\":\"EntryPoint\",\"urlTemplate\":\"https:\\\/\\\/integraliah.com\\\/fr\\\/?s={search_term_string}\"},\"query-input\":{\"@type\":\"PropertyValueSpecification\",\"valueRequired\":true,\"valueName\":\"search_term_string\"}}],\"inLanguage\":\"fr-FR\"},{\"@type\":\"Organization\",\"@id\":\"https:\\\/\\\/integraliah.com\\\/fr\\\/#organization\",\"name\":\"Ulpan integraliah - Learn Hebrew in Tel Aviv and online\",\"url\":\"https:\\\/\\\/integraliah.com\\\/fr\\\/\",\"logo\":{\"@type\":\"ImageObject\",\"inLanguage\":\"fr-FR\",\"@id\":\"https:\\\/\\\/integraliah.com\\\/fr\\\/#\\\/schema\\\/logo\\\/image\\\/\",\"url\":\"https:\\\/\\\/integraliah.com\\\/wp-content\\\/uploads\\\/2019\\\/04\\\/integraliah-05.png\",\"contentUrl\":\"https:\\\/\\\/integraliah.com\\\/wp-content\\\/uploads\\\/2019\\\/04\\\/integraliah-05.png\",\"width\":2033,\"height\":571,\"caption\":\"Ulpan integraliah - Learn Hebrew in Tel Aviv and online\"},\"image\":{\"@id\":\"https:\\\/\\\/integraliah.com\\\/fr\\\/#\\\/schema\\\/logo\\\/image\\\/\"},\"sameAs\":[\"https:\\\/\\\/www.facebook.com\\\/integraliah\",\"https:\\\/\\\/www.instagram.com\\\/integraliah\\\/\",\"https:\\\/\\\/www.youtube.com\\\/channel\\\/UCPw8n7thwyfTvGk3ftN0Xgw\"]}]}<\/script>\n<!-- \/ Yoast SEO plugin. -->","yoast_head_json":{"title":"l'Oulpan Num\u00e9ro #1 pour apprendre l'h\u00e9breu \u00e0 Saint Mande","description":"+8 000 personnes sont devenues bilingues avec nous. 100% d'avis clients positifs. Cours et coaching d'h\u00e9breu en ligne, utile et pratique.","robots":{"index":"index","follow":"follow","max-snippet":"max-snippet:-1","max-image-preview":"max-image-preview:large","max-video-preview":"max-video-preview:-1"},"canonical":"https:\/\/integraliah.com\/fr\/oulpan-a-saint-mande\/","og_locale":"fr_FR","og_type":"article","og_title":"l'Oulpan Num\u00e9ro #1 pour apprendre l'h\u00e9breu \u00e0 Saint Mande","og_description":"+8 000 personnes sont devenues bilingues avec nous. 100% d'avis clients positifs. Cours et coaching d'h\u00e9breu en ligne, utile et pratique.","og_url":"https:\/\/integraliah.com\/fr\/oulpan-a-saint-mande\/","og_site_name":"Ulpan in Tel Aviv &amp; Online","article_publisher":"https:\/\/www.facebook.com\/integraliah","article_modified_time":"2024-07-22T10:49:59+00:00","og_image":[{"width":2033,"height":571,"url":"https:\/\/integraliah.com\/wp-content\/uploads\/integraliah-05-1.png","type":"image\/png"}],"twitter_card":"summary_large_image","twitter_misc":{"Dur\u00e9e de lecture estim\u00e9e":"6 minutes"},"schema":{"@context":"https:\/\/schema.org","@graph":[{"@type":"WebPage","@id":"https:\/\/integraliah.com\/fr\/oulpan-a-saint-mande\/","url":"https:\/\/integraliah.com\/fr\/oulpan-a-saint-mande\/","name":"l'Oulpan Num\u00e9ro #1 pour apprendre l'h\u00e9breu \u00e0 Saint Mande","isPartOf":{"@id":"https:\/\/integraliah.com\/fr\/#website"},"datePublished":"2024-07-08T14:34:22+00:00","dateModified":"2024-07-22T10:49:59+00:00","description":"+8 000 personnes sont devenues bilingues avec nous. 100% d'avis clients positifs. Cours et coaching d'h\u00e9breu en ligne, utile et pratique.","breadcrumb":{"@id":"https:\/\/integraliah.com\/fr\/oulpan-a-saint-mande\/#breadcrumb"},"inLanguage":"fr-FR","potentialAction":[{"@type":"ReadAction","target":["https:\/\/integraliah.com\/fr\/oulpan-a-saint-mande\/"]}]},{"@type":"BreadcrumbList","@id":"https:\/\/integraliah.com\/fr\/oulpan-a-saint-mande\/#breadcrumb","itemListElement":[{"@type":"ListItem","position":1,"name":"Ulpan","item":"https:\/\/integraliah.com\/"},{"@type":"ListItem","position":2,"name":"Oulpan \u00e0 Saint Mand\u00e9"}]},{"@type":"WebSite","@id":"https:\/\/integraliah.com\/fr\/#website","url":"https:\/\/integraliah.com\/fr\/","name":"Ulpan Integraliah : apprendre l'h\u00e9breu \u00e0 Tel Aviv et en ligne","description":"Apprendre l'h\u00e9breu en ligne ou \u00e0 Tel Aviv","publisher":{"@id":"https:\/\/integraliah.com\/fr\/#organization"},"potentialAction":[{"@type":"SearchAction","target":{"@type":"EntryPoint","urlTemplate":"https:\/\/integraliah.com\/fr\/?s={search_term_string}"},"query-input":{"@type":"PropertyValueSpecification","valueRequired":true,"valueName":"search_term_string"}}],"inLanguage":"fr-FR"},{"@type":"Organization","@id":"https:\/\/integraliah.com\/fr\/#organization","name":"Ulpan integraliah - Apprendre l'h\u00e9breu \u00e0 Tel Aviv et en ligne","url":"https:\/\/integraliah.com\/fr\/","logo":{"@type":"ImageObject","inLanguage":"fr-FR","@id":"https:\/\/integraliah.com\/fr\/#\/schema\/logo\/image\/","url":"https:\/\/integraliah.com\/wp-content\/uploads\/2019\/04\/integraliah-05.png","contentUrl":"https:\/\/integraliah.com\/wp-content\/uploads\/2019\/04\/integraliah-05.png","width":2033,"height":571,"caption":"Ulpan integraliah - Learn Hebrew in Tel Aviv and online"},"image":{"@id":"https:\/\/integraliah.com\/fr\/#\/schema\/logo\/image\/"},"sameAs":["https:\/\/www.facebook.com\/integraliah","https:\/\/www.instagram.com\/integraliah\/","https:\/\/www.youtube.com\/channel\/UCPw8n7thwyfTvGk3ftN0Xgw"]}]}},"_links":{"self":[{"href":"https:\/\/integraliah.com\/fr\/wp-json\/wp\/v2\/pages\/51277","targetHints":{"allow":["GET"]}}],"collection":[{"href":"https:\/\/integraliah.com\/fr\/wp-json\/wp\/v2\/pages"}],"about":[{"href":"https:\/\/integraliah.com\/fr\/wp-json\/wp\/v2\/types\/page"}],"author":[{"embeddable":true,"href":"https:\/\/integraliah.com\/fr\/wp-json\/wp\/v2\/users\/2"}],"replies":[{"embeddable":true,"href":"https:\/\/integraliah.com\/fr\/wp-json\/wp\/v2\/comments?post=51277"}],"version-history":[{"count":1,"href":"https:\/\/integraliah.com\/fr\/wp-json\/wp\/v2\/pages\/51277\/revisions"}],"predecessor-version":[{"id":51283,"href":"https:\/\/integraliah.com\/fr\/wp-json\/wp\/v2\/pages\/51277\/revisions\/51283"}],"wp:attachment":[{"href":"https:\/\/integraliah.com\/fr\/wp-json\/wp\/v2\/media?parent=51277"}],"curies":[{"name":"wp","href":"https:\/\/api.w.org\/{rel}","templated":true}]}}