{"id":53626,"date":"2025-10-29T14:45:46","date_gmt":"2025-10-29T14:45:46","guid":{"rendered":"https:\/\/integraliah.com\/?page_id=53626"},"modified":"2025-10-29T15:02:54","modified_gmt":"2025-10-29T15:02:54","slug":"user-account-login","status":"publish","type":"page","link":"https:\/\/integraliah.com\/fr\/user-account-login\/","title":{"rendered":"User Account Login"},"content":{"rendered":"<div data-elementor-type=\"wp-page\" data-elementor-id=\"53626\" class=\"elementor elementor-53626\" data-elementor-post-type=\"page\">\n\t\t\t\t<div class=\"elementor-element elementor-element-4d1fccf e-flex e-con-boxed e-con e-parent\" data-id=\"4d1fccf\" data-element_type=\"container\" data-e-type=\"container\">\n\t\t\t\t\t<div class=\"e-con-inner\">\n\t\t<div class=\"elementor-element elementor-element-17d8882 e-con-full e-flex e-con e-child\" data-id=\"17d8882\" data-element_type=\"container\" data-e-type=\"container\">\n\t\t\t\t<div class=\"elementor-element elementor-element-5af268e elementor-widget elementor-widget-ms_lms_authorization\" data-id=\"5af268e\" data-element_type=\"widget\" data-e-type=\"widget\" data-widget_type=\"ms_lms_authorization.default\">\n\t\t\t\t<div class=\"elementor-widget-container\">\n\t\t\t\t\t<script>\nvar authorization_data,\n\tauthorization_settings;\n\nif (typeof authorization_data === 'undefined') {\n\tauthorization_data = {\n\t\t'register_nonce': 'cb93f4e16e',\n\t\t'instructor_nonce': '2fc6e8091e',\n\t\t'login_nonce': '1a9eff189d',\n\t\t'restore_nonce': 'dfffcb1820',\n\t\t'ajax_url': 'https:\/\/integraliah.com\/wp-admin\/admin-ajax.php',\n\t\t'email_confirmation': '',\n\t\t'recaptcha_site_key': '',\n\t\t'default_fields': [],\n\t\t'additional_fields': [],\n\t\t'instructor_fields': [],\n\t\t'only_for_instructor': '',\n\t\t'user_account_page': 'https:\/\/integraliah.com\/fr\/user-account\/',\n\t\t'instructor_premoderation': '',\n\t};\n}\nif (typeof authorization_settings === 'undefined') {\n\tauthorization_settings = {\n\t\t'register_mode': '',\n\t\t'titles': {\"login\":{\"main\":\"Sign In\",\"account\":\"No account?\",\"separator\":\"or sign in with socials\"},\"register\":{\"main\":\"S'inscrire\",\"account\":\"Have account?\",\"separator\":\"or sign up with socials\"}},\n\t};\n}\n<\/script>\n<div class=\"masterstudy-authorization masterstudy-authorization_login\">\n\t<div class=\"masterstudy-authorization__wrapper\">\n\t\t<div class=\"masterstudy-authorization__header\">\n\t\t\t<span class=\"masterstudy-authorization__header-title\">\n\t\t\t\tSign In\t\t\t<\/span>\n\t\t<\/div>\n\t\t\t<div id=\"masterstudy-authorization-social-login\" class=\"masterstudy-authorization__social masterstudy-authorization__social_bottom\">\n\t\t\t\t\t<a href=\"https:\/\/accounts.google.com\/o\/oauth2\/auth?response_type=code&#038;access_type=offline&#038;client_id=994859616035-o5ondn4ptbism2ibqvpfeo60cugfujb8.apps.googleusercontent.com&#038;redirect_uri=https%3A%2F%2Fintegraliah.com%2F%3Faddon%3Dsocial_login%26provider%3Dgoogle&#038;state&#038;scope=email%20profile&#038;approval_prompt=force&#038;include_granted_scopes=true\" id=\"masterstudy-authorization-google-login\" class=\"masterstudy-authorization__social-google\">\n\t\t\t\t<img decoding=\"async\" src=\"https:\/\/integraliah.com\/wp-content\/plugins\/masterstudy-lms-learning-management-system\/_core\/assets\/icons\/social\/google.svg\">\n\t\t\t\tGoogle\t\t\t<\/a>\n\t\t\t\t\t<\/div>\n\t<div id=\"masterstudy-authorization-social-register\" class=\"masterstudy-authorization__social masterstudy-authorization__social_bottom\">\n\t\t\t\t\t<a href=\"https:\/\/accounts.google.com\/o\/oauth2\/auth?response_type=code&#038;access_type=offline&#038;client_id=994859616035-o5ondn4ptbism2ibqvpfeo60cugfujb8.apps.googleusercontent.com&#038;redirect_uri=https%3A%2F%2Fintegraliah.com%2F%3Faddon%3Dsocial_login%26provider%3Dgoogle&#038;state&#038;scope=email%20profile&#038;approval_prompt=force&#038;include_granted_scopes=true\" id=\"masterstudy-authorization-google-register\" class=\"masterstudy-authorization__social-google\">\n\t\t\t\t<img decoding=\"async\" src=\"https:\/\/integraliah.com\/wp-content\/plugins\/masterstudy-lms-learning-management-system\/_core\/assets\/icons\/social\/google.svg\">\n\t\t\t\tGoogle\t\t\t<\/a>\n\t\t\t\t<\/div>\n\t\t<div class=\"masterstudy-authorization__separator  masterstudy-authorization__separator_bottom\">\n\t\t<span class=\"masterstudy-authorization__separator-line\"><\/span>\n\t\t<span class=\"masterstudy-authorization__separator-title\">\n\t\t\tor sign in with socials\t\t<\/span>\n\t\t<span class=\"masterstudy-authorization__separator-line\"><\/span>\n\t<\/div>\n\t<div id=\"masterstudy-authorization-form-login\" class=\"masterstudy-authorization__form\">\n\t<div class=\"masterstudy-authorization__form-wrapper\">\n\t\t<div class=\"masterstudy-authorization__form-field\">\n\t\t\t<input type=\"text\" name=\"user_login\" class=\"masterstudy-authorization__form-input\" placeholder=\"Enter email or username\">\n\t\t<\/div>\n\t\t<div class=\"masterstudy-authorization__form-field\">\n\t\t\t<input type=\"password\" name=\"user_password\" class=\"masterstudy-authorization__form-input masterstudy-authorization__form-input_pass\" placeholder=\"Entrez le mot de passe\">\n\t\t\t<span class=\"masterstudy-authorization__form-show-pass\"><\/span>\n\t\t<\/div>\n\t<\/div>\n<\/div>\n\n<div id=\"masterstudy-authorization-form-register\" class=\"masterstudy-authorization__form\">\n\t<div class=\"masterstudy-authorization__form-wrapper\">\n\t\t\t\t\t<div class=\"masterstudy-authorization__form-field\">\n\t\t\t\t<input type=\"text\" name=\"register_user_email\" class=\"masterstudy-authorization__form-input\" placeholder=\"Entrez votre adresse \u00e9lectronique\">\n\t\t\t<\/div>\n\t\t\t<div class=\"masterstudy-authorization__form-field\">\n\t\t\t\t<input type=\"text\" name=\"register_user_login\" class=\"masterstudy-authorization__form-input\" placeholder=\"Saisissez un identifiant\">\n\t\t\t<\/div>\n\t\t\t<div class=\"masterstudy-authorization__form-field\">\n\t\t\t\t<input type=\"password\" name=\"register_user_password\" class=\"masterstudy-authorization__form-input masterstudy-authorization__form-input_pass\" placeholder=\"Entrez le mot de passe\">\n\t\t\t\t\t\t\t\t<span class=\"masterstudy-authorization__form-show-pass\"><\/span>\n\t\t\t\t\t\t\t\t<span class=\"masterstudy-authorization__form-explain-pass\">\n\t\t\t\t\tThe password must have a minimum of 8 characters of numbers and letters, contain at least 1 capital letter\t\t\t\t<\/span>\n\t\t\t\t\t\t\t<\/div>\n\t\t\t<div class=\"masterstudy-authorization__form-field\">\n\t\t\t\t<input type=\"password\" name=\"register_user_password_re\" class=\"masterstudy-authorization__form-input masterstudy-authorization__form-input_pass\" placeholder=\"Repeat password\">\n\t\t\t\t<span class=\"masterstudy-authorization__form-show-pass\"><\/span>\n\t\t\t<\/div>\n\t\t\t\t<\/div>\n<\/div>\n\t\t<div class=\"masterstudy-authorization__actions\">\n\t\t\t<div class=\"masterstudy-authorization__actions-remember\">\n\t\t\t\t<div class=\"masterstudy-authorization__checkbox\">\n\t\t\t\t\t<input type=\"checkbox\" name=\"masterstudy-authorization-remember\" id=\"masterstudy-authorization-remember\"\/>\n\t\t\t\t\t<span class=\"masterstudy-authorization__checkbox-wrapper\"><\/span>\n\t\t\t\t<\/div>\n\t\t\t\t<span class=\"masterstudy-authorization__checkbox-title\">\n\t\t\t\t\tSe souvenir de moi\t\t\t\t<\/span>\n\t\t\t<\/div>\n\t\t\t\n<a\n\thref=\"#\"\n\t\t\tclass=\"masterstudy-button masterstudy-button_style-primary masterstudy-button_size-sm\"\n\t data-id=\"masterstudy-authorization-login-button\">\n\t<span class=\"masterstudy-button__title\">Sign In<\/span>\n<\/a>\n\t\t\t\n<a\n\thref=\"#\"\n\t\t\tclass=\"masterstudy-button masterstudy-button_style-primary masterstudy-button_size-sm\"\n\t data-id=\"masterstudy-authorization-register-button\">\n\t<span class=\"masterstudy-button__title\">S&#039;inscrire<\/span>\n<\/a>\n\t\t<\/div>\n\t<\/div>\n\t<div class=\"masterstudy-authorization__restore\">\n\t<div class=\"masterstudy-authorization__restore-header\">\n\t\t<span class=\"masterstudy-authorization__restore-header-back\"><\/span>\n\t\t<span class=\"masterstudy-authorization__restore-header-title\">\n\t\t\tRestaurer le mot de passe\t\t<\/span>\n\t<\/div>\n\t<div id=\"masterstudy-authorization-form-restore\" class=\"masterstudy-authorization__form\">\n\t\t<div class=\"masterstudy-authorization__form-wrapper\">\n\t\t\t<div class=\"masterstudy-authorization__form-field\">\n\t\t\t\t<input type=\"text\" name=\"restore_user_login\" class=\"masterstudy-authorization__form-input\" placeholder=\"Entrez votre adresse \u00e9lectronique\">\n\t\t\t<\/div>\n\t\t<\/div>\n\t<\/div>\n\t<div class=\"masterstudy-authorization__actions\">\n\t\t\n<a\n\thref=\"#\"\n\t\t\tclass=\"masterstudy-button masterstudy-button_style-primary masterstudy-button_size-sm\"\n\t data-id=\"masterstudy-authorization-restore-button\">\n\t<span class=\"masterstudy-button__title\">Send reset link<\/span>\n<\/a>\n\t<\/div>\n<\/div>\n\n<div id=\"masterstudy-authorization-restore-pass\" class=\"masterstudy-authorization__send-mail\">\n\t<div class=\"masterstudy-authorization__send-mail-icon-wrapper\">\n\t\t<span class=\"masterstudy-authorization__send-mail-icon\"><\/span>\n\t<\/div>\n\t<span class=\"masterstudy-authorization__send-mail-content\">\n\t\t<span class=\"masterstudy-authorization__send-mail-content-title\">\n\t\t\tPassword reset link sent\t\t<\/span>\n\t\t<span class=\"masterstudy-authorization__send-mail-content-subtitle\">\n\t\t\tto your email\t\t<\/span>\n\t<\/span>\n\t<\/div>\n\t\t<div class=\"masterstudy-authorization__switch\">\n\t\t\t<div class=\"masterstudy-authorization__switch-wrapper\">\n\t\t\t\t\t\t\t\t\t<div class=\"masterstudy-authorization__switch-account\">\n\t\t\t\t\t\t<span class=\"masterstudy-authorization__switch-account-title\">\n\t\t\t\t\t\t\tNo account?\t\t\t\t\t\t<\/span>\n\t\t\t\t\t\t<a href=\"#\" id=\"masterstudy-authorization-sign-up\" class=\"masterstudy-authorization__switch-account-link\">\n\t\t\t\t\t\t\tS&#039;inscrire\t\t\t\t\t\t<\/a>\n\t\t\t\t\t\t<a href=\"#\" id=\"masterstudy-authorization-sign-in\" class=\"masterstudy-authorization__switch-account-link\">\n\t\t\t\t\t\t\tSign In\t\t\t\t\t\t<\/a>\n\t\t\t\t\t<\/div>\n\t\t\t\t\t\t\t\t\t\t\t\t<span class=\"masterstudy-authorization__switch-lost-pass\">\n\t\t\t\t\t\tMot de passe perdu\t\t\t\t<\/span>\n\t\t\t<\/div>\n\t\t<\/div>\n\t<\/div>\n\t\t\t\t<\/div>\n\t\t\t\t<\/div>\n\t\t\t\t<\/div>\n\t\t\t\t\t<\/div>\n\t\t\t\t<\/div>\n\t\t\t\t<\/div>","protected":false},"excerpt":{"rendered":"<p>You are already logged in! Go to Profile<\/p>","protected":false},"author":2,"featured_media":0,"parent":0,"menu_order":0,"comment_status":"closed","ping_status":"closed","template":"elementor_header_footer","meta":{"footnotes":""},"class_list":["post-53626","page","type-page","status-publish","hentry"],"yoast_head":"<!-- This site is optimized with the Yoast SEO plugin v27.3 - https:\/\/yoast.com\/product\/yoast-seo-wordpress\/ -->\n<title>User Account Login - Integraliah<\/title>\n<meta name=\"robots\" content=\"index, follow, max-snippet:-1, max-image-preview:large, max-video-preview:-1\" \/>\n<link rel=\"canonical\" href=\"https:\/\/integraliah.com\/fr\/user-account-login\/\" \/>\n<meta property=\"og:locale\" content=\"fr_FR\" \/>\n<meta property=\"og:type\" content=\"article\" \/>\n<meta property=\"og:title\" content=\"User Account Login - Integraliah\" \/>\n<meta property=\"og:description\" content=\"You are already logged in! Go to Profile\" \/>\n<meta property=\"og:url\" content=\"https:\/\/integraliah.com\/fr\/user-account-login\/\" \/>\n<meta property=\"og:site_name\" content=\"Ulpan in Tel Aviv &amp; Online\" \/>\n<meta property=\"article:publisher\" content=\"https:\/\/www.facebook.com\/integraliah\" \/>\n<meta property=\"article:modified_time\" content=\"2025-10-29T15:02:54+00:00\" \/>\n<meta property=\"og:image\" content=\"https:\/\/integraliah.com\/wp-content\/uploads\/integraliah-05-1.png\" \/>\n\t<meta property=\"og:image:width\" content=\"2033\" \/>\n\t<meta property=\"og:image:height\" content=\"571\" \/>\n\t<meta property=\"og:image:type\" content=\"image\/png\" \/>\n<meta name=\"twitter:card\" content=\"summary_large_image\" \/>\n<meta name=\"twitter:label1\" content=\"Dur\u00e9e de lecture estim\u00e9e\" \/>\n\t<meta name=\"twitter:data1\" content=\"1 minute\" \/>\n<script type=\"application\/ld+json\" class=\"yoast-schema-graph\">{\"@context\":\"https:\\\/\\\/schema.org\",\"@graph\":[{\"@type\":\"WebPage\",\"@id\":\"https:\\\/\\\/integraliah.com\\\/fr\\\/user-account-login\\\/\",\"url\":\"https:\\\/\\\/integraliah.com\\\/fr\\\/user-account-login\\\/\",\"name\":\"User Account Login - Integraliah\",\"isPartOf\":{\"@id\":\"https:\\\/\\\/integraliah.com\\\/fr\\\/#website\"},\"datePublished\":\"2025-10-29T14:45:46+00:00\",\"dateModified\":\"2025-10-29T15:02:54+00:00\",\"breadcrumb\":{\"@id\":\"https:\\\/\\\/integraliah.com\\\/fr\\\/user-account-login\\\/#breadcrumb\"},\"inLanguage\":\"fr-FR\",\"potentialAction\":[{\"@type\":\"ReadAction\",\"target\":[\"https:\\\/\\\/integraliah.com\\\/fr\\\/user-account-login\\\/\"]}]},{\"@type\":\"BreadcrumbList\",\"@id\":\"https:\\\/\\\/integraliah.com\\\/fr\\\/user-account-login\\\/#breadcrumb\",\"itemListElement\":[{\"@type\":\"ListItem\",\"position\":1,\"name\":\"Ulpan\",\"item\":\"https:\\\/\\\/integraliah.com\\\/\"},{\"@type\":\"ListItem\",\"position\":2,\"name\":\"User Account Login\"}]},{\"@type\":\"WebSite\",\"@id\":\"https:\\\/\\\/integraliah.com\\\/fr\\\/#website\",\"url\":\"https:\\\/\\\/integraliah.com\\\/fr\\\/\",\"name\":\"Ulpan Integraliah : learn hebrew in Tel Aviv and Online\",\"description\":\"Learn Hebrew online or in Tel Aviv\",\"publisher\":{\"@id\":\"https:\\\/\\\/integraliah.com\\\/fr\\\/#organization\"},\"potentialAction\":[{\"@type\":\"SearchAction\",\"target\":{\"@type\":\"EntryPoint\",\"urlTemplate\":\"https:\\\/\\\/integraliah.com\\\/fr\\\/?s={search_term_string}\"},\"query-input\":{\"@type\":\"PropertyValueSpecification\",\"valueRequired\":true,\"valueName\":\"search_term_string\"}}],\"inLanguage\":\"fr-FR\"},{\"@type\":\"Organization\",\"@id\":\"https:\\\/\\\/integraliah.com\\\/fr\\\/#organization\",\"name\":\"Ulpan integraliah - Learn Hebrew in Tel Aviv and online\",\"url\":\"https:\\\/\\\/integraliah.com\\\/fr\\\/\",\"logo\":{\"@type\":\"ImageObject\",\"inLanguage\":\"fr-FR\",\"@id\":\"https:\\\/\\\/integraliah.com\\\/fr\\\/#\\\/schema\\\/logo\\\/image\\\/\",\"url\":\"https:\\\/\\\/integraliah.com\\\/wp-content\\\/uploads\\\/2019\\\/04\\\/integraliah-05.png\",\"contentUrl\":\"https:\\\/\\\/integraliah.com\\\/wp-content\\\/uploads\\\/2019\\\/04\\\/integraliah-05.png\",\"width\":2033,\"height\":571,\"caption\":\"Ulpan integraliah - Learn Hebrew in Tel Aviv and online\"},\"image\":{\"@id\":\"https:\\\/\\\/integraliah.com\\\/fr\\\/#\\\/schema\\\/logo\\\/image\\\/\"},\"sameAs\":[\"https:\\\/\\\/www.facebook.com\\\/integraliah\",\"https:\\\/\\\/www.instagram.com\\\/integraliah\\\/\",\"https:\\\/\\\/www.youtube.com\\\/channel\\\/UCPw8n7thwyfTvGk3ftN0Xgw\"]}]}<\/script>\n<!-- \/ Yoast SEO plugin. -->","yoast_head_json":{"title":"User Account Login - Integraliah","robots":{"index":"index","follow":"follow","max-snippet":"max-snippet:-1","max-image-preview":"max-image-preview:large","max-video-preview":"max-video-preview:-1"},"canonical":"https:\/\/integraliah.com\/fr\/user-account-login\/","og_locale":"fr_FR","og_type":"article","og_title":"User Account Login - Integraliah","og_description":"You are already logged in! Go to Profile","og_url":"https:\/\/integraliah.com\/fr\/user-account-login\/","og_site_name":"Ulpan in Tel Aviv &amp; Online","article_publisher":"https:\/\/www.facebook.com\/integraliah","article_modified_time":"2025-10-29T15:02:54+00:00","og_image":[{"width":2033,"height":571,"url":"https:\/\/integraliah.com\/wp-content\/uploads\/integraliah-05-1.png","type":"image\/png"}],"twitter_card":"summary_large_image","twitter_misc":{"Dur\u00e9e de lecture estim\u00e9e":"1 minute"},"schema":{"@context":"https:\/\/schema.org","@graph":[{"@type":"WebPage","@id":"https:\/\/integraliah.com\/fr\/user-account-login\/","url":"https:\/\/integraliah.com\/fr\/user-account-login\/","name":"User Account Login - Integraliah","isPartOf":{"@id":"https:\/\/integraliah.com\/fr\/#website"},"datePublished":"2025-10-29T14:45:46+00:00","dateModified":"2025-10-29T15:02:54+00:00","breadcrumb":{"@id":"https:\/\/integraliah.com\/fr\/user-account-login\/#breadcrumb"},"inLanguage":"fr-FR","potentialAction":[{"@type":"ReadAction","target":["https:\/\/integraliah.com\/fr\/user-account-login\/"]}]},{"@type":"BreadcrumbList","@id":"https:\/\/integraliah.com\/fr\/user-account-login\/#breadcrumb","itemListElement":[{"@type":"ListItem","position":1,"name":"Ulpan","item":"https:\/\/integraliah.com\/"},{"@type":"ListItem","position":2,"name":"User Account Login"}]},{"@type":"WebSite","@id":"https:\/\/integraliah.com\/fr\/#website","url":"https:\/\/integraliah.com\/fr\/","name":"Ulpan Integraliah : apprendre l'h\u00e9breu \u00e0 Tel Aviv et en ligne","description":"Apprendre l'h\u00e9breu en ligne ou \u00e0 Tel Aviv","publisher":{"@id":"https:\/\/integraliah.com\/fr\/#organization"},"potentialAction":[{"@type":"SearchAction","target":{"@type":"EntryPoint","urlTemplate":"https:\/\/integraliah.com\/fr\/?s={search_term_string}"},"query-input":{"@type":"PropertyValueSpecification","valueRequired":true,"valueName":"search_term_string"}}],"inLanguage":"fr-FR"},{"@type":"Organization","@id":"https:\/\/integraliah.com\/fr\/#organization","name":"Ulpan integraliah - Apprendre l'h\u00e9breu \u00e0 Tel Aviv et en ligne","url":"https:\/\/integraliah.com\/fr\/","logo":{"@type":"ImageObject","inLanguage":"fr-FR","@id":"https:\/\/integraliah.com\/fr\/#\/schema\/logo\/image\/","url":"https:\/\/integraliah.com\/wp-content\/uploads\/2019\/04\/integraliah-05.png","contentUrl":"https:\/\/integraliah.com\/wp-content\/uploads\/2019\/04\/integraliah-05.png","width":2033,"height":571,"caption":"Ulpan integraliah - Learn Hebrew in Tel Aviv and online"},"image":{"@id":"https:\/\/integraliah.com\/fr\/#\/schema\/logo\/image\/"},"sameAs":["https:\/\/www.facebook.com\/integraliah","https:\/\/www.instagram.com\/integraliah\/","https:\/\/www.youtube.com\/channel\/UCPw8n7thwyfTvGk3ftN0Xgw"]}]}},"_links":{"self":[{"href":"https:\/\/integraliah.com\/fr\/wp-json\/wp\/v2\/pages\/53626","targetHints":{"allow":["GET"]}}],"collection":[{"href":"https:\/\/integraliah.com\/fr\/wp-json\/wp\/v2\/pages"}],"about":[{"href":"https:\/\/integraliah.com\/fr\/wp-json\/wp\/v2\/types\/page"}],"author":[{"embeddable":true,"href":"https:\/\/integraliah.com\/fr\/wp-json\/wp\/v2\/users\/2"}],"replies":[{"embeddable":true,"href":"https:\/\/integraliah.com\/fr\/wp-json\/wp\/v2\/comments?post=53626"}],"version-history":[{"count":5,"href":"https:\/\/integraliah.com\/fr\/wp-json\/wp\/v2\/pages\/53626\/revisions"}],"predecessor-version":[{"id":53638,"href":"https:\/\/integraliah.com\/fr\/wp-json\/wp\/v2\/pages\/53626\/revisions\/53638"}],"wp:attachment":[{"href":"https:\/\/integraliah.com\/fr\/wp-json\/wp\/v2\/media?parent=53626"}],"curies":[{"name":"wp","href":"https:\/\/api.w.org\/{rel}","templated":true}]}}