{"id":6544,"date":"2021-03-17T13:06:05","date_gmt":"2021-03-17T13:06:05","guid":{"rendered":"https:\/\/integraliah.com\/?page_id=6544"},"modified":"2021-08-01T11:37:17","modified_gmt":"2021-08-01T11:37:17","slug":"past","status":"publish","type":"page","link":"https:\/\/integraliah.com\/fr\/past\/","title":{"rendered":"\u05d4\u05db\u05e9\u05e8\u05ea \u05de\u05d5\u05e8\u05d9\u05dd &#8211; \u05e2\u05d1\u05e8"},"content":{"rendered":"","protected":true},"excerpt":{"rendered":"","protected":true},"author":2,"featured_media":0,"parent":0,"menu_order":0,"comment_status":"closed","ping_status":"closed","template":"","meta":{"footnotes":""},"class_list":["post-6544","page","type-page","status-publish","post-password-required","hentry"],"yoast_head":"<!-- This site is optimized with the Yoast SEO plugin v27.5 - https:\/\/yoast.com\/product\/yoast-seo-wordpress\/ -->\n<title>\u05d4\u05db\u05e9\u05e8\u05ea \u05de\u05d5\u05e8\u05d9\u05dd - \u05e2\u05d1\u05e8 - Integraliah<\/title>\n<meta name=\"robots\" content=\"index, follow, max-snippet:-1, max-image-preview:large, max-video-preview:-1\" \/>\n<link rel=\"canonical\" href=\"https:\/\/integraliah.com\/fr\/past\/\" \/>\n<meta property=\"og:locale\" content=\"fr_FR\" \/>\n<meta property=\"og:type\" content=\"article\" \/>\n<meta property=\"og:title\" content=\"\u05d4\u05db\u05e9\u05e8\u05ea \u05de\u05d5\u05e8\u05d9\u05dd - \u05e2\u05d1\u05e8 - Integraliah\" \/>\n<meta property=\"og:description\" content=\"Il n\u2019y a pas d\u2019extrait, car cette publication est prot\u00e9g\u00e9e.\" \/>\n<meta property=\"og:url\" content=\"https:\/\/integraliah.com\/fr\/past\/\" \/>\n<meta property=\"og:site_name\" content=\"Ulpan in Tel Aviv &amp; Online\" \/>\n<meta property=\"article:publisher\" content=\"https:\/\/www.facebook.com\/integraliah\" \/>\n<meta property=\"article:modified_time\" content=\"2021-08-01T11:37:17+00:00\" \/>\n<meta name=\"twitter:card\" content=\"summary_large_image\" \/>\n<meta name=\"twitter:label1\" content=\"Dur\u00e9e de lecture estim\u00e9e\" \/>\n\t<meta name=\"twitter:data1\" content=\"1 minute\" \/>\n<script type=\"application\/ld+json\" class=\"yoast-schema-graph\">{\"@context\":\"https:\\\/\\\/schema.org\",\"@graph\":[{\"@type\":\"WebPage\",\"@id\":\"https:\\\/\\\/integraliah.com\\\/fr\\\/past\\\/\",\"url\":\"https:\\\/\\\/integraliah.com\\\/fr\\\/past\\\/\",\"name\":\"\u05d4\u05db\u05e9\u05e8\u05ea \u05de\u05d5\u05e8\u05d9\u05dd - \u05e2\u05d1\u05e8 - Integraliah\",\"isPartOf\":{\"@id\":\"https:\\\/\\\/integraliah.com\\\/fr\\\/#website\"},\"datePublished\":\"2021-03-17T13:06:05+00:00\",\"dateModified\":\"2021-08-01T11:37:17+00:00\",\"breadcrumb\":{\"@id\":\"https:\\\/\\\/integraliah.com\\\/fr\\\/past\\\/#breadcrumb\"},\"inLanguage\":\"fr-FR\"},{\"@type\":\"WebSite\",\"@id\":\"https:\\\/\\\/integraliah.com\\\/fr\\\/#website\",\"url\":\"https:\\\/\\\/integraliah.com\\\/fr\\\/\",\"name\":\"Ulpan Integraliah : learn hebrew in Tel Aviv and Online\",\"description\":\"Learn Hebrew online or in Tel Aviv\",\"publisher\":{\"@id\":\"https:\\\/\\\/integraliah.com\\\/fr\\\/#organization\"},\"potentialAction\":[{\"@type\":\"SearchAction\",\"target\":{\"@type\":\"EntryPoint\",\"urlTemplate\":\"https:\\\/\\\/integraliah.com\\\/fr\\\/?s={search_term_string}\"},\"query-input\":{\"@type\":\"PropertyValueSpecification\",\"valueRequired\":true,\"valueName\":\"search_term_string\"}}],\"inLanguage\":\"fr-FR\"},{\"@type\":\"Organization\",\"@id\":\"https:\\\/\\\/integraliah.com\\\/fr\\\/#organization\",\"name\":\"Ulpan integraliah - Learn Hebrew in Tel Aviv and online\",\"url\":\"https:\\\/\\\/integraliah.com\\\/fr\\\/\",\"logo\":{\"@type\":\"ImageObject\",\"inLanguage\":\"fr-FR\",\"@id\":\"https:\\\/\\\/integraliah.com\\\/fr\\\/#\\\/schema\\\/logo\\\/image\\\/\",\"url\":\"https:\\\/\\\/integraliah.com\\\/wp-content\\\/uploads\\\/2019\\\/04\\\/integraliah-05.png\",\"contentUrl\":\"https:\\\/\\\/integraliah.com\\\/wp-content\\\/uploads\\\/2019\\\/04\\\/integraliah-05.png\",\"width\":2033,\"height\":571,\"caption\":\"Ulpan integraliah - Learn Hebrew in Tel Aviv and online\"},\"image\":{\"@id\":\"https:\\\/\\\/integraliah.com\\\/fr\\\/#\\\/schema\\\/logo\\\/image\\\/\"},\"sameAs\":[\"https:\\\/\\\/www.facebook.com\\\/integraliah\",\"https:\\\/\\\/www.instagram.com\\\/integraliah\\\/\",\"https:\\\/\\\/www.youtube.com\\\/channel\\\/UCPw8n7thwyfTvGk3ftN0Xgw\"]}]}<\/script>\n<!-- \/ Yoast SEO plugin. -->","yoast_head_json":{"title":"\u05d4\u05db\u05e9\u05e8\u05ea \u05de\u05d5\u05e8\u05d9\u05dd - \u05e2\u05d1\u05e8 - Integraliah","robots":{"index":"index","follow":"follow","max-snippet":"max-snippet:-1","max-image-preview":"max-image-preview:large","max-video-preview":"max-video-preview:-1"},"canonical":"https:\/\/integraliah.com\/fr\/past\/","og_locale":"fr_FR","og_type":"article","og_title":"\u05d4\u05db\u05e9\u05e8\u05ea \u05de\u05d5\u05e8\u05d9\u05dd - \u05e2\u05d1\u05e8 - Integraliah","og_description":"Il n\u2019y a pas d\u2019extrait, car cette publication est prot\u00e9g\u00e9e.","og_url":"https:\/\/integraliah.com\/fr\/past\/","og_site_name":"Ulpan in Tel Aviv &amp; Online","article_publisher":"https:\/\/www.facebook.com\/integraliah","article_modified_time":"2021-08-01T11:37:17+00:00","twitter_card":"summary_large_image","twitter_misc":{"Dur\u00e9e de lecture estim\u00e9e":"1 minute"},"schema":{"@context":"https:\/\/schema.org","@graph":[{"@type":"WebPage","@id":"https:\/\/integraliah.com\/fr\/past\/","url":"https:\/\/integraliah.com\/fr\/past\/","name":"\u05d4\u05db\u05e9\u05e8\u05ea \u05de\u05d5\u05e8\u05d9\u05dd - \u05e2\u05d1\u05e8 - Integraliah","isPartOf":{"@id":"https:\/\/integraliah.com\/fr\/#website"},"datePublished":"2021-03-17T13:06:05+00:00","dateModified":"2021-08-01T11:37:17+00:00","breadcrumb":{"@id":"https:\/\/integraliah.com\/fr\/past\/#breadcrumb"},"inLanguage":"fr-FR"},{"@type":"WebSite","@id":"https:\/\/integraliah.com\/fr\/#website","url":"https:\/\/integraliah.com\/fr\/","name":"Ulpan Integraliah : apprendre l'h\u00e9breu \u00e0 Tel Aviv et en ligne","description":"Apprendre l'h\u00e9breu en ligne ou \u00e0 Tel Aviv","publisher":{"@id":"https:\/\/integraliah.com\/fr\/#organization"},"potentialAction":[{"@type":"SearchAction","target":{"@type":"EntryPoint","urlTemplate":"https:\/\/integraliah.com\/fr\/?s={search_term_string}"},"query-input":{"@type":"PropertyValueSpecification","valueRequired":true,"valueName":"search_term_string"}}],"inLanguage":"fr-FR"},{"@type":"Organization","@id":"https:\/\/integraliah.com\/fr\/#organization","name":"Ulpan integraliah - Apprendre l'h\u00e9breu \u00e0 Tel Aviv et en ligne","url":"https:\/\/integraliah.com\/fr\/","logo":{"@type":"ImageObject","inLanguage":"fr-FR","@id":"https:\/\/integraliah.com\/fr\/#\/schema\/logo\/image\/","url":"https:\/\/integraliah.com\/wp-content\/uploads\/2019\/04\/integraliah-05.png","contentUrl":"https:\/\/integraliah.com\/wp-content\/uploads\/2019\/04\/integraliah-05.png","width":2033,"height":571,"caption":"Ulpan integraliah - Learn Hebrew in Tel Aviv and online"},"image":{"@id":"https:\/\/integraliah.com\/fr\/#\/schema\/logo\/image\/"},"sameAs":["https:\/\/www.facebook.com\/integraliah","https:\/\/www.instagram.com\/integraliah\/","https:\/\/www.youtube.com\/channel\/UCPw8n7thwyfTvGk3ftN0Xgw"]}]}},"_links":{"self":[{"href":"https:\/\/integraliah.com\/fr\/wp-json\/wp\/v2\/pages\/6544","targetHints":{"allow":["GET"]}}],"collection":[{"href":"https:\/\/integraliah.com\/fr\/wp-json\/wp\/v2\/pages"}],"about":[{"href":"https:\/\/integraliah.com\/fr\/wp-json\/wp\/v2\/types\/page"}],"author":[{"embeddable":true,"href":"https:\/\/integraliah.com\/fr\/wp-json\/wp\/v2\/users\/2"}],"replies":[{"embeddable":true,"href":"https:\/\/integraliah.com\/fr\/wp-json\/wp\/v2\/comments?post=6544"}],"version-history":[{"count":0,"href":"https:\/\/integraliah.com\/fr\/wp-json\/wp\/v2\/pages\/6544\/revisions"}],"wp:attachment":[{"href":"https:\/\/integraliah.com\/fr\/wp-json\/wp\/v2\/media?parent=6544"}],"curies":[{"name":"wp","href":"https:\/\/api.w.org\/{rel}","templated":true}]}}