{"id":6584,"date":"2021-03-21T08:39:51","date_gmt":"2021-03-21T08:39:51","guid":{"rendered":"https:\/\/integraliah.com\/?page_id=6584"},"modified":"2024-07-12T14:38:05","modified_gmt":"2024-07-12T14:38:05","slug":"hebrew-level","status":"publish","type":"page","link":"https:\/\/integraliah.com\/fr\/hebrew-level\/","title":{"rendered":"Hebrew Level"},"content":{"rendered":"<div data-elementor-type=\"wp-post\" data-elementor-id=\"6584\" class=\"elementor elementor-6584\" data-elementor-post-type=\"page\">\n\t\t\t\t\t\t<section class=\"elementor-section elementor-top-section elementor-element elementor-element-702a134 elementor-section-boxed elementor-section-height-default elementor-section-height-default\" data-id=\"702a134\" data-element_type=\"section\" data-e-type=\"section\" data-settings=\"{&quot;background_background&quot;:&quot;classic&quot;,&quot;shape_divider_bottom&quot;:&quot;waves&quot;}\">\n\t\t\t\t\t<div class=\"elementor-shape elementor-shape-bottom\" aria-hidden=\"true\" data-negative=\"false\">\n\t\t\t<svg xmlns=\"http:\/\/www.w3.org\/2000\/svg\" viewbox=\"0 0 1000 100\" preserveaspectratio=\"none\">\n\t<path class=\"elementor-shape-fill\" d=\"M421.9,6.5c22.6-2.5,51.5,0.4,75.5,5.3c23.6,4.9,70.9,23.5,100.5,35.7c75.8,32.2,133.7,44.5,192.6,49.7\tc23.6,2.1,48.7,3.5,103.4-2.5c54.7-6,106.2-25.6,106.2-25.6V0H0v30.3c0,0,72,32.6,158.4,30.5c39.2-0.7,92.8-6.7,134-22.4\tc21.2-8.1,52.2-18.2,79.7-24.2C399.3,7.9,411.6,7.5,421.9,6.5z\"\/>\n<\/svg>\t\t<\/div>\n\t\t\t\t\t<div class=\"elementor-container elementor-column-gap-default\">\n\t\t\t\t\t<div class=\"elementor-column elementor-col-100 elementor-top-column elementor-element elementor-element-af9d847\" data-id=\"af9d847\" data-element_type=\"column\" data-e-type=\"column\">\n\t\t\t<div class=\"elementor-widget-wrap elementor-element-populated\">\n\t\t\t\t\t\t<div class=\"elementor-element elementor-element-7dcc814 elementor-widget elementor-widget-heading\" data-id=\"7dcc814\" data-element_type=\"widget\" data-e-type=\"widget\" data-widget_type=\"heading.default\">\n\t\t\t\t<div class=\"elementor-widget-container\">\n\t\t\t\t\t<h1 class=\"elementor-heading-title elementor-size-default\">Testez gratuitement votre niveau d'h\u00e9breu en ligne<\/h1>\t\t\t\t<\/div>\n\t\t\t\t<\/div>\n\t\t\t\t<div class=\"elementor-element elementor-element-559cc90 elementor-widget-divider--view-line elementor-widget elementor-widget-divider\" data-id=\"559cc90\" data-element_type=\"widget\" data-e-type=\"widget\" data-widget_type=\"divider.default\">\n\t\t\t\t<div class=\"elementor-widget-container\">\n\t\t\t\t\t\t\t<div class=\"elementor-divider\">\n\t\t\t<span class=\"elementor-divider-separator\">\n\t\t\t\t\t\t<\/span>\n\t\t<\/div>\n\t\t\t\t\t\t<\/div>\n\t\t\t\t<\/div>\n\t\t\t\t<div class=\"elementor-element elementor-element-0359045 elementor-widget elementor-widget-heading\" data-id=\"0359045\" data-element_type=\"widget\" data-e-type=\"widget\" data-widget_type=\"heading.default\">\n\t\t\t\t<div class=\"elementor-widget-container\">\n\t\t\t\t\t<p class=\"elementor-heading-title elementor-size-default\">D\u00e9couvrez votre niveau d'h\u00e9breu. Testez votre niveau d'h\u00e9breu avant de commencer un oulpan ou simplement pour savoir quel est votre niveau d'h\u00e9breu actuel.<\/p>\t\t\t\t<\/div>\n\t\t\t\t<\/div>\n\t\t\t\t\t<\/div>\n\t\t<\/div>\n\t\t\t\t\t<\/div>\n\t\t<\/section>\n\t\t\t\t<section class=\"elementor-section elementor-top-section elementor-element elementor-element-a3c5f12 elementor-section-boxed elementor-section-height-default elementor-section-height-default\" data-id=\"a3c5f12\" data-element_type=\"section\" data-e-type=\"section\" data-settings=\"{&quot;background_background&quot;:&quot;classic&quot;}\">\n\t\t\t\t\t\t<div class=\"elementor-container elementor-column-gap-default\">\n\t\t\t\t\t<div class=\"elementor-column elementor-col-100 elementor-top-column elementor-element elementor-element-30295aa\" data-id=\"30295aa\" data-element_type=\"column\" data-e-type=\"column\">\n\t\t\t<div class=\"elementor-widget-wrap elementor-element-populated\">\n\t\t\t\t\t\t<div class=\"elementor-element elementor-element-671aafe elementor-align-center elementor-widget elementor-widget-button\" data-id=\"671aafe\" data-element_type=\"widget\" data-e-type=\"widget\" data-widget_type=\"button.default\">\n\t\t\t\t<div class=\"elementor-widget-container\">\n\t\t\t\t\t\t\t\t\t<div class=\"elementor-button-wrapper\">\n\t\t\t\t\t<a class=\"elementor-button elementor-button-link elementor-size-md\" href=\"https:\/\/docs.google.com\/forms\/d\/e\/1FAIpQLSfpAgz1-FO1i_kurXz7RQkQojxdFT_027TMaHRmOxfvlb_wPA\/viewform\">\n\t\t\t\t\t\t<span class=\"elementor-button-content-wrapper\">\n\t\t\t\t\t\t\t\t\t<span class=\"elementor-button-text\">Pour acc\u00e9der au test de niveau en fran\u00e7ais, cliquez-ici.<\/span>\n\t\t\t\t\t<\/span>\n\t\t\t\t\t<\/a>\n\t\t\t\t<\/div>\n\t\t\t\t\t\t\t\t<\/div>\n\t\t\t\t<\/div>\n\t\t\t\t\t<\/div>\n\t\t<\/div>\n\t\t\t\t\t<\/div>\n\t\t<\/section>\n\t\t\t\t<section class=\"elementor-section elementor-top-section elementor-element elementor-element-9b12605 elementor-section-boxed elementor-section-height-default elementor-section-height-default\" data-id=\"9b12605\" data-element_type=\"section\" data-e-type=\"section\" data-settings=\"{&quot;background_background&quot;:&quot;classic&quot;}\">\n\t\t\t\t\t\t<div class=\"elementor-container elementor-column-gap-default\">\n\t\t\t\t\t<div class=\"elementor-column elementor-col-100 elementor-top-column elementor-element elementor-element-e531106\" data-id=\"e531106\" data-element_type=\"column\" data-e-type=\"column\">\n\t\t\t<div class=\"elementor-widget-wrap elementor-element-populated\">\n\t\t\t\t\t\t<div class=\"elementor-element elementor-element-f5954b1 elementor-widget elementor-widget-html\" data-id=\"f5954b1\" data-element_type=\"widget\" data-e-type=\"widget\" data-widget_type=\"html.default\">\n\t\t\t\t<div class=\"elementor-widget-container\">\n\t\t\t\t\t<iframe src=\"https:\/\/docs.google.com\/forms\/d\/e\/1FAIpQLSemiiPZLyh9q7BwGNL1gSAQpvs0rq2e7iZf8AUiRse-WYndgQ\/viewform?embedded=true\" width=\"1000\" height=\"3000\" frameborder=\"0\" marginheight=\"0\" marginwidth=\"0\">Chargement en cours...<\/iframe>\t\t\t\t<\/div>\n\t\t\t\t<\/div>\n\t\t\t\t\t<\/div>\n\t\t<\/div>\n\t\t\t\t\t<\/div>\n\t\t<\/section>\n\t\t\t\t<section class=\"elementor-section elementor-top-section elementor-element elementor-element-dd480dd elementor-section-boxed elementor-section-height-default elementor-section-height-default\" data-id=\"dd480dd\" data-element_type=\"section\" data-e-type=\"section\" data-settings=\"{&quot;background_background&quot;:&quot;classic&quot;}\">\n\t\t\t\t\t\t<div class=\"elementor-container elementor-column-gap-default\">\n\t\t\t\t\t<div class=\"elementor-column elementor-col-100 elementor-top-column elementor-element elementor-element-d382568\" data-id=\"d382568\" data-element_type=\"column\" data-e-type=\"column\">\n\t\t\t<div class=\"elementor-widget-wrap elementor-element-populated\">\n\t\t\t\t\t\t<div class=\"elementor-element elementor-element-c591139 elementor-widget elementor-widget-heading\" data-id=\"c591139\" data-element_type=\"widget\" data-e-type=\"widget\" data-widget_type=\"heading.default\">\n\t\t\t\t<div class=\"elementor-widget-container\">\n\t\t\t\t\t<h2 class=\"elementor-heading-title elementor-size-default\">Comment tester son niveau d'h\u00e9breu ?<\/h2>\t\t\t\t<\/div>\n\t\t\t\t<\/div>\n\t\t\t\t<div class=\"elementor-element elementor-element-76d97cc elementor-widget elementor-widget-text-editor\" data-id=\"76d97cc\" data-element_type=\"widget\" data-e-type=\"widget\" data-widget_type=\"text-editor.default\">\n\t\t\t\t<div class=\"elementor-widget-container\">\n\t\t\t\t\t\t\t\t\t<p>Pour tester votre niveau d'h\u00e9breu, vous pouvez cr\u00e9er votre propre syst\u00e8me de notation. Par exemple, \u00eates-vous capable de comprendre une affiche publicitaire ou une publicit\u00e9 sur les m\u00e9dias sociaux en h\u00e9breu ? Un&nbsp;<a href=\"https:\/\/integraliah.com\/fr\/the-5-best-israeli-tv-shows-to-learn-hebrew\/\" target=\"_blank\">S\u00e9rie isra\u00e9lienne<\/a>? Une \u00e9mission de t\u00e9l\u00e9vision isra\u00e9lienne ? Un livre pour enfants en h\u00e9breu ? Un magazine en h\u00e9breu ? Un journal \u00e9conomique ou politique isra\u00e9lien tel que&nbsp;<a href=\"https:\/\/www.israelhayom.com\/\" target=\"_blank\" rel=\"noopener\">Isra\u00ebl Hayom<\/a>&nbsp;ou&nbsp;<a href=\"https:\/\/www.haaretz.com\/\" target=\"_blank\" rel=\"noopener\">Haaretz<\/a>? Un livre en h\u00e9breu ? Etes-vous capable d'avoir une conversation avec un enfant en h\u00e9breu ? Un chauffeur de bus ? Une personne de votre \u00e2ge ? Vous pr\u00e9senter \u00e0 un entretien d'embauche en h\u00e9breu ? De comprendre une recette en h\u00e9breu ? Il existe une multitude de fa\u00e7ons de tester votre propre niveau d'h\u00e9breu. A&nbsp;<a href=\"https:\/\/integraliah.com\/fr\/\" target=\"_blank\">Oulpan<\/a>&nbsp;Integraliah, nous avons rassembl\u00e9 quelques questions qui nous aideront \u00e0 d\u00e9terminer votre niveau d'h\u00e9breu et si vous devriez commencer un Oulpan.<\/p>\t\t\t\t\t\t\t\t<\/div>\n\t\t\t\t<\/div>\n\t\t\t\t<div class=\"elementor-element elementor-element-67059fa elementor-widget elementor-widget-heading\" data-id=\"67059fa\" data-element_type=\"widget\" data-e-type=\"widget\" data-widget_type=\"heading.default\">\n\t\t\t\t<div class=\"elementor-widget-container\">\n\t\t\t\t\t<h2 class=\"elementor-heading-title elementor-size-default\">Quelle est la meilleure m\u00e9thode pour apprendre l'h\u00e9breu ?<\/h2>\t\t\t\t<\/div>\n\t\t\t\t<\/div>\n\t\t\t\t<div class=\"elementor-element elementor-element-24cc246 elementor-widget elementor-widget-text-editor\" data-id=\"24cc246\" data-element_type=\"widget\" data-e-type=\"widget\" data-widget_type=\"text-editor.default\">\n\t\t\t\t<div class=\"elementor-widget-container\">\n\t\t\t\t\t\t\t\t\t<p>Ulpan Integraliah est une \u00e9cole de langues qui vous enseigne, contrairement aux autres oulpans isra\u00e9liens ou aux oulpans en ligne, un h\u00e9breu extr\u00eamement pratique, utile et efficace que vous pourrez utiliser d\u00e8s que vous aurez termin\u00e9 votre cours d'h\u00e9breu chez nous. Des professeurs jeunes, sympathiques et dynamiques sont \u00e0 votre disposition pour vous aider \u00e0 atteindre vos objectifs en Isra\u00ebl le plus rapidement possible. Notre objectif \u00e0 l'Oulpan Integraliah est de vous rendre ind\u00e9pendant en h\u00e9breu, afin que vous n'ayez plus jamais besoin de nous. Nous pensons qu'avec notre Oulpan vous pourrez trouver le travail de vos r\u00eaves en Isra\u00ebl, vous faire des amis, trouver l'\u00e2me s\u0153ur... Tout simplement vivre heureux en Isra\u00ebl et ma\u00eetriser la langue h\u00e9bra\u00efque rapidement. L'Oulpan Integraliah comprend la difficult\u00e9 de s'int\u00e9grer en Isra\u00ebl et de ma\u00eetriser l'h\u00e9breu.<a href=\"https:\/\/integraliah.com\/fr\/how-to-learn-hebrew-ultimate-guide-2020\/\" target=\"_blank\" rel=\"noopener\"> apprendre l'h\u00e9breu<\/a>\u00a0parce qu'elle a \u00e9t\u00e9 cr\u00e9\u00e9e par de nouveaux immigrants (Olim Chadashim). Nous avons rassembl\u00e9 toutes les meilleures m\u00e9thodes d'apprentissage de l'h\u00e9breu utilis\u00e9es par les immigrants qui ont le mieux r\u00e9ussi socialement et professionnellement en Isra\u00ebl pour vous les enseigner. Vous ne perdrez pas de temps \u00e0 essayer les meilleures m\u00e9thodes d'apprentissage de l'h\u00e9breu, nous l'avons d\u00e9j\u00e0 fait. <a href=\"https:\/\/integraliah.com\/fr\/integraliah-hub-coworking-space\/\">travail<\/a> pour vous.<\/p>\t\t\t\t\t\t\t\t<\/div>\n\t\t\t\t<\/div>\n\t\t\t\t\t<\/div>\n\t\t<\/div>\n\t\t\t\t\t<\/div>\n\t\t<\/section>\n\t\t\t\t<\/div>","protected":false},"excerpt":{"rendered":"<p>Test your Hebrew level online for free Find out your hebrew level. test your hebrew level before starting an ulpan or simply to know what&#8217;s your current hebrew level. Click here to do the Level test in French. Chargement en cours&#8230; How to test hebrew level? To test your Hebrew level you can create your [&hellip;]<\/p>\n","protected":false},"author":2,"featured_media":0,"parent":0,"menu_order":0,"comment_status":"closed","ping_status":"closed","template":"elementor_header_footer","meta":{"footnotes":""},"class_list":["post-6584","page","type-page","status-publish","hentry"],"yoast_head":"<!-- This site is optimized with the Yoast SEO plugin v27.3 - https:\/\/yoast.com\/product\/yoast-seo-wordpress\/ -->\n<title>Hebrew Level - Integraliah<\/title>\n<meta name=\"description\" content=\"Check your Hebrew Level online for free. Answer this questionnaire now and find out what is your hebrew level.\" \/>\n<meta name=\"robots\" content=\"index, follow, max-snippet:-1, max-image-preview:large, max-video-preview:-1\" \/>\n<link rel=\"canonical\" href=\"https:\/\/integraliah.com\/fr\/hebrew-level\/\" \/>\n<meta property=\"og:locale\" content=\"fr_FR\" \/>\n<meta property=\"og:type\" content=\"article\" \/>\n<meta property=\"og:title\" content=\"Hebrew Level - Integraliah\" \/>\n<meta property=\"og:description\" content=\"Check your Hebrew Level online for free. Answer this questionnaire now and find out what is your hebrew level.\" \/>\n<meta property=\"og:url\" content=\"https:\/\/integraliah.com\/fr\/hebrew-level\/\" \/>\n<meta property=\"og:site_name\" content=\"Ulpan in Tel Aviv &amp; Online\" \/>\n<meta property=\"article:publisher\" content=\"https:\/\/www.facebook.com\/integraliah\" \/>\n<meta property=\"article:modified_time\" content=\"2024-07-12T14:38:05+00:00\" \/>\n<meta property=\"og:image\" content=\"https:\/\/integraliah.com\/wp-content\/uploads\/integraliah-05-1.png\" \/>\n\t<meta property=\"og:image:width\" content=\"2033\" \/>\n\t<meta property=\"og:image:height\" content=\"571\" \/>\n\t<meta property=\"og:image:type\" content=\"image\/png\" \/>\n<meta name=\"twitter:card\" content=\"summary_large_image\" \/>\n<meta name=\"twitter:label1\" content=\"Dur\u00e9e de lecture estim\u00e9e\" \/>\n\t<meta name=\"twitter:data1\" content=\"2 minutes\" \/>\n<script type=\"application\/ld+json\" class=\"yoast-schema-graph\">{\"@context\":\"https:\\\/\\\/schema.org\",\"@graph\":[{\"@type\":\"WebPage\",\"@id\":\"https:\\\/\\\/integraliah.com\\\/fr\\\/hebrew-level\\\/\",\"url\":\"https:\\\/\\\/integraliah.com\\\/fr\\\/hebrew-level\\\/\",\"name\":\"Hebrew Level - Integraliah\",\"isPartOf\":{\"@id\":\"https:\\\/\\\/integraliah.com\\\/fr\\\/#website\"},\"datePublished\":\"2021-03-21T08:39:51+00:00\",\"dateModified\":\"2024-07-12T14:38:05+00:00\",\"description\":\"Check your Hebrew Level online for free. Answer this questionnaire now and find out what is your hebrew level.\",\"breadcrumb\":{\"@id\":\"https:\\\/\\\/integraliah.com\\\/fr\\\/hebrew-level\\\/#breadcrumb\"},\"inLanguage\":\"fr-FR\",\"potentialAction\":[{\"@type\":\"ReadAction\",\"target\":[\"https:\\\/\\\/integraliah.com\\\/fr\\\/hebrew-level\\\/\"]}]},{\"@type\":\"BreadcrumbList\",\"@id\":\"https:\\\/\\\/integraliah.com\\\/fr\\\/hebrew-level\\\/#breadcrumb\",\"itemListElement\":[{\"@type\":\"ListItem\",\"position\":1,\"name\":\"Ulpan\",\"item\":\"https:\\\/\\\/integraliah.com\\\/\"},{\"@type\":\"ListItem\",\"position\":2,\"name\":\"Hebrew Level\"}]},{\"@type\":\"WebSite\",\"@id\":\"https:\\\/\\\/integraliah.com\\\/fr\\\/#website\",\"url\":\"https:\\\/\\\/integraliah.com\\\/fr\\\/\",\"name\":\"Ulpan Integraliah : learn hebrew in Tel Aviv and Online\",\"description\":\"Learn Hebrew online or in Tel Aviv\",\"publisher\":{\"@id\":\"https:\\\/\\\/integraliah.com\\\/fr\\\/#organization\"},\"potentialAction\":[{\"@type\":\"SearchAction\",\"target\":{\"@type\":\"EntryPoint\",\"urlTemplate\":\"https:\\\/\\\/integraliah.com\\\/fr\\\/?s={search_term_string}\"},\"query-input\":{\"@type\":\"PropertyValueSpecification\",\"valueRequired\":true,\"valueName\":\"search_term_string\"}}],\"inLanguage\":\"fr-FR\"},{\"@type\":\"Organization\",\"@id\":\"https:\\\/\\\/integraliah.com\\\/fr\\\/#organization\",\"name\":\"Ulpan integraliah - Learn Hebrew in Tel Aviv and online\",\"url\":\"https:\\\/\\\/integraliah.com\\\/fr\\\/\",\"logo\":{\"@type\":\"ImageObject\",\"inLanguage\":\"fr-FR\",\"@id\":\"https:\\\/\\\/integraliah.com\\\/fr\\\/#\\\/schema\\\/logo\\\/image\\\/\",\"url\":\"https:\\\/\\\/integraliah.com\\\/wp-content\\\/uploads\\\/2019\\\/04\\\/integraliah-05.png\",\"contentUrl\":\"https:\\\/\\\/integraliah.com\\\/wp-content\\\/uploads\\\/2019\\\/04\\\/integraliah-05.png\",\"width\":2033,\"height\":571,\"caption\":\"Ulpan integraliah - Learn Hebrew in Tel Aviv and online\"},\"image\":{\"@id\":\"https:\\\/\\\/integraliah.com\\\/fr\\\/#\\\/schema\\\/logo\\\/image\\\/\"},\"sameAs\":[\"https:\\\/\\\/www.facebook.com\\\/integraliah\",\"https:\\\/\\\/www.instagram.com\\\/integraliah\\\/\",\"https:\\\/\\\/www.youtube.com\\\/channel\\\/UCPw8n7thwyfTvGk3ftN0Xgw\"]}]}<\/script>\n<!-- \/ Yoast SEO plugin. -->","yoast_head_json":{"title":"Niveau d'h\u00e9breu - Integraliah","description":"V\u00e9rifiez votre niveau d'h\u00e9breu en ligne et gratuitement. R\u00e9pondez \u00e0 ce questionnaire maintenant et d\u00e9couvrez quel est votre niveau d'h\u00e9breu.","robots":{"index":"index","follow":"follow","max-snippet":"max-snippet:-1","max-image-preview":"max-image-preview:large","max-video-preview":"max-video-preview:-1"},"canonical":"https:\/\/integraliah.com\/fr\/hebrew-level\/","og_locale":"fr_FR","og_type":"article","og_title":"Hebrew Level - Integraliah","og_description":"Check your Hebrew Level online for free. Answer this questionnaire now and find out what is your hebrew level.","og_url":"https:\/\/integraliah.com\/fr\/hebrew-level\/","og_site_name":"Ulpan in Tel Aviv &amp; Online","article_publisher":"https:\/\/www.facebook.com\/integraliah","article_modified_time":"2024-07-12T14:38:05+00:00","og_image":[{"width":2033,"height":571,"url":"https:\/\/integraliah.com\/wp-content\/uploads\/integraliah-05-1.png","type":"image\/png"}],"twitter_card":"summary_large_image","twitter_misc":{"Dur\u00e9e de lecture estim\u00e9e":"2 minutes"},"schema":{"@context":"https:\/\/schema.org","@graph":[{"@type":"WebPage","@id":"https:\/\/integraliah.com\/fr\/hebrew-level\/","url":"https:\/\/integraliah.com\/fr\/hebrew-level\/","name":"Niveau d'h\u00e9breu - Integraliah","isPartOf":{"@id":"https:\/\/integraliah.com\/fr\/#website"},"datePublished":"2021-03-21T08:39:51+00:00","dateModified":"2024-07-12T14:38:05+00:00","description":"V\u00e9rifiez votre niveau d'h\u00e9breu en ligne et gratuitement. R\u00e9pondez \u00e0 ce questionnaire maintenant et d\u00e9couvrez quel est votre niveau d'h\u00e9breu.","breadcrumb":{"@id":"https:\/\/integraliah.com\/fr\/hebrew-level\/#breadcrumb"},"inLanguage":"fr-FR","potentialAction":[{"@type":"ReadAction","target":["https:\/\/integraliah.com\/fr\/hebrew-level\/"]}]},{"@type":"BreadcrumbList","@id":"https:\/\/integraliah.com\/fr\/hebrew-level\/#breadcrumb","itemListElement":[{"@type":"ListItem","position":1,"name":"Ulpan","item":"https:\/\/integraliah.com\/"},{"@type":"ListItem","position":2,"name":"Hebrew Level"}]},{"@type":"WebSite","@id":"https:\/\/integraliah.com\/fr\/#website","url":"https:\/\/integraliah.com\/fr\/","name":"Ulpan Integraliah : apprendre l'h\u00e9breu \u00e0 Tel Aviv et en ligne","description":"Apprendre l'h\u00e9breu en ligne ou \u00e0 Tel Aviv","publisher":{"@id":"https:\/\/integraliah.com\/fr\/#organization"},"potentialAction":[{"@type":"SearchAction","target":{"@type":"EntryPoint","urlTemplate":"https:\/\/integraliah.com\/fr\/?s={search_term_string}"},"query-input":{"@type":"PropertyValueSpecification","valueRequired":true,"valueName":"search_term_string"}}],"inLanguage":"fr-FR"},{"@type":"Organization","@id":"https:\/\/integraliah.com\/fr\/#organization","name":"Ulpan integraliah - Apprendre l'h\u00e9breu \u00e0 Tel Aviv et en ligne","url":"https:\/\/integraliah.com\/fr\/","logo":{"@type":"ImageObject","inLanguage":"fr-FR","@id":"https:\/\/integraliah.com\/fr\/#\/schema\/logo\/image\/","url":"https:\/\/integraliah.com\/wp-content\/uploads\/2019\/04\/integraliah-05.png","contentUrl":"https:\/\/integraliah.com\/wp-content\/uploads\/2019\/04\/integraliah-05.png","width":2033,"height":571,"caption":"Ulpan integraliah - Learn Hebrew in Tel Aviv and online"},"image":{"@id":"https:\/\/integraliah.com\/fr\/#\/schema\/logo\/image\/"},"sameAs":["https:\/\/www.facebook.com\/integraliah","https:\/\/www.instagram.com\/integraliah\/","https:\/\/www.youtube.com\/channel\/UCPw8n7thwyfTvGk3ftN0Xgw"]}]}},"_links":{"self":[{"href":"https:\/\/integraliah.com\/fr\/wp-json\/wp\/v2\/pages\/6584","targetHints":{"allow":["GET"]}}],"collection":[{"href":"https:\/\/integraliah.com\/fr\/wp-json\/wp\/v2\/pages"}],"about":[{"href":"https:\/\/integraliah.com\/fr\/wp-json\/wp\/v2\/types\/page"}],"author":[{"embeddable":true,"href":"https:\/\/integraliah.com\/fr\/wp-json\/wp\/v2\/users\/2"}],"replies":[{"embeddable":true,"href":"https:\/\/integraliah.com\/fr\/wp-json\/wp\/v2\/comments?post=6584"}],"version-history":[{"count":3,"href":"https:\/\/integraliah.com\/fr\/wp-json\/wp\/v2\/pages\/6584\/revisions"}],"predecessor-version":[{"id":51372,"href":"https:\/\/integraliah.com\/fr\/wp-json\/wp\/v2\/pages\/6584\/revisions\/51372"}],"wp:attachment":[{"href":"https:\/\/integraliah.com\/fr\/wp-json\/wp\/v2\/media?parent=6584"}],"curies":[{"name":"wp","href":"https:\/\/api.w.org\/{rel}","templated":true}]}}