{"id":8170,"date":"2023-09-05T09:29:36","date_gmt":"2023-09-05T09:29:36","guid":{"rendered":"https:\/\/integraliah.com\/?page_id=8170"},"modified":"2024-03-20T10:26:53","modified_gmt":"2024-03-20T10:26:53","slug":"advanced","status":"publish","type":"page","link":"https:\/\/integraliah.com\/fr\/hebrew-podcast\/advanced\/","title":{"rendered":"Hebrew Podcast to learn hebrew : level advanced"},"content":{"rendered":"<iframe title=\"Top 5 places in Israel (Advanced Level \u201dTotachim\u201d)  | Learn Hebrew with Ulpan Integraliah Podcast\" allowtransparency=\"true\" height=\"150\" width=\"100%\" style=\"border: none; min-width: min(100%, 430px);height:150px;\" scrolling=\"no\" data-name=\"pb-iframe-player\" src=\"https:\/\/www.podbean.com\/player-v2\/?i=7yfde-1316b82-pb&#038;from=pb6admin&#038;share=1&#038;download=1&#038;rtl=0&#038;fonts=Arial&#038;skin=1&#038;font-color=auto&#038;logo_link=episode_page&#038;btn-skin=654771\" loading=\"lazy\"><\/iframe>\n\n\n\n<iframe title=\"Yossi Vardi : Father of the Start Up Nation (Advanced Level &quot;Totachim&quot;)  | Learn Hebrew with Ulpan Integraliah Podcast\" allowtransparency=\"true\" height=\"150\" width=\"100%\" style=\"border: none; min-width: min(100%, 430px);height:150px;\" scrolling=\"no\" data-name=\"pb-iframe-player\" src=\"https:\/\/www.podbean.com\/player-v2\/?i=ng3gh-fa0f3a-pb&#038;from=pb6admin&#038;share=1&#038;download=1&#038;rtl=0&#038;fonts=Arial&#038;skin=1&#038;font-color=auto&#038;logo_link=episode_page&#038;btn-skin=654771\" loading=\"lazy\"><\/iframe>\n\n\n\n<iframe title=\"When You're Sick, in Hebrew (Intermediate level) | Learn Hebrew with Ulpan Integraliah Podcast\" allowtransparency=\"true\" height=\"150\" width=\"100%\" style=\"border: none; min-width: min(100%, 430px);height:150px;\" scrolling=\"no\" data-name=\"pb-iframe-player\" src=\"https:\/\/www.podbean.com\/player-v2\/?i=k3yg4-f9523f-pb&#038;from=pb6admin&#038;share=1&#038;download=1&#038;rtl=0&#038;fonts=Arial&#038;skin=1&#038;font-color=auto&#038;logo_link=episode_page&#038;btn-skin=654771\" loading=\"lazy\"><\/iframe>\n\n\n\n<iframe title=\"When at the Bank in Israel (Intermediate level) | Learn Hebrew with Ulpan Integraliah Podcast\" allowtransparency=\"true\" height=\"150\" width=\"100%\" style=\"border: none; min-width: min(100%, 430px);height:150px;\" scrolling=\"no\" data-name=\"pb-iframe-player\" src=\"https:\/\/www.podbean.com\/player-v2\/?i=sm56x-fdd340-pb&#038;from=pb6admin&#038;share=1&#038;download=1&#038;rtl=0&#038;fonts=Arial&#038;skin=1&#038;font-color=auto&#038;logo_link=episode_page&#038;btn-skin=654771\" loading=\"lazy\"><\/iframe>\n\n\n\n<iframe title=\"Israeli Inventions (Advanced Level &quot;Totachim&quot;)  | Learn Hebrew with Ulpan Integraliah Podcast\" allowtransparency=\"true\" height=\"300\" width=\"100%\" style=\"border: none; min-width: min(100%, 430px);height:300px;\" scrolling=\"no\" data-name=\"pb-iframe-player\" src=\"https:\/\/www.podbean.com\/player-v2\/?from=embed&#038;i=39p4u-10c4d84-pb&#038;square=1&#038;share=1&#038;download=1&#038;fonts=Arial&#038;skin=1&#038;font-color=auto&#038;rtl=0&#038;logo_link=episode_page&#038;btn-skin=654771&#038;size=300\" loading=\"lazy\" allowfullscreen=\"\"><\/iframe>","protected":false},"excerpt":{"rendered":"","protected":false},"author":2,"featured_media":0,"parent":5332,"menu_order":0,"comment_status":"closed","ping_status":"closed","template":"","meta":{"footnotes":""},"class_list":["post-8170","page","type-page","status-publish","hentry"],"yoast_head":"<!-- This site is optimized with the Yoast SEO plugin v27.4 - https:\/\/yoast.com\/product\/yoast-seo-wordpress\/ -->\n<title>Hebrew Podcast to learn hebrew : level advanced | Ulpan Integraliah<\/title>\n<meta name=\"description\" content=\"Advance with Ulpan Integraliah&#039;s advanced Hebrew Podcast. Deepen your skills, grasp complex phrases, and immerse in Israeli culture.\" \/>\n<meta name=\"robots\" content=\"index, follow, max-snippet:-1, max-image-preview:large, max-video-preview:-1\" \/>\n<link rel=\"canonical\" href=\"https:\/\/integraliah.com\/fr\/hebrew-podcast\/advanced\/\" \/>\n<meta property=\"og:locale\" content=\"fr_FR\" \/>\n<meta property=\"og:type\" content=\"article\" \/>\n<meta property=\"og:title\" content=\"Hebrew Podcast to learn hebrew : level advanced | Ulpan Integraliah\" \/>\n<meta property=\"og:description\" content=\"Advance with Ulpan Integraliah&#039;s advanced Hebrew Podcast. Deepen your skills, grasp complex phrases, and immerse in Israeli culture.\" \/>\n<meta property=\"og:url\" content=\"https:\/\/integraliah.com\/fr\/hebrew-podcast\/advanced\/\" \/>\n<meta property=\"og:site_name\" content=\"Ulpan in Tel Aviv &amp; Online\" \/>\n<meta property=\"article:publisher\" content=\"https:\/\/www.facebook.com\/integraliah\" \/>\n<meta property=\"article:modified_time\" content=\"2024-03-20T10:26:53+00:00\" \/>\n<meta property=\"og:image\" content=\"https:\/\/integraliah.com\/wp-content\/uploads\/integraliah-05-1.png\" \/>\n\t<meta property=\"og:image:width\" content=\"2033\" \/>\n\t<meta property=\"og:image:height\" content=\"571\" \/>\n\t<meta property=\"og:image:type\" content=\"image\/png\" \/>\n<meta name=\"twitter:card\" content=\"summary_large_image\" \/>\n<script type=\"application\/ld+json\" class=\"yoast-schema-graph\">{\"@context\":\"https:\\\/\\\/schema.org\",\"@graph\":[{\"@type\":\"WebPage\",\"@id\":\"https:\\\/\\\/integraliah.com\\\/fr\\\/hebrew-podcast\\\/advanced\\\/\",\"url\":\"https:\\\/\\\/integraliah.com\\\/fr\\\/hebrew-podcast\\\/advanced\\\/\",\"name\":\"Hebrew Podcast to learn hebrew : level advanced | Ulpan Integraliah\",\"isPartOf\":{\"@id\":\"https:\\\/\\\/integraliah.com\\\/fr\\\/#website\"},\"datePublished\":\"2023-09-05T09:29:36+00:00\",\"dateModified\":\"2024-03-20T10:26:53+00:00\",\"description\":\"Advance with Ulpan Integraliah's advanced Hebrew Podcast. Deepen your skills, grasp complex phrases, and immerse in Israeli culture.\",\"breadcrumb\":{\"@id\":\"https:\\\/\\\/integraliah.com\\\/fr\\\/hebrew-podcast\\\/advanced\\\/#breadcrumb\"},\"inLanguage\":\"fr-FR\",\"potentialAction\":[{\"@type\":\"ReadAction\",\"target\":[\"https:\\\/\\\/integraliah.com\\\/fr\\\/hebrew-podcast\\\/advanced\\\/\"]}]},{\"@type\":\"BreadcrumbList\",\"@id\":\"https:\\\/\\\/integraliah.com\\\/fr\\\/hebrew-podcast\\\/advanced\\\/#breadcrumb\",\"itemListElement\":[{\"@type\":\"ListItem\",\"position\":1,\"name\":\"Ulpan\",\"item\":\"https:\\\/\\\/integraliah.com\\\/\"},{\"@type\":\"ListItem\",\"position\":2,\"name\":\"Hebrew Podcast | Learn Hebrew Online Free\",\"item\":\"https:\\\/\\\/integraliah.com\\\/hebrew-podcast\\\/\"},{\"@type\":\"ListItem\",\"position\":3,\"name\":\"Hebrew Podcast to learn hebrew : level advanced\"}]},{\"@type\":\"WebSite\",\"@id\":\"https:\\\/\\\/integraliah.com\\\/fr\\\/#website\",\"url\":\"https:\\\/\\\/integraliah.com\\\/fr\\\/\",\"name\":\"Ulpan Integraliah : learn hebrew in Tel Aviv and Online\",\"description\":\"Learn Hebrew online or in Tel Aviv\",\"publisher\":{\"@id\":\"https:\\\/\\\/integraliah.com\\\/fr\\\/#organization\"},\"potentialAction\":[{\"@type\":\"SearchAction\",\"target\":{\"@type\":\"EntryPoint\",\"urlTemplate\":\"https:\\\/\\\/integraliah.com\\\/fr\\\/?s={search_term_string}\"},\"query-input\":{\"@type\":\"PropertyValueSpecification\",\"valueRequired\":true,\"valueName\":\"search_term_string\"}}],\"inLanguage\":\"fr-FR\"},{\"@type\":\"Organization\",\"@id\":\"https:\\\/\\\/integraliah.com\\\/fr\\\/#organization\",\"name\":\"Ulpan integraliah - Learn Hebrew in Tel Aviv and online\",\"url\":\"https:\\\/\\\/integraliah.com\\\/fr\\\/\",\"logo\":{\"@type\":\"ImageObject\",\"inLanguage\":\"fr-FR\",\"@id\":\"https:\\\/\\\/integraliah.com\\\/fr\\\/#\\\/schema\\\/logo\\\/image\\\/\",\"url\":\"https:\\\/\\\/integraliah.com\\\/wp-content\\\/uploads\\\/2019\\\/04\\\/integraliah-05.png\",\"contentUrl\":\"https:\\\/\\\/integraliah.com\\\/wp-content\\\/uploads\\\/2019\\\/04\\\/integraliah-05.png\",\"width\":2033,\"height\":571,\"caption\":\"Ulpan integraliah - Learn Hebrew in Tel Aviv and online\"},\"image\":{\"@id\":\"https:\\\/\\\/integraliah.com\\\/fr\\\/#\\\/schema\\\/logo\\\/image\\\/\"},\"sameAs\":[\"https:\\\/\\\/www.facebook.com\\\/integraliah\",\"https:\\\/\\\/www.instagram.com\\\/integraliah\\\/\",\"https:\\\/\\\/www.youtube.com\\\/channel\\\/UCPw8n7thwyfTvGk3ftN0Xgw\"]}]}<\/script>\n<!-- \/ Yoast SEO plugin. -->","yoast_head_json":{"title":"Hebrew Podcast to learn hebrew : level advanced | Ulpan Integraliah","description":"Advance with Ulpan Integraliah's advanced Hebrew Podcast. Deepen your skills, grasp complex phrases, and immerse in Israeli culture.","robots":{"index":"index","follow":"follow","max-snippet":"max-snippet:-1","max-image-preview":"max-image-preview:large","max-video-preview":"max-video-preview:-1"},"canonical":"https:\/\/integraliah.com\/fr\/hebrew-podcast\/advanced\/","og_locale":"fr_FR","og_type":"article","og_title":"Hebrew Podcast to learn hebrew : level advanced | Ulpan Integraliah","og_description":"Advance with Ulpan Integraliah's advanced Hebrew Podcast. Deepen your skills, grasp complex phrases, and immerse in Israeli culture.","og_url":"https:\/\/integraliah.com\/fr\/hebrew-podcast\/advanced\/","og_site_name":"Ulpan in Tel Aviv &amp; Online","article_publisher":"https:\/\/www.facebook.com\/integraliah","article_modified_time":"2024-03-20T10:26:53+00:00","og_image":[{"width":2033,"height":571,"url":"https:\/\/integraliah.com\/wp-content\/uploads\/integraliah-05-1.png","type":"image\/png"}],"twitter_card":"summary_large_image","schema":{"@context":"https:\/\/schema.org","@graph":[{"@type":"WebPage","@id":"https:\/\/integraliah.com\/fr\/hebrew-podcast\/advanced\/","url":"https:\/\/integraliah.com\/fr\/hebrew-podcast\/advanced\/","name":"Hebrew Podcast to learn hebrew : level advanced | Ulpan Integraliah","isPartOf":{"@id":"https:\/\/integraliah.com\/fr\/#website"},"datePublished":"2023-09-05T09:29:36+00:00","dateModified":"2024-03-20T10:26:53+00:00","description":"Advance with Ulpan Integraliah's advanced Hebrew Podcast. Deepen your skills, grasp complex phrases, and immerse in Israeli culture.","breadcrumb":{"@id":"https:\/\/integraliah.com\/fr\/hebrew-podcast\/advanced\/#breadcrumb"},"inLanguage":"fr-FR","potentialAction":[{"@type":"ReadAction","target":["https:\/\/integraliah.com\/fr\/hebrew-podcast\/advanced\/"]}]},{"@type":"BreadcrumbList","@id":"https:\/\/integraliah.com\/fr\/hebrew-podcast\/advanced\/#breadcrumb","itemListElement":[{"@type":"ListItem","position":1,"name":"Ulpan","item":"https:\/\/integraliah.com\/"},{"@type":"ListItem","position":2,"name":"Hebrew Podcast | Learn Hebrew Online Free","item":"https:\/\/integraliah.com\/hebrew-podcast\/"},{"@type":"ListItem","position":3,"name":"Hebrew Podcast to learn hebrew : level advanced"}]},{"@type":"WebSite","@id":"https:\/\/integraliah.com\/fr\/#website","url":"https:\/\/integraliah.com\/fr\/","name":"Ulpan Integraliah : apprendre l'h\u00e9breu \u00e0 Tel Aviv et en ligne","description":"Apprendre l'h\u00e9breu en ligne ou \u00e0 Tel Aviv","publisher":{"@id":"https:\/\/integraliah.com\/fr\/#organization"},"potentialAction":[{"@type":"SearchAction","target":{"@type":"EntryPoint","urlTemplate":"https:\/\/integraliah.com\/fr\/?s={search_term_string}"},"query-input":{"@type":"PropertyValueSpecification","valueRequired":true,"valueName":"search_term_string"}}],"inLanguage":"fr-FR"},{"@type":"Organization","@id":"https:\/\/integraliah.com\/fr\/#organization","name":"Ulpan integraliah - Apprendre l'h\u00e9breu \u00e0 Tel Aviv et en ligne","url":"https:\/\/integraliah.com\/fr\/","logo":{"@type":"ImageObject","inLanguage":"fr-FR","@id":"https:\/\/integraliah.com\/fr\/#\/schema\/logo\/image\/","url":"https:\/\/integraliah.com\/wp-content\/uploads\/2019\/04\/integraliah-05.png","contentUrl":"https:\/\/integraliah.com\/wp-content\/uploads\/2019\/04\/integraliah-05.png","width":2033,"height":571,"caption":"Ulpan integraliah - Learn Hebrew in Tel Aviv and online"},"image":{"@id":"https:\/\/integraliah.com\/fr\/#\/schema\/logo\/image\/"},"sameAs":["https:\/\/www.facebook.com\/integraliah","https:\/\/www.instagram.com\/integraliah\/","https:\/\/www.youtube.com\/channel\/UCPw8n7thwyfTvGk3ftN0Xgw"]}]}},"_links":{"self":[{"href":"https:\/\/integraliah.com\/fr\/wp-json\/wp\/v2\/pages\/8170","targetHints":{"allow":["GET"]}}],"collection":[{"href":"https:\/\/integraliah.com\/fr\/wp-json\/wp\/v2\/pages"}],"about":[{"href":"https:\/\/integraliah.com\/fr\/wp-json\/wp\/v2\/types\/page"}],"author":[{"embeddable":true,"href":"https:\/\/integraliah.com\/fr\/wp-json\/wp\/v2\/users\/2"}],"replies":[{"embeddable":true,"href":"https:\/\/integraliah.com\/fr\/wp-json\/wp\/v2\/comments?post=8170"}],"version-history":[{"count":5,"href":"https:\/\/integraliah.com\/fr\/wp-json\/wp\/v2\/pages\/8170\/revisions"}],"predecessor-version":[{"id":50009,"href":"https:\/\/integraliah.com\/fr\/wp-json\/wp\/v2\/pages\/8170\/revisions\/50009"}],"up":[{"embeddable":true,"href":"https:\/\/integraliah.com\/fr\/wp-json\/wp\/v2\/pages\/5332"}],"wp:attachment":[{"href":"https:\/\/integraliah.com\/fr\/wp-json\/wp\/v2\/media?parent=8170"}],"curies":[{"name":"wp","href":"https:\/\/api.w.org\/{rel}","templated":true}]}}