{"id":50744,"date":"2024-05-28T11:27:26","date_gmt":"2024-05-28T11:27:26","guid":{"rendered":"https:\/\/integraliah.com\/?post_type=product&#038;p=50744"},"modified":"2024-11-17T13:23:18","modified_gmt":"2024-11-17T13:23:18","slug":"hebrew-textbook-advanced-level-hard-copy","status":"publish","type":"product","link":"https:\/\/integraliah.com\/fr\/produit\/hebrew-textbook-advanced-level-hard-copy\/","title":{"rendered":"Manuel d'h\u00e9breu niveau avanc\u00e9"},"content":{"rendered":"<p>Ce manuel d&#8217;h\u00e9breu est un outil d&#8217;apprentissage complet et innovant, con\u00e7u pour les d\u00e9butants d\u00e9sirant ma\u00eetriser les bases de la langue h\u00e9bra\u00efque. S&#8217;\u00e9tendant sur 140 pages au format A4, ce guide p\u00e9dagogique offre une approche structur\u00e9e en 22 le\u00e7ons captivantes. Chaque le\u00e7on est con\u00e7ue pour faciliter la compr\u00e9hension et la pratique de l&#8217;h\u00e9breu, depuis les fondamentaux de l&#8217;alphab\u00e9tisation, Alef Bet, jusqu&#8217;aux aspects plus complexes de la grammaire et de la syntaxe. L&#8217;une des caract\u00e9ristiques uniques de ce manuel est l&#8217;int\u00e9gration de QR codes, permettant aux apprenants d&#8217;acc\u00e9der facilement \u00e0 des ressources vid\u00e9o enrichissantes. Ces vid\u00e9os compl\u00e9mentaires offrent une exp\u00e9rience d&#8217;apprentissage immersive, combinant des explications visuelles et auditives pour renforcer la compr\u00e9hension et la r\u00e9tention. Id\u00e9al pour les autodidactes ou comme support de cours, ce manuel est un compagnon essentiel pour quiconque souhaite s&#8217;initier \u00e0 l&#8217;h\u00e9breu de mani\u00e8re interactive et engageante.<\/p>","protected":false},"excerpt":{"rendered":"<p>Best book to learn hebrew by ulpan integraliah.<\/p>","protected":false},"featured_media":50750,"comment_status":"closed","ping_status":"closed","template":"","meta":[],"product_brand":[],"product_cat":[68,36],"product_tag":[],"class_list":{"0":"post-50744","1":"product","2":"type-product","3":"status-publish","4":"has-post-thumbnail","6":"product_cat-intensive-ulpan","7":"product_cat-non-classe","9":"first","10":"instock","11":"shipping-taxable","12":"purchasable","13":"product-type-variable"},"yoast_head":"<!-- This site is optimized with the Yoast SEO plugin v27.4 - https:\/\/yoast.com\/product\/yoast-seo-wordpress\/ -->\n<title>Hebrew Textbook Advanced level - Integraliah<\/title>\n<meta name=\"robots\" content=\"noindex, follow\" \/>\n<meta property=\"og:locale\" content=\"fr_FR\" \/>\n<meta property=\"og:type\" content=\"article\" \/>\n<meta property=\"og:title\" content=\"Hebrew Textbook Advanced level - Integraliah\" \/>\n<meta property=\"og:description\" content=\"Best book to learn hebrew by ulpan integraliah.\" \/>\n<meta property=\"og:url\" content=\"https:\/\/integraliah.com\/fr\/produit\/hebrew-textbook-advanced-level-hard-copy\/\" \/>\n<meta property=\"og:site_name\" content=\"Ulpan in Tel Aviv &amp; Online\" \/>\n<meta property=\"article:publisher\" content=\"https:\/\/www.facebook.com\/integraliah\" \/>\n<meta property=\"article:modified_time\" content=\"2024-11-17T13:23:18+00:00\" \/>\n<meta property=\"og:image\" content=\"https:\/\/integraliah.com\/wp-content\/uploads\/4-3.jpg\" \/>\n\t<meta property=\"og:image:width\" content=\"500\" \/>\n\t<meta property=\"og:image:height\" content=\"500\" \/>\n\t<meta property=\"og:image:type\" content=\"image\/jpeg\" \/>\n<meta name=\"twitter:card\" content=\"summary_large_image\" \/>\n<meta name=\"twitter:label1\" content=\"Dur\u00e9e de lecture estim\u00e9e\" \/>\n\t<meta name=\"twitter:data1\" content=\"1 minute\" \/>\n<script type=\"application\/ld+json\" class=\"yoast-schema-graph\">{\"@context\":\"https:\\\/\\\/schema.org\",\"@graph\":[{\"@type\":\"WebPage\",\"@id\":\"https:\\\/\\\/integraliah.com\\\/fr\\\/produit\\\/hebrew-textbook-advanced-level-hard-copy\\\/\",\"url\":\"https:\\\/\\\/integraliah.com\\\/fr\\\/produit\\\/hebrew-textbook-advanced-level-hard-copy\\\/\",\"name\":\"Hebrew Textbook Advanced level - Integraliah\",\"isPartOf\":{\"@id\":\"https:\\\/\\\/integraliah.com\\\/fr\\\/#website\"},\"primaryImageOfPage\":{\"@id\":\"https:\\\/\\\/integraliah.com\\\/fr\\\/produit\\\/hebrew-textbook-advanced-level-hard-copy\\\/#primaryimage\"},\"image\":{\"@id\":\"https:\\\/\\\/integraliah.com\\\/fr\\\/produit\\\/hebrew-textbook-advanced-level-hard-copy\\\/#primaryimage\"},\"thumbnailUrl\":\"https:\\\/\\\/integraliah.com\\\/wp-content\\\/uploads\\\/4-3.jpg\",\"datePublished\":\"2024-05-28T11:27:26+00:00\",\"dateModified\":\"2024-11-17T13:23:18+00:00\",\"breadcrumb\":{\"@id\":\"https:\\\/\\\/integraliah.com\\\/fr\\\/produit\\\/hebrew-textbook-advanced-level-hard-copy\\\/#breadcrumb\"},\"inLanguage\":\"fr-FR\",\"potentialAction\":[{\"@type\":\"ReadAction\",\"target\":[\"https:\\\/\\\/integraliah.com\\\/fr\\\/produit\\\/hebrew-textbook-advanced-level-hard-copy\\\/\"]}]},{\"@type\":\"ImageObject\",\"inLanguage\":\"fr-FR\",\"@id\":\"https:\\\/\\\/integraliah.com\\\/fr\\\/produit\\\/hebrew-textbook-advanced-level-hard-copy\\\/#primaryimage\",\"url\":\"https:\\\/\\\/integraliah.com\\\/wp-content\\\/uploads\\\/4-3.jpg\",\"contentUrl\":\"https:\\\/\\\/integraliah.com\\\/wp-content\\\/uploads\\\/4-3.jpg\",\"width\":500,\"height\":500},{\"@type\":\"BreadcrumbList\",\"@id\":\"https:\\\/\\\/integraliah.com\\\/fr\\\/produit\\\/hebrew-textbook-advanced-level-hard-copy\\\/#breadcrumb\",\"itemListElement\":[{\"@type\":\"ListItem\",\"position\":1,\"name\":\"Ulpan\",\"item\":\"https:\\\/\\\/integraliah.com\\\/\"},{\"@type\":\"ListItem\",\"position\":2,\"name\":\"Products\",\"item\":\"https:\\\/\\\/integraliah.com\\\/shop\\\/\"},{\"@type\":\"ListItem\",\"position\":3,\"name\":\"Hebrew Textbook Advanced level\"}]},{\"@type\":\"WebSite\",\"@id\":\"https:\\\/\\\/integraliah.com\\\/fr\\\/#website\",\"url\":\"https:\\\/\\\/integraliah.com\\\/fr\\\/\",\"name\":\"Ulpan Integraliah : learn hebrew in Tel Aviv and Online\",\"description\":\"Learn Hebrew online or in Tel Aviv\",\"publisher\":{\"@id\":\"https:\\\/\\\/integraliah.com\\\/fr\\\/#organization\"},\"potentialAction\":[{\"@type\":\"SearchAction\",\"target\":{\"@type\":\"EntryPoint\",\"urlTemplate\":\"https:\\\/\\\/integraliah.com\\\/fr\\\/?s={search_term_string}\"},\"query-input\":{\"@type\":\"PropertyValueSpecification\",\"valueRequired\":true,\"valueName\":\"search_term_string\"}}],\"inLanguage\":\"fr-FR\"},{\"@type\":\"Organization\",\"@id\":\"https:\\\/\\\/integraliah.com\\\/fr\\\/#organization\",\"name\":\"Ulpan integraliah - Learn Hebrew in Tel Aviv and online\",\"url\":\"https:\\\/\\\/integraliah.com\\\/fr\\\/\",\"logo\":{\"@type\":\"ImageObject\",\"inLanguage\":\"fr-FR\",\"@id\":\"https:\\\/\\\/integraliah.com\\\/fr\\\/#\\\/schema\\\/logo\\\/image\\\/\",\"url\":\"https:\\\/\\\/integraliah.com\\\/wp-content\\\/uploads\\\/2019\\\/04\\\/integraliah-05.png\",\"contentUrl\":\"https:\\\/\\\/integraliah.com\\\/wp-content\\\/uploads\\\/2019\\\/04\\\/integraliah-05.png\",\"width\":2033,\"height\":571,\"caption\":\"Ulpan integraliah - Learn Hebrew in Tel Aviv and online\"},\"image\":{\"@id\":\"https:\\\/\\\/integraliah.com\\\/fr\\\/#\\\/schema\\\/logo\\\/image\\\/\"},\"sameAs\":[\"https:\\\/\\\/www.facebook.com\\\/integraliah\",\"https:\\\/\\\/www.instagram.com\\\/integraliah\\\/\",\"https:\\\/\\\/www.youtube.com\\\/channel\\\/UCPw8n7thwyfTvGk3ftN0Xgw\"]}]}<\/script>\n<!-- \/ Yoast SEO plugin. -->","yoast_head_json":{"title":"Hebrew Textbook Advanced level - Integraliah","robots":{"index":"noindex","follow":"follow"},"og_locale":"fr_FR","og_type":"article","og_title":"Hebrew Textbook Advanced level - Integraliah","og_description":"Best book to learn hebrew by ulpan integraliah.","og_url":"https:\/\/integraliah.com\/fr\/produit\/hebrew-textbook-advanced-level-hard-copy\/","og_site_name":"Ulpan in Tel Aviv &amp; Online","article_publisher":"https:\/\/www.facebook.com\/integraliah","article_modified_time":"2024-11-17T13:23:18+00:00","og_image":[{"width":500,"height":500,"url":"https:\/\/integraliah.com\/wp-content\/uploads\/4-3.jpg","type":"image\/jpeg"}],"twitter_card":"summary_large_image","twitter_misc":{"Dur\u00e9e de lecture estim\u00e9e":"1 minute"},"schema":{"@context":"https:\/\/schema.org","@graph":[{"@type":"WebPage","@id":"https:\/\/integraliah.com\/fr\/produit\/hebrew-textbook-advanced-level-hard-copy\/","url":"https:\/\/integraliah.com\/fr\/produit\/hebrew-textbook-advanced-level-hard-copy\/","name":"Hebrew Textbook Advanced level - Integraliah","isPartOf":{"@id":"https:\/\/integraliah.com\/fr\/#website"},"primaryImageOfPage":{"@id":"https:\/\/integraliah.com\/fr\/produit\/hebrew-textbook-advanced-level-hard-copy\/#primaryimage"},"image":{"@id":"https:\/\/integraliah.com\/fr\/produit\/hebrew-textbook-advanced-level-hard-copy\/#primaryimage"},"thumbnailUrl":"https:\/\/integraliah.com\/wp-content\/uploads\/4-3.jpg","datePublished":"2024-05-28T11:27:26+00:00","dateModified":"2024-11-17T13:23:18+00:00","breadcrumb":{"@id":"https:\/\/integraliah.com\/fr\/produit\/hebrew-textbook-advanced-level-hard-copy\/#breadcrumb"},"inLanguage":"fr-FR","potentialAction":[{"@type":"ReadAction","target":["https:\/\/integraliah.com\/fr\/produit\/hebrew-textbook-advanced-level-hard-copy\/"]}]},{"@type":"ImageObject","inLanguage":"fr-FR","@id":"https:\/\/integraliah.com\/fr\/produit\/hebrew-textbook-advanced-level-hard-copy\/#primaryimage","url":"https:\/\/integraliah.com\/wp-content\/uploads\/4-3.jpg","contentUrl":"https:\/\/integraliah.com\/wp-content\/uploads\/4-3.jpg","width":500,"height":500},{"@type":"BreadcrumbList","@id":"https:\/\/integraliah.com\/fr\/produit\/hebrew-textbook-advanced-level-hard-copy\/#breadcrumb","itemListElement":[{"@type":"ListItem","position":1,"name":"Ulpan","item":"https:\/\/integraliah.com\/"},{"@type":"ListItem","position":2,"name":"Products","item":"https:\/\/integraliah.com\/shop\/"},{"@type":"ListItem","position":3,"name":"Hebrew Textbook Advanced level"}]},{"@type":"WebSite","@id":"https:\/\/integraliah.com\/fr\/#website","url":"https:\/\/integraliah.com\/fr\/","name":"Ulpan Integraliah : apprendre l'h\u00e9breu \u00e0 Tel Aviv et en ligne","description":"Apprendre l'h\u00e9breu en ligne ou \u00e0 Tel Aviv","publisher":{"@id":"https:\/\/integraliah.com\/fr\/#organization"},"potentialAction":[{"@type":"SearchAction","target":{"@type":"EntryPoint","urlTemplate":"https:\/\/integraliah.com\/fr\/?s={search_term_string}"},"query-input":{"@type":"PropertyValueSpecification","valueRequired":true,"valueName":"search_term_string"}}],"inLanguage":"fr-FR"},{"@type":"Organization","@id":"https:\/\/integraliah.com\/fr\/#organization","name":"Ulpan integraliah - Apprendre l'h\u00e9breu \u00e0 Tel Aviv et en ligne","url":"https:\/\/integraliah.com\/fr\/","logo":{"@type":"ImageObject","inLanguage":"fr-FR","@id":"https:\/\/integraliah.com\/fr\/#\/schema\/logo\/image\/","url":"https:\/\/integraliah.com\/wp-content\/uploads\/2019\/04\/integraliah-05.png","contentUrl":"https:\/\/integraliah.com\/wp-content\/uploads\/2019\/04\/integraliah-05.png","width":2033,"height":571,"caption":"Ulpan integraliah - Learn Hebrew in Tel Aviv and online"},"image":{"@id":"https:\/\/integraliah.com\/fr\/#\/schema\/logo\/image\/"},"sameAs":["https:\/\/www.facebook.com\/integraliah","https:\/\/www.instagram.com\/integraliah\/","https:\/\/www.youtube.com\/channel\/UCPw8n7thwyfTvGk3ftN0Xgw"]}]}},"_links":{"self":[{"href":"https:\/\/integraliah.com\/fr\/wp-json\/wp\/v2\/product\/50744","targetHints":{"allow":["GET"]}}],"collection":[{"href":"https:\/\/integraliah.com\/fr\/wp-json\/wp\/v2\/product"}],"about":[{"href":"https:\/\/integraliah.com\/fr\/wp-json\/wp\/v2\/types\/product"}],"replies":[{"embeddable":true,"href":"https:\/\/integraliah.com\/fr\/wp-json\/wp\/v2\/comments?post=50744"}],"wp:featuredmedia":[{"embeddable":true,"href":"https:\/\/integraliah.com\/fr\/wp-json\/wp\/v2\/media\/50750"}],"wp:attachment":[{"href":"https:\/\/integraliah.com\/fr\/wp-json\/wp\/v2\/media?parent=50744"}],"wp:term":[{"taxonomy":"product_brand","embeddable":true,"href":"https:\/\/integraliah.com\/fr\/wp-json\/wp\/v2\/product_brand?post=50744"},{"taxonomy":"product_cat","embeddable":true,"href":"https:\/\/integraliah.com\/fr\/wp-json\/wp\/v2\/product_cat?post=50744"},{"taxonomy":"product_tag","embeddable":true,"href":"https:\/\/integraliah.com\/fr\/wp-json\/wp\/v2\/product_tag?post=50744"}],"curies":[{"name":"wp","href":"https:\/\/api.w.org\/{rel}","templated":true}]}}