{"id":50754,"date":"2024-05-28T11:34:54","date_gmt":"2024-05-28T11:34:54","guid":{"rendered":"https:\/\/integraliah.com\/?post_type=product&#038;p=50754"},"modified":"2024-11-17T13:22:15","modified_gmt":"2024-11-17T13:22:15","slug":"hebrew-textbook-beginner-level","status":"publish","type":"product","link":"https:\/\/integraliah.com\/fr\/produit\/hebrew-textbook-beginner-level\/","title":{"rendered":"Manuel d'h\u00e9breu niveau d\u00e9butant"},"content":{"rendered":"<p>This Hebrew textbook is a comprehensive and innovative learning tool, designed for beginners wishing to master the basics of the Hebrew language. Spread over 140 A4 pages, this teaching guide offers a structured approach in 22 captivating lessons. Each lesson is designed to facilitate the understanding and practice of Hebrew, from the fundamentals of literacy, Alef Bet, to the more complex aspects of grammar and syntax. One of the unique features of this manual is the integration of QR codes, enabling learners to easily access enriching video resources. These complementary videos offer an immersive learning experience, combining visual and auditory explanations to reinforce comprehension and retention. Ideal for self-study or as a course aid, this manual is an essential companion for anyone wishing to learn Hebrew in an interactive and engaging way.<\/p>","protected":false},"excerpt":{"rendered":"<p>Best book to learn hebrew by ulpan integraliah.<\/p>","protected":false},"featured_media":49312,"comment_status":"closed","ping_status":"closed","template":"","meta":[],"product_brand":[],"product_cat":[68,36],"product_tag":[],"class_list":{"0":"post-50754","1":"product","2":"type-product","3":"status-publish","4":"has-post-thumbnail","6":"product_cat-intensive-ulpan","7":"product_cat-non-classe","9":"first","10":"instock","11":"shipping-taxable","12":"purchasable","13":"product-type-variable"},"yoast_head":"<!-- This site is optimized with the Yoast SEO plugin v27.4 - https:\/\/yoast.com\/product\/yoast-seo-wordpress\/ -->\n<title>Hebrew Textbook beginner level - Integraliah<\/title>\n<meta name=\"robots\" content=\"noindex, follow\" \/>\n<meta property=\"og:locale\" content=\"fr_FR\" \/>\n<meta property=\"og:type\" content=\"article\" \/>\n<meta property=\"og:title\" content=\"Hebrew Textbook beginner level - Integraliah\" \/>\n<meta property=\"og:description\" content=\"Best book to learn hebrew by ulpan integraliah.\" \/>\n<meta property=\"og:url\" content=\"https:\/\/integraliah.com\/fr\/produit\/hebrew-textbook-beginner-level\/\" \/>\n<meta property=\"og:site_name\" content=\"Ulpan in Tel Aviv &amp; Online\" \/>\n<meta property=\"article:publisher\" content=\"https:\/\/www.facebook.com\/integraliah\" \/>\n<meta property=\"article:modified_time\" content=\"2024-11-17T13:22:15+00:00\" \/>\n<meta property=\"og:image\" content=\"https:\/\/integraliah.com\/wp-content\/uploads\/2-6.png\" \/>\n\t<meta property=\"og:image:width\" content=\"500\" \/>\n\t<meta property=\"og:image:height\" content=\"500\" \/>\n\t<meta property=\"og:image:type\" content=\"image\/png\" \/>\n<meta name=\"twitter:card\" content=\"summary_large_image\" \/>\n<meta name=\"twitter:label1\" content=\"Dur\u00e9e de lecture estim\u00e9e\" \/>\n\t<meta name=\"twitter:data1\" content=\"1 minute\" \/>\n<script type=\"application\/ld+json\" class=\"yoast-schema-graph\">{\"@context\":\"https:\\\/\\\/schema.org\",\"@graph\":[{\"@type\":\"WebPage\",\"@id\":\"https:\\\/\\\/integraliah.com\\\/fr\\\/produit\\\/hebrew-textbook-beginner-level\\\/\",\"url\":\"https:\\\/\\\/integraliah.com\\\/fr\\\/produit\\\/hebrew-textbook-beginner-level\\\/\",\"name\":\"Hebrew Textbook beginner level - Integraliah\",\"isPartOf\":{\"@id\":\"https:\\\/\\\/integraliah.com\\\/fr\\\/#website\"},\"primaryImageOfPage\":{\"@id\":\"https:\\\/\\\/integraliah.com\\\/fr\\\/produit\\\/hebrew-textbook-beginner-level\\\/#primaryimage\"},\"image\":{\"@id\":\"https:\\\/\\\/integraliah.com\\\/fr\\\/produit\\\/hebrew-textbook-beginner-level\\\/#primaryimage\"},\"thumbnailUrl\":\"https:\\\/\\\/integraliah.com\\\/wp-content\\\/uploads\\\/2-6.png\",\"datePublished\":\"2024-05-28T11:34:54+00:00\",\"dateModified\":\"2024-11-17T13:22:15+00:00\",\"breadcrumb\":{\"@id\":\"https:\\\/\\\/integraliah.com\\\/fr\\\/produit\\\/hebrew-textbook-beginner-level\\\/#breadcrumb\"},\"inLanguage\":\"fr-FR\",\"potentialAction\":[{\"@type\":\"ReadAction\",\"target\":[\"https:\\\/\\\/integraliah.com\\\/fr\\\/produit\\\/hebrew-textbook-beginner-level\\\/\"]}]},{\"@type\":\"ImageObject\",\"inLanguage\":\"fr-FR\",\"@id\":\"https:\\\/\\\/integraliah.com\\\/fr\\\/produit\\\/hebrew-textbook-beginner-level\\\/#primaryimage\",\"url\":\"https:\\\/\\\/integraliah.com\\\/wp-content\\\/uploads\\\/2-6.png\",\"contentUrl\":\"https:\\\/\\\/integraliah.com\\\/wp-content\\\/uploads\\\/2-6.png\",\"width\":500,\"height\":500},{\"@type\":\"BreadcrumbList\",\"@id\":\"https:\\\/\\\/integraliah.com\\\/fr\\\/produit\\\/hebrew-textbook-beginner-level\\\/#breadcrumb\",\"itemListElement\":[{\"@type\":\"ListItem\",\"position\":1,\"name\":\"Ulpan\",\"item\":\"https:\\\/\\\/integraliah.com\\\/\"},{\"@type\":\"ListItem\",\"position\":2,\"name\":\"Products\",\"item\":\"https:\\\/\\\/integraliah.com\\\/shop\\\/\"},{\"@type\":\"ListItem\",\"position\":3,\"name\":\"Hebrew Textbook beginner level\"}]},{\"@type\":\"WebSite\",\"@id\":\"https:\\\/\\\/integraliah.com\\\/fr\\\/#website\",\"url\":\"https:\\\/\\\/integraliah.com\\\/fr\\\/\",\"name\":\"Ulpan Integraliah : learn hebrew in Tel Aviv and Online\",\"description\":\"Learn Hebrew online or in Tel Aviv\",\"publisher\":{\"@id\":\"https:\\\/\\\/integraliah.com\\\/fr\\\/#organization\"},\"potentialAction\":[{\"@type\":\"SearchAction\",\"target\":{\"@type\":\"EntryPoint\",\"urlTemplate\":\"https:\\\/\\\/integraliah.com\\\/fr\\\/?s={search_term_string}\"},\"query-input\":{\"@type\":\"PropertyValueSpecification\",\"valueRequired\":true,\"valueName\":\"search_term_string\"}}],\"inLanguage\":\"fr-FR\"},{\"@type\":\"Organization\",\"@id\":\"https:\\\/\\\/integraliah.com\\\/fr\\\/#organization\",\"name\":\"Ulpan integraliah - Learn Hebrew in Tel Aviv and online\",\"url\":\"https:\\\/\\\/integraliah.com\\\/fr\\\/\",\"logo\":{\"@type\":\"ImageObject\",\"inLanguage\":\"fr-FR\",\"@id\":\"https:\\\/\\\/integraliah.com\\\/fr\\\/#\\\/schema\\\/logo\\\/image\\\/\",\"url\":\"https:\\\/\\\/integraliah.com\\\/wp-content\\\/uploads\\\/2019\\\/04\\\/integraliah-05.png\",\"contentUrl\":\"https:\\\/\\\/integraliah.com\\\/wp-content\\\/uploads\\\/2019\\\/04\\\/integraliah-05.png\",\"width\":2033,\"height\":571,\"caption\":\"Ulpan integraliah - Learn Hebrew in Tel Aviv and online\"},\"image\":{\"@id\":\"https:\\\/\\\/integraliah.com\\\/fr\\\/#\\\/schema\\\/logo\\\/image\\\/\"},\"sameAs\":[\"https:\\\/\\\/www.facebook.com\\\/integraliah\",\"https:\\\/\\\/www.instagram.com\\\/integraliah\\\/\",\"https:\\\/\\\/www.youtube.com\\\/channel\\\/UCPw8n7thwyfTvGk3ftN0Xgw\"]}]}<\/script>\n<!-- \/ Yoast SEO plugin. -->","yoast_head_json":{"title":"Hebrew Textbook beginner level - Integraliah","robots":{"index":"noindex","follow":"follow"},"og_locale":"fr_FR","og_type":"article","og_title":"Hebrew Textbook beginner level - Integraliah","og_description":"Best book to learn hebrew by ulpan integraliah.","og_url":"https:\/\/integraliah.com\/fr\/produit\/hebrew-textbook-beginner-level\/","og_site_name":"Ulpan in Tel Aviv &amp; Online","article_publisher":"https:\/\/www.facebook.com\/integraliah","article_modified_time":"2024-11-17T13:22:15+00:00","og_image":[{"width":500,"height":500,"url":"https:\/\/integraliah.com\/wp-content\/uploads\/2-6.png","type":"image\/png"}],"twitter_card":"summary_large_image","twitter_misc":{"Dur\u00e9e de lecture estim\u00e9e":"1 minute"},"schema":{"@context":"https:\/\/schema.org","@graph":[{"@type":"WebPage","@id":"https:\/\/integraliah.com\/fr\/produit\/hebrew-textbook-beginner-level\/","url":"https:\/\/integraliah.com\/fr\/produit\/hebrew-textbook-beginner-level\/","name":"Hebrew Textbook beginner level - Integraliah","isPartOf":{"@id":"https:\/\/integraliah.com\/fr\/#website"},"primaryImageOfPage":{"@id":"https:\/\/integraliah.com\/fr\/produit\/hebrew-textbook-beginner-level\/#primaryimage"},"image":{"@id":"https:\/\/integraliah.com\/fr\/produit\/hebrew-textbook-beginner-level\/#primaryimage"},"thumbnailUrl":"https:\/\/integraliah.com\/wp-content\/uploads\/2-6.png","datePublished":"2024-05-28T11:34:54+00:00","dateModified":"2024-11-17T13:22:15+00:00","breadcrumb":{"@id":"https:\/\/integraliah.com\/fr\/produit\/hebrew-textbook-beginner-level\/#breadcrumb"},"inLanguage":"fr-FR","potentialAction":[{"@type":"ReadAction","target":["https:\/\/integraliah.com\/fr\/produit\/hebrew-textbook-beginner-level\/"]}]},{"@type":"ImageObject","inLanguage":"fr-FR","@id":"https:\/\/integraliah.com\/fr\/produit\/hebrew-textbook-beginner-level\/#primaryimage","url":"https:\/\/integraliah.com\/wp-content\/uploads\/2-6.png","contentUrl":"https:\/\/integraliah.com\/wp-content\/uploads\/2-6.png","width":500,"height":500},{"@type":"BreadcrumbList","@id":"https:\/\/integraliah.com\/fr\/produit\/hebrew-textbook-beginner-level\/#breadcrumb","itemListElement":[{"@type":"ListItem","position":1,"name":"Ulpan","item":"https:\/\/integraliah.com\/"},{"@type":"ListItem","position":2,"name":"Products","item":"https:\/\/integraliah.com\/shop\/"},{"@type":"ListItem","position":3,"name":"Hebrew Textbook beginner level"}]},{"@type":"WebSite","@id":"https:\/\/integraliah.com\/fr\/#website","url":"https:\/\/integraliah.com\/fr\/","name":"Ulpan Integraliah : apprendre l'h\u00e9breu \u00e0 Tel Aviv et en ligne","description":"Apprendre l'h\u00e9breu en ligne ou \u00e0 Tel Aviv","publisher":{"@id":"https:\/\/integraliah.com\/fr\/#organization"},"potentialAction":[{"@type":"SearchAction","target":{"@type":"EntryPoint","urlTemplate":"https:\/\/integraliah.com\/fr\/?s={search_term_string}"},"query-input":{"@type":"PropertyValueSpecification","valueRequired":true,"valueName":"search_term_string"}}],"inLanguage":"fr-FR"},{"@type":"Organization","@id":"https:\/\/integraliah.com\/fr\/#organization","name":"Ulpan integraliah - Apprendre l'h\u00e9breu \u00e0 Tel Aviv et en ligne","url":"https:\/\/integraliah.com\/fr\/","logo":{"@type":"ImageObject","inLanguage":"fr-FR","@id":"https:\/\/integraliah.com\/fr\/#\/schema\/logo\/image\/","url":"https:\/\/integraliah.com\/wp-content\/uploads\/2019\/04\/integraliah-05.png","contentUrl":"https:\/\/integraliah.com\/wp-content\/uploads\/2019\/04\/integraliah-05.png","width":2033,"height":571,"caption":"Ulpan integraliah - Learn Hebrew in Tel Aviv and online"},"image":{"@id":"https:\/\/integraliah.com\/fr\/#\/schema\/logo\/image\/"},"sameAs":["https:\/\/www.facebook.com\/integraliah","https:\/\/www.instagram.com\/integraliah\/","https:\/\/www.youtube.com\/channel\/UCPw8n7thwyfTvGk3ftN0Xgw"]}]}},"_links":{"self":[{"href":"https:\/\/integraliah.com\/fr\/wp-json\/wp\/v2\/product\/50754","targetHints":{"allow":["GET"]}}],"collection":[{"href":"https:\/\/integraliah.com\/fr\/wp-json\/wp\/v2\/product"}],"about":[{"href":"https:\/\/integraliah.com\/fr\/wp-json\/wp\/v2\/types\/product"}],"replies":[{"embeddable":true,"href":"https:\/\/integraliah.com\/fr\/wp-json\/wp\/v2\/comments?post=50754"}],"wp:featuredmedia":[{"embeddable":true,"href":"https:\/\/integraliah.com\/fr\/wp-json\/wp\/v2\/media\/49312"}],"wp:attachment":[{"href":"https:\/\/integraliah.com\/fr\/wp-json\/wp\/v2\/media?parent=50754"}],"wp:term":[{"taxonomy":"product_brand","embeddable":true,"href":"https:\/\/integraliah.com\/fr\/wp-json\/wp\/v2\/product_brand?post=50754"},{"taxonomy":"product_cat","embeddable":true,"href":"https:\/\/integraliah.com\/fr\/wp-json\/wp\/v2\/product_cat?post=50754"},{"taxonomy":"product_tag","embeddable":true,"href":"https:\/\/integraliah.com\/fr\/wp-json\/wp\/v2\/product_tag?post=50754"}],"curies":[{"name":"wp","href":"https:\/\/api.w.org\/{rel}","templated":true}]}}