{"id":51698,"date":"2024-11-17T13:56:02","date_gmt":"2024-11-17T13:56:02","guid":{"rendered":"https:\/\/integraliah.com\/?post_type=product&#038;p=51698"},"modified":"2024-11-17T13:56:02","modified_gmt":"2024-11-17T13:56:02","slug":"hebrew-textbook-pack-beginners-intermediate-and-advanced-levels","status":"publish","type":"product","link":"https:\/\/integraliah.com\/fr\/produit\/hebrew-textbook-pack-beginners-intermediate-and-advanced-levels\/","title":{"rendered":"Pack de manuels d'h\u00e9breu : Niveaux d\u00e9butant, interm\u00e9diaire et avanc\u00e9"},"content":{"rendered":"<p class=\"p1\">Plongez dans la langue h\u00e9bra\u00efque avec cet ensemble complet de 3 livres, con\u00e7u pour vous guider depuis les bases jusqu'\u00e0 la ma\u00eetrise avanc\u00e9e de la langue. Que vous partiez de z\u00e9ro ou que vous cherchiez \u00e0 affiner vos comp\u00e9tences, ces manuels offrent des explications claires, des exercices attrayants et un vocabulaire pratique pour vous aider \u00e0 ma\u00eetriser chaque niveau. Parfait pour l'auto-apprentissage ou comme compagnon de classe, cet ensemble vous aidera dans votre voyage en h\u00e9breu \u00e0 chaque \u00e9tape !<\/p>","protected":false},"excerpt":{"rendered":"<p>Dive into the Hebrew language with this comprehensive 3-book set, designed to guide you from the very basics to advanced fluency. Whether you\u2019re starting from scratch or looking to refine your skills, these textbooks offer clear explanations, engaging exercises, and practical vocabulary to help you master each level. Perfect for self-study or as a classroom [&hellip;]<\/p>\n","protected":false},"featured_media":51701,"comment_status":"closed","ping_status":"closed","template":"","meta":[],"product_brand":[],"product_cat":[68,36],"product_tag":[],"class_list":{"0":"post-51698","1":"product","2":"type-product","3":"status-publish","4":"has-post-thumbnail","6":"product_cat-intensive-ulpan","7":"product_cat-non-classe","9":"first","10":"instock","11":"shipping-taxable","12":"purchasable","13":"product-type-variable"},"yoast_head":"<!-- This site is optimized with the Yoast SEO plugin v27.4 - https:\/\/yoast.com\/product\/yoast-seo-wordpress\/ -->\n<title>Hebrew Textbook Pack: Beginners, Intermediate, and Advanced Levels - Integraliah<\/title>\n<meta name=\"robots\" content=\"noindex, follow\" \/>\n<meta property=\"og:locale\" content=\"fr_FR\" \/>\n<meta property=\"og:type\" content=\"article\" \/>\n<meta property=\"og:title\" content=\"Hebrew Textbook Pack: Beginners, Intermediate, and Advanced Levels - Integraliah\" \/>\n<meta property=\"og:description\" content=\"Dive into the Hebrew language with this comprehensive 3-book set, designed to guide you from the very basics to advanced fluency. Whether you\u2019re starting from scratch or looking to refine your skills, these textbooks offer clear explanations, engaging exercises, and practical vocabulary to help you master each level. Perfect for self-study or as a classroom [&hellip;]\" \/>\n<meta property=\"og:url\" content=\"https:\/\/integraliah.com\/fr\/produit\/hebrew-textbook-pack-beginners-intermediate-and-advanced-levels\/\" \/>\n<meta property=\"og:site_name\" content=\"Ulpan in Tel Aviv &amp; Online\" \/>\n<meta property=\"article:publisher\" content=\"https:\/\/www.facebook.com\/integraliah\" \/>\n<meta property=\"og:image\" content=\"https:\/\/integraliah.com\/wp-content\/uploads\/Untitled-design-1-2.png\" \/>\n\t<meta property=\"og:image:width\" content=\"1120\" \/>\n\t<meta property=\"og:image:height\" content=\"1120\" \/>\n\t<meta property=\"og:image:type\" content=\"image\/png\" \/>\n<meta name=\"twitter:card\" content=\"summary_large_image\" \/>\n<meta name=\"twitter:label1\" content=\"Dur\u00e9e de lecture estim\u00e9e\" \/>\n\t<meta name=\"twitter:data1\" content=\"1 minute\" \/>\n<script type=\"application\/ld+json\" class=\"yoast-schema-graph\">{\"@context\":\"https:\\\/\\\/schema.org\",\"@graph\":[{\"@type\":\"WebPage\",\"@id\":\"https:\\\/\\\/integraliah.com\\\/fr\\\/produit\\\/hebrew-textbook-pack-beginners-intermediate-and-advanced-levels\\\/\",\"url\":\"https:\\\/\\\/integraliah.com\\\/fr\\\/produit\\\/hebrew-textbook-pack-beginners-intermediate-and-advanced-levels\\\/\",\"name\":\"Hebrew Textbook Pack: Beginners, Intermediate, and Advanced Levels - Integraliah\",\"isPartOf\":{\"@id\":\"https:\\\/\\\/integraliah.com\\\/fr\\\/#website\"},\"primaryImageOfPage\":{\"@id\":\"https:\\\/\\\/integraliah.com\\\/fr\\\/produit\\\/hebrew-textbook-pack-beginners-intermediate-and-advanced-levels\\\/#primaryimage\"},\"image\":{\"@id\":\"https:\\\/\\\/integraliah.com\\\/fr\\\/produit\\\/hebrew-textbook-pack-beginners-intermediate-and-advanced-levels\\\/#primaryimage\"},\"thumbnailUrl\":\"https:\\\/\\\/integraliah.com\\\/wp-content\\\/uploads\\\/Untitled-design-1-2.png\",\"datePublished\":\"2024-11-17T13:56:02+00:00\",\"breadcrumb\":{\"@id\":\"https:\\\/\\\/integraliah.com\\\/fr\\\/produit\\\/hebrew-textbook-pack-beginners-intermediate-and-advanced-levels\\\/#breadcrumb\"},\"inLanguage\":\"fr-FR\",\"potentialAction\":[{\"@type\":\"ReadAction\",\"target\":[\"https:\\\/\\\/integraliah.com\\\/fr\\\/produit\\\/hebrew-textbook-pack-beginners-intermediate-and-advanced-levels\\\/\"]}]},{\"@type\":\"ImageObject\",\"inLanguage\":\"fr-FR\",\"@id\":\"https:\\\/\\\/integraliah.com\\\/fr\\\/produit\\\/hebrew-textbook-pack-beginners-intermediate-and-advanced-levels\\\/#primaryimage\",\"url\":\"https:\\\/\\\/integraliah.com\\\/wp-content\\\/uploads\\\/Untitled-design-1-2.png\",\"contentUrl\":\"https:\\\/\\\/integraliah.com\\\/wp-content\\\/uploads\\\/Untitled-design-1-2.png\",\"width\":1120,\"height\":1120},{\"@type\":\"BreadcrumbList\",\"@id\":\"https:\\\/\\\/integraliah.com\\\/fr\\\/produit\\\/hebrew-textbook-pack-beginners-intermediate-and-advanced-levels\\\/#breadcrumb\",\"itemListElement\":[{\"@type\":\"ListItem\",\"position\":1,\"name\":\"Ulpan\",\"item\":\"https:\\\/\\\/integraliah.com\\\/\"},{\"@type\":\"ListItem\",\"position\":2,\"name\":\"Products\",\"item\":\"https:\\\/\\\/integraliah.com\\\/shop\\\/\"},{\"@type\":\"ListItem\",\"position\":3,\"name\":\"Hebrew Textbook Pack: Beginners, Intermediate, and Advanced Levels\"}]},{\"@type\":\"WebSite\",\"@id\":\"https:\\\/\\\/integraliah.com\\\/fr\\\/#website\",\"url\":\"https:\\\/\\\/integraliah.com\\\/fr\\\/\",\"name\":\"Ulpan Integraliah : learn hebrew in Tel Aviv and Online\",\"description\":\"Learn Hebrew online or in Tel Aviv\",\"publisher\":{\"@id\":\"https:\\\/\\\/integraliah.com\\\/fr\\\/#organization\"},\"potentialAction\":[{\"@type\":\"SearchAction\",\"target\":{\"@type\":\"EntryPoint\",\"urlTemplate\":\"https:\\\/\\\/integraliah.com\\\/fr\\\/?s={search_term_string}\"},\"query-input\":{\"@type\":\"PropertyValueSpecification\",\"valueRequired\":true,\"valueName\":\"search_term_string\"}}],\"inLanguage\":\"fr-FR\"},{\"@type\":\"Organization\",\"@id\":\"https:\\\/\\\/integraliah.com\\\/fr\\\/#organization\",\"name\":\"Ulpan integraliah - Learn Hebrew in Tel Aviv and online\",\"url\":\"https:\\\/\\\/integraliah.com\\\/fr\\\/\",\"logo\":{\"@type\":\"ImageObject\",\"inLanguage\":\"fr-FR\",\"@id\":\"https:\\\/\\\/integraliah.com\\\/fr\\\/#\\\/schema\\\/logo\\\/image\\\/\",\"url\":\"https:\\\/\\\/integraliah.com\\\/wp-content\\\/uploads\\\/2019\\\/04\\\/integraliah-05.png\",\"contentUrl\":\"https:\\\/\\\/integraliah.com\\\/wp-content\\\/uploads\\\/2019\\\/04\\\/integraliah-05.png\",\"width\":2033,\"height\":571,\"caption\":\"Ulpan integraliah - Learn Hebrew in Tel Aviv and online\"},\"image\":{\"@id\":\"https:\\\/\\\/integraliah.com\\\/fr\\\/#\\\/schema\\\/logo\\\/image\\\/\"},\"sameAs\":[\"https:\\\/\\\/www.facebook.com\\\/integraliah\",\"https:\\\/\\\/www.instagram.com\\\/integraliah\\\/\",\"https:\\\/\\\/www.youtube.com\\\/channel\\\/UCPw8n7thwyfTvGk3ftN0Xgw\"]}]}<\/script>\n<!-- \/ Yoast SEO plugin. -->","yoast_head_json":{"title":"Pack de manuels d'h\u00e9breu : Niveaux d\u00e9butant, interm\u00e9diaire et avanc\u00e9 - Integraliah","robots":{"index":"noindex","follow":"follow"},"og_locale":"fr_FR","og_type":"article","og_title":"Hebrew Textbook Pack: Beginners, Intermediate, and Advanced Levels - Integraliah","og_description":"Dive into the Hebrew language with this comprehensive 3-book set, designed to guide you from the very basics to advanced fluency. Whether you\u2019re starting from scratch or looking to refine your skills, these textbooks offer clear explanations, engaging exercises, and practical vocabulary to help you master each level. Perfect for self-study or as a classroom [&hellip;]","og_url":"https:\/\/integraliah.com\/fr\/produit\/hebrew-textbook-pack-beginners-intermediate-and-advanced-levels\/","og_site_name":"Ulpan in Tel Aviv &amp; Online","article_publisher":"https:\/\/www.facebook.com\/integraliah","og_image":[{"width":1120,"height":1120,"url":"https:\/\/integraliah.com\/wp-content\/uploads\/Untitled-design-1-2.png","type":"image\/png"}],"twitter_card":"summary_large_image","twitter_misc":{"Dur\u00e9e de lecture estim\u00e9e":"1 minute"},"schema":{"@context":"https:\/\/schema.org","@graph":[{"@type":"WebPage","@id":"https:\/\/integraliah.com\/fr\/produit\/hebrew-textbook-pack-beginners-intermediate-and-advanced-levels\/","url":"https:\/\/integraliah.com\/fr\/produit\/hebrew-textbook-pack-beginners-intermediate-and-advanced-levels\/","name":"Pack de manuels d'h\u00e9breu : Niveaux d\u00e9butant, interm\u00e9diaire et avanc\u00e9 - Integraliah","isPartOf":{"@id":"https:\/\/integraliah.com\/fr\/#website"},"primaryImageOfPage":{"@id":"https:\/\/integraliah.com\/fr\/produit\/hebrew-textbook-pack-beginners-intermediate-and-advanced-levels\/#primaryimage"},"image":{"@id":"https:\/\/integraliah.com\/fr\/produit\/hebrew-textbook-pack-beginners-intermediate-and-advanced-levels\/#primaryimage"},"thumbnailUrl":"https:\/\/integraliah.com\/wp-content\/uploads\/Untitled-design-1-2.png","datePublished":"2024-11-17T13:56:02+00:00","breadcrumb":{"@id":"https:\/\/integraliah.com\/fr\/produit\/hebrew-textbook-pack-beginners-intermediate-and-advanced-levels\/#breadcrumb"},"inLanguage":"fr-FR","potentialAction":[{"@type":"ReadAction","target":["https:\/\/integraliah.com\/fr\/produit\/hebrew-textbook-pack-beginners-intermediate-and-advanced-levels\/"]}]},{"@type":"ImageObject","inLanguage":"fr-FR","@id":"https:\/\/integraliah.com\/fr\/produit\/hebrew-textbook-pack-beginners-intermediate-and-advanced-levels\/#primaryimage","url":"https:\/\/integraliah.com\/wp-content\/uploads\/Untitled-design-1-2.png","contentUrl":"https:\/\/integraliah.com\/wp-content\/uploads\/Untitled-design-1-2.png","width":1120,"height":1120},{"@type":"BreadcrumbList","@id":"https:\/\/integraliah.com\/fr\/produit\/hebrew-textbook-pack-beginners-intermediate-and-advanced-levels\/#breadcrumb","itemListElement":[{"@type":"ListItem","position":1,"name":"Ulpan","item":"https:\/\/integraliah.com\/"},{"@type":"ListItem","position":2,"name":"Products","item":"https:\/\/integraliah.com\/shop\/"},{"@type":"ListItem","position":3,"name":"Hebrew Textbook Pack: Beginners, Intermediate, and Advanced Levels"}]},{"@type":"WebSite","@id":"https:\/\/integraliah.com\/fr\/#website","url":"https:\/\/integraliah.com\/fr\/","name":"Ulpan Integraliah : apprendre l'h\u00e9breu \u00e0 Tel Aviv et en ligne","description":"Apprendre l'h\u00e9breu en ligne ou \u00e0 Tel Aviv","publisher":{"@id":"https:\/\/integraliah.com\/fr\/#organization"},"potentialAction":[{"@type":"SearchAction","target":{"@type":"EntryPoint","urlTemplate":"https:\/\/integraliah.com\/fr\/?s={search_term_string}"},"query-input":{"@type":"PropertyValueSpecification","valueRequired":true,"valueName":"search_term_string"}}],"inLanguage":"fr-FR"},{"@type":"Organization","@id":"https:\/\/integraliah.com\/fr\/#organization","name":"Ulpan integraliah - Apprendre l'h\u00e9breu \u00e0 Tel Aviv et en ligne","url":"https:\/\/integraliah.com\/fr\/","logo":{"@type":"ImageObject","inLanguage":"fr-FR","@id":"https:\/\/integraliah.com\/fr\/#\/schema\/logo\/image\/","url":"https:\/\/integraliah.com\/wp-content\/uploads\/2019\/04\/integraliah-05.png","contentUrl":"https:\/\/integraliah.com\/wp-content\/uploads\/2019\/04\/integraliah-05.png","width":2033,"height":571,"caption":"Ulpan integraliah - Learn Hebrew in Tel Aviv and online"},"image":{"@id":"https:\/\/integraliah.com\/fr\/#\/schema\/logo\/image\/"},"sameAs":["https:\/\/www.facebook.com\/integraliah","https:\/\/www.instagram.com\/integraliah\/","https:\/\/www.youtube.com\/channel\/UCPw8n7thwyfTvGk3ftN0Xgw"]}]}},"_links":{"self":[{"href":"https:\/\/integraliah.com\/fr\/wp-json\/wp\/v2\/product\/51698","targetHints":{"allow":["GET"]}}],"collection":[{"href":"https:\/\/integraliah.com\/fr\/wp-json\/wp\/v2\/product"}],"about":[{"href":"https:\/\/integraliah.com\/fr\/wp-json\/wp\/v2\/types\/product"}],"replies":[{"embeddable":true,"href":"https:\/\/integraliah.com\/fr\/wp-json\/wp\/v2\/comments?post=51698"}],"wp:featuredmedia":[{"embeddable":true,"href":"https:\/\/integraliah.com\/fr\/wp-json\/wp\/v2\/media\/51701"}],"wp:attachment":[{"href":"https:\/\/integraliah.com\/fr\/wp-json\/wp\/v2\/media?parent=51698"}],"wp:term":[{"taxonomy":"product_brand","embeddable":true,"href":"https:\/\/integraliah.com\/fr\/wp-json\/wp\/v2\/product_brand?post=51698"},{"taxonomy":"product_cat","embeddable":true,"href":"https:\/\/integraliah.com\/fr\/wp-json\/wp\/v2\/product_cat?post=51698"},{"taxonomy":"product_tag","embeddable":true,"href":"https:\/\/integraliah.com\/fr\/wp-json\/wp\/v2\/product_tag?post=51698"}],"curies":[{"name":"wp","href":"https:\/\/api.w.org\/{rel}","templated":true}]}}